{"id":18958,"date":"2021-05-27T13:47:07","date_gmt":"2021-05-27T13:47:07","guid":{"rendered":"https:\/\/petitetjolie.nl\/product\/voordeelpakket-handzeep\/"},"modified":"2025-11-11T14:15:27","modified_gmt":"2025-11-11T14:15:27","slug":"voordeelpakket-handzeep","status":"publish","type":"product","link":"https:\/\/petitetjolie.nl\/de\/produkt\/voordeelpakket-handzeep\/","title":{"rendered":"Petit&#038;Jolie Vorteilsset Handseife"},"content":{"rendered":"","protected":false},"excerpt":{"rendered":"<h2>F\u00fcr saubere und weiche H\u00e4nde<\/h2>\n<ul>\n<li data-start=\"2049\" data-end=\"2092\">Reinigt die H\u00e4nde, ohne sie auszutrocknen<\/li>\n<li data-start=\"2049\" data-end=\"2092\">pH-neutral<\/li>\n<li data-start=\"2049\" data-end=\"2092\">100 % nat\u00fcrlich und frei von Mikroplastik<\/li>\n<li data-start=\"2049\" data-end=\"2092\">Flasche aus 50 % recyceltem Plastik<\/li>\n<\/ul>\n<p data-start=\"2195\" data-end=\"2373\">Von <strong data-start=\"2199\" data-end=\"2224\">Petit&amp;Jolie Handseife<\/strong> kann man nie genug haben! Das Vorteilsset enth\u00e4lt <strong data-start=\"2277\" data-end=\"2313\">drei Flaschen Handseife \u00e0 250 ml<\/strong> f\u00fcr nur <strong data-start=\"2322\" data-end=\"2330\">20 \u20ac<\/strong> statt <strong data-start=\"2337\" data-end=\"2348\">21,72 \u20ac<\/strong> (zzgl. Versandkosten).<\/p>\n<h3 data-start=\"2380\" data-end=\"2446\">Wusstest du, dass Handseife trockene H\u00e4nde beg\u00fcnstigen kann?<\/h3>\n<p data-start=\"2447\" data-end=\"2769\">Viele greifen bei trockenen H\u00e4nden zu einer Handcreme.<br data-start=\"2501\" data-end=\"2504\" \/>Doch oft ist die Handseife selbst eine der Ursachen! Seife entfettet die Haut \u2013 und je aggressiver sie ist, desto st\u00e4rker trocknet sie aus. Deshalb ist es wichtig, dass die entfettenden und pflegenden Inhaltsstoffe in einem guten Verh\u00e4ltnis zueinander stehen.<\/p>\n<p data-start=\"2771\" data-end=\"3075\"><strong data-start=\"2771\" data-end=\"2797\">Petit&amp;Jolie\u00ae Handseife<\/strong> reinigt und sch\u00fctzt die Haut, auch bei h\u00e4ufiger Anwendung. Die spezielle Zusammensetzung h\u00e4lt die Haut weich, sch\u00fctzt den nat\u00fcrlichen pH-Wert und verhindert Austrocknung.<br data-start=\"2970\" data-end=\"2973\" \/>Ein echter Tipp, wenn du dir regelm\u00e4\u00dfig die H\u00e4nde w\u00e4schst oder schnell unter trockener Haut leidest.<\/p>\n<p data-start=\"3082\" data-end=\"3227\"><strong data-start=\"3082\" data-end=\"3096\">Anwendung:<\/strong><br data-start=\"3096\" data-end=\"3099\" \/>Befeuchte deine H\u00e4nde mit Wasser, gib etwas Handseife darauf und wasche sie gr\u00fcndlich. Anschlie\u00dfend gut mit Wasser absp\u00fclen.<\/p>\n<p data-start=\"3234\" data-end=\"3258\"><strong data-start=\"3234\" data-end=\"3256\">Die Handseife ist:<\/strong><\/p>\n<ul>\n<li data-start=\"3261\" data-end=\"3311\">hergestellt aus 100 % nat\u00fcrlichen Inhaltsstoffen<\/li>\n<li data-start=\"3261\" data-end=\"3311\">frei von seifenbasierten Tensiden<\/li>\n<li data-start=\"3261\" data-end=\"3311\">BDIH Cosmos Naturkosmetik-zertifiziert<\/li>\n<li data-start=\"3261\" data-end=\"3311\">vegan und mikroplastikfrei<\/li>\n<li data-start=\"3424\" data-end=\"3449\">\n<p data-start=\"3426\" data-end=\"3449\">hergestellt in der EU<\/p>\n<\/li>\n<\/ul>\n<p data-start=\"3451\" data-end=\"3471\"><strong data-start=\"3451\" data-end=\"3462\">Inhalt:<\/strong> 250 ml<\/p>\n<p data-start=\"3473\" data-end=\"3720\"><strong data-start=\"3473\" data-end=\"3498\">Inhaltsstoffe (INCI):<\/strong><br data-start=\"3498\" data-end=\"3501\" \/>Aqua, Sodium Coco-Sulfate, Coco-Glucoside, Glycerin, Sodium Chloride, Lactic Acid, Sunflower Seed Oil Polyglyceryl-6 Esters, Glyceryl Oleate, Sodium Anisate, Sodium Levulinate, Parfum*<br data-start=\"3685\" data-end=\"3688\" \/>* = nat\u00fcrliche \u00e4therische \u00d6le<\/p>\n","protected":false},"featured_media":17816,"comment_status":"open","ping_status":"closed","template":"","meta":{"_joinchat":[]},"product_brand":[],"product_cat":[352,353,366],"product_tag":[],"class_list":{"0":"post-18958","1":"product","2":"type-product","3":"status-publish","4":"has-post-thumbnail","6":"product_cat-bad-douche-voor-babys-kids-de","7":"product_cat-petitjolie-de","8":"product_cat-verzorgingsproducten-tijdens-de-zwangerschap-de","9":"description-off","11":"first","12":"instock","13":"sale","14":"taxable","15":"shipping-taxable","16":"purchasable","17":"product-type-simple"},"_links":{"self":[{"href":"https:\/\/petitetjolie.nl\/de\/wp-json\/wp\/v2\/product\/18958","targetHints":{"allow":["GET"]}}],"collection":[{"href":"https:\/\/petitetjolie.nl\/de\/wp-json\/wp\/v2\/product"}],"about":[{"href":"https:\/\/petitetjolie.nl\/de\/wp-json\/wp\/v2\/types\/product"}],"replies":[{"embeddable":true,"href":"https:\/\/petitetjolie.nl\/de\/wp-json\/wp\/v2\/comments?post=18958"}],"wp:featuredmedia":[{"embeddable":true,"href":"https:\/\/petitetjolie.nl\/de\/wp-json\/wp\/v2\/media\/17816"}],"wp:attachment":[{"href":"https:\/\/petitetjolie.nl\/de\/wp-json\/wp\/v2\/media?parent=18958"}],"wp:term":[{"taxonomy":"product_brand","embeddable":true,"href":"https:\/\/petitetjolie.nl\/de\/wp-json\/wp\/v2\/product_brand?post=18958"},{"taxonomy":"product_cat","embeddable":true,"href":"https:\/\/petitetjolie.nl\/de\/wp-json\/wp\/v2\/product_cat?post=18958"},{"taxonomy":"product_tag","embeddable":true,"href":"https:\/\/petitetjolie.nl\/de\/wp-json\/wp\/v2\/product_tag?post=18958"}],"curies":[{"name":"wp","href":"https:\/\/api.w.org\/{rel}","templated":true}]}}