{"id":18957,"date":"2021-05-27T13:58:56","date_gmt":"2021-05-27T13:58:56","guid":{"rendered":"https:\/\/petitetjolie.nl\/product\/rescue-pakket\/"},"modified":"2025-11-11T13:58:21","modified_gmt":"2025-11-11T13:58:21","slug":"rescue-pakket","status":"publish","type":"product","link":"https:\/\/petitetjolie.nl\/de\/produkt\/rescue-pakket\/","title":{"rendered":"Petit&#038;Jolie Rescue Paket"},"content":{"rendered":"","protected":false},"excerpt":{"rendered":"<h2>Regeneriert gesch\u00e4digte Haut<\/h2>\n<ul>\n<li data-start=\"2711\" data-end=\"2801\">Das Set besteht aus <strong data-start=\"2731\" data-end=\"2765\">Petit&amp;Jolie Handseife (250 ml)<\/strong> und <strong data-start=\"2770\" data-end=\"2798\">Calendula Balsam (55 ml)<\/strong>.<\/li>\n<li data-start=\"2711\" data-end=\"2801\">Heilt Risse und kleine Wunden an den H\u00e4nden<\/li>\n<li data-start=\"2711\" data-end=\"2801\">Petit&amp;Jolie Handseife beugt dem Austrocknen der Haut vor<\/li>\n<li data-start=\"2711\" data-end=\"2801\">Petit&amp;Jolie Calendula Balsam regeneriert die Haut<\/li>\n<\/ul>\n<p data-start=\"2966\" data-end=\"3188\">Risse und kleine Wunden an den H\u00e4nden entstehen h\u00e4ufig durch h\u00e4ufiges H\u00e4ndewaschen mit (aggressiver) Seife. Das kann sehr schmerzhaft sein. Eine milde Handseife und eine gute Pflege danach k\u00f6nnen hier Abhilfe schaffen.<\/p>\n<h3 data-start=\"3195\" data-end=\"3233\"><strong data-start=\"3199\" data-end=\"3233\">Petit&amp;Jolie Handseife \u2013 250 ml<\/strong><\/h3>\n<p data-start=\"3235\" data-end=\"3433\">Die Handseife reinigt und sch\u00fctzt die Haut sanft, auch bei regelm\u00e4\u00dfiger Anwendung. Die besondere Zusammensetzung h\u00e4lt die Haut weich, sch\u00fctzt den nat\u00fcrlichen pH-Wert und verhindert Austrocknung.<\/p>\n<p data-start=\"3435\" data-end=\"3513\">Die Handseife ist in einer <strong data-start=\"3462\" data-end=\"3501\">Flasche aus 50 % recyceltem Plastik<\/strong> verpackt.<\/p>\n<p data-start=\"3515\" data-end=\"3670\"><strong data-start=\"3515\" data-end=\"3529\">Anwendung:<\/strong><br data-start=\"3529\" data-end=\"3532\" \/>Befeuchte die H\u00e4nde mit Wasser, gib eine kleine Menge Handseife darauf und wasche die H\u00e4nde gr\u00fcndlich. Danach gut mit Wasser absp\u00fclen.<\/p>\n<p data-start=\"3672\" data-end=\"3919\"><strong data-start=\"3672\" data-end=\"3697\">Inhaltsstoffe (INCI):<\/strong><br data-start=\"3697\" data-end=\"3700\" \/>Aqua, Sodium Coco-Sulfate, Coco-Glucoside, Glycerin, Sodium Chloride, Lactic Acid, Sunflower Seed Oil Polyglyceryl-6 Esters, Glyceryl Oleate, Sodium Anisate, Sodium Levulinate, Parfum*<br data-start=\"3884\" data-end=\"3887\" \/>* = nat\u00fcrliche \u00e4therische \u00d6le<\/p>\n<h3 data-start=\"3926\" data-end=\"3970\"><strong data-start=\"3930\" data-end=\"3970\">Petit&amp;Jolie Calendula Balsam \u2013 55 ml<\/strong><\/h3>\n<p data-start=\"3972\" data-end=\"4178\">Der Balsam wurde speziell f\u00fcr gereizte oder trockene Haut entwickelt und ist f\u00fcr Babys, Kinder und Erwachsene geeignet. Der biologisch angebaute <strong data-start=\"4119\" data-end=\"4140\">Calendula-Extrakt<\/strong> wirkt regenerierend und beruhigend.<\/p>\n<p data-start=\"4180\" data-end=\"4257\">Der Balsam enth\u00e4lt <strong data-start=\"4199\" data-end=\"4214\">kein Parfum<\/strong> und ist in einem <strong data-start=\"4232\" data-end=\"4245\">Glasgef\u00e4\u00df<\/strong> verpackt.<\/p>\n<p data-start=\"4259\" data-end=\"4420\"><strong data-start=\"4259\" data-end=\"4273\">Anwendung:<\/strong><br data-start=\"4273\" data-end=\"4276\" \/>Erw\u00e4rme eine kleine Menge Balsam zwischen den Fingerspitzen und massiere ihn sanft in die Haut ein. Bei Bedarf mehrmals t\u00e4glich wiederholen.<\/p>\n<p data-start=\"4422\" data-end=\"4908\"><strong data-start=\"4422\" data-end=\"4447\">Inhaltsstoffe (INCI):<\/strong><br data-start=\"4447\" data-end=\"4450\" \/>Ricinus Communis Seed Oil, Helianthus Annuus Hybrid Oil*, Cocoglycerides, Hydrogenated Vegetable Oil, Decyl Oleate, Cera Alba, Polyglyceryl-2 Dipolyhydroxystearate, Calendula Officinalis Flower Extract*, Daucus Carota Sativa Root Extract*, Rosmarinus Officinalis Leaf Extract*, Simmondsia Chinensis Seed Oil, Capsicum Annuum Extract*, Lithospermum Erythrorhizon Root Extract, Helianthus Annuus Seed Oil, Tocopherol.<br data-start=\"4865\" data-end=\"4868\" \/>* aus kontrolliert biologischem Anbau<\/p>\n<h3 data-start=\"4915\" data-end=\"4946\"><strong data-start=\"4919\" data-end=\"4944\">Das Rescue Paket ist:<\/strong><\/h3>\n<ul>\n<li data-start=\"4949\" data-end=\"4999\">hergestellt aus 100 % nat\u00fcrlichen Inhaltsstoffen<\/li>\n<li data-start=\"4949\" data-end=\"4999\">BDIH Cosmos zertifiziert<\/li>\n<li data-start=\"4949\" data-end=\"4999\">frei von Mikroplastik<\/li>\n<li data-start=\"4949\" data-end=\"4999\">hergestellt in der EU<\/li>\n<li style=\"list-style-type: none;\"><\/li>\n<\/ul>\n","protected":false},"featured_media":18019,"comment_status":"open","ping_status":"closed","template":"","meta":{"_joinchat":[]},"product_brand":[],"product_cat":[362,353,366],"product_tag":[],"class_list":{"0":"post-18957","1":"product","2":"type-product","3":"status-publish","4":"has-post-thumbnail","6":"product_cat-huidverzorging-voor-babys-kids-de","7":"product_cat-petitjolie-de","8":"product_cat-verzorgingsproducten-tijdens-de-zwangerschap-de","9":"description-off","11":"first","12":"instock","13":"taxable","14":"shipping-taxable","15":"purchasable","16":"product-type-simple"},"_links":{"self":[{"href":"https:\/\/petitetjolie.nl\/de\/wp-json\/wp\/v2\/product\/18957","targetHints":{"allow":["GET"]}}],"collection":[{"href":"https:\/\/petitetjolie.nl\/de\/wp-json\/wp\/v2\/product"}],"about":[{"href":"https:\/\/petitetjolie.nl\/de\/wp-json\/wp\/v2\/types\/product"}],"replies":[{"embeddable":true,"href":"https:\/\/petitetjolie.nl\/de\/wp-json\/wp\/v2\/comments?post=18957"}],"wp:featuredmedia":[{"embeddable":true,"href":"https:\/\/petitetjolie.nl\/de\/wp-json\/wp\/v2\/media\/18019"}],"wp:attachment":[{"href":"https:\/\/petitetjolie.nl\/de\/wp-json\/wp\/v2\/media?parent=18957"}],"wp:term":[{"taxonomy":"product_brand","embeddable":true,"href":"https:\/\/petitetjolie.nl\/de\/wp-json\/wp\/v2\/product_brand?post=18957"},{"taxonomy":"product_cat","embeddable":true,"href":"https:\/\/petitetjolie.nl\/de\/wp-json\/wp\/v2\/product_cat?post=18957"},{"taxonomy":"product_tag","embeddable":true,"href":"https:\/\/petitetjolie.nl\/de\/wp-json\/wp\/v2\/product_tag?post=18957"}],"curies":[{"name":"wp","href":"https:\/\/api.w.org\/{rel}","templated":true}]}}