{"id":18954,"date":"2023-08-18T13:23:12","date_gmt":"2023-08-18T13:23:12","guid":{"rendered":"https:\/\/petitetjolie.nl\/product\/plastic-vrije-verzorging-set\/"},"modified":"2025-11-11T13:22:06","modified_gmt":"2025-11-11T13:22:06","slug":"plastic-vrije-verzorging-set","status":"publish","type":"product","link":"https:\/\/petitetjolie.nl\/de\/produkt\/plastic-vrije-verzorging-set\/","title":{"rendered":"Petit&#038;Jolie Plastikfreie Pflegeset"},"content":{"rendered":"","protected":false},"excerpt":{"rendered":"<h2>Sanfte Reinigung f\u00fcr Haut und Haar<\/h2>\n<ul>\n<li data-start=\"833\" data-end=\"1053\">Effektive Reinigung der Haut<\/li>\n<li data-start=\"833\" data-end=\"1053\">Die perfekte Kombination aus einer Seife und einem nat\u00fcrlichen Schwamm<\/li>\n<li data-start=\"833\" data-end=\"1053\">Verpackt in Karton<\/li>\n<li data-start=\"833\" data-end=\"1053\">100 % nat\u00fcrlich<\/li>\n<\/ul>\n<p><strong data-start=\"1055\" data-end=\"1079\">Das Set besteht aus:<\/strong><\/p>\n<ul>\n<li data-start=\"1084\" data-end=\"1123\">Petit&amp;Jolie Shampoo &amp; Body Bar (65 g)<\/li>\n<li data-start=\"1124\" data-end=\"1160\">\n<p data-start=\"1126\" data-end=\"1160\">Petit&amp;Jolie Konjac Schwamm (4 g)<\/p>\n<\/li>\n<\/ul>\n<p data-start=\"1162\" data-end=\"1311\">Die Produkte erg\u00e4nzen sich perfekt f\u00fcr eine sanfte Reinigung von Haut und Haar. Beide sind besonders geeignet f\u00fcr empfindliche und trockene Haut.<\/p>\n<p data-start=\"1313\" data-end=\"1331\"><strong data-start=\"1313\" data-end=\"1329\">Das Set ist:<\/strong><\/p>\n<ul>\n<li data-start=\"1334\" data-end=\"1384\">hergestellt aus 100 % nat\u00fcrlichen Inhaltsstoffen<\/li>\n<li data-start=\"1334\" data-end=\"1384\">plastikfrei verpackt<\/li>\n<li data-start=\"1334\" data-end=\"1384\">vegan und frei von Mikroplastik<\/li>\n<li style=\"list-style-type: none;\"><\/li>\n<\/ul>\n","protected":false},"featured_media":17637,"comment_status":"closed","ping_status":"closed","template":"","meta":{"_joinchat":[]},"product_brand":[],"product_cat":[352,353],"product_tag":[],"class_list":{"0":"post-18954","1":"product","2":"type-product","3":"status-publish","4":"has-post-thumbnail","6":"product_cat-bad-douche-voor-babys-kids-de","7":"product_cat-petitjolie-de","8":"description-off","10":"first","11":"instock","12":"taxable","13":"shipping-taxable","14":"purchasable","15":"product-type-simple"},"_links":{"self":[{"href":"https:\/\/petitetjolie.nl\/de\/wp-json\/wp\/v2\/product\/18954","targetHints":{"allow":["GET"]}}],"collection":[{"href":"https:\/\/petitetjolie.nl\/de\/wp-json\/wp\/v2\/product"}],"about":[{"href":"https:\/\/petitetjolie.nl\/de\/wp-json\/wp\/v2\/types\/product"}],"replies":[{"embeddable":true,"href":"https:\/\/petitetjolie.nl\/de\/wp-json\/wp\/v2\/comments?post=18954"}],"wp:featuredmedia":[{"embeddable":true,"href":"https:\/\/petitetjolie.nl\/de\/wp-json\/wp\/v2\/media\/17637"}],"wp:attachment":[{"href":"https:\/\/petitetjolie.nl\/de\/wp-json\/wp\/v2\/media?parent=18954"}],"wp:term":[{"taxonomy":"product_brand","embeddable":true,"href":"https:\/\/petitetjolie.nl\/de\/wp-json\/wp\/v2\/product_brand?post=18954"},{"taxonomy":"product_cat","embeddable":true,"href":"https:\/\/petitetjolie.nl\/de\/wp-json\/wp\/v2\/product_cat?post=18954"},{"taxonomy":"product_tag","embeddable":true,"href":"https:\/\/petitetjolie.nl\/de\/wp-json\/wp\/v2\/product_tag?post=18954"}],"curies":[{"name":"wp","href":"https:\/\/api.w.org\/{rel}","templated":true}]}}