{"id":18897,"date":"2017-09-29T12:59:06","date_gmt":"2017-09-29T12:59:06","guid":{"rendered":"https:\/\/petitetjolie.nl\/product\/baby-bodylotion\/"},"modified":"2025-10-16T09:07:44","modified_gmt":"2025-10-16T09:07:44","slug":"baby-bodylotion","status":"publish","type":"product","link":"https:\/\/petitetjolie.nl\/de\/produkt\/baby-bodylotion\/","title":{"rendered":"Petit&#038;Jolie bodylotion"},"content":{"rendered":"","protected":false},"excerpt":{"rendered":"<div class=\"site-container off-canvas-wrap\" data-offcanvas=\"\">\n<div class=\"inner-wrap\">\n<div class=\"bg-container custom-css-container\">\n<div id=\"content\" class=\"columncount-1\">\n<div class=\"row\">\n<div id=\"centercolumn\" class=\"columns large-14 medium-14 small-14\">\n<div class=\"article product-page classic\">\n<div class=\"row row description\" data-tab-content=\"description\">\n<div class=\"rte_content fullwidth\">\n<h2 data-start=\"1345\" data-end=\"1381\">Speziell f\u00fcr trockene Babyhaut<\/h2>\n<ul>\n<li data-start=\"1384\" data-end=\"1416\">Pflegt und n\u00e4hrt trockene Haut<\/li>\n<li data-start=\"1384\" data-end=\"1416\">Mit Aprikosen\u00f6l, das die Elastizit\u00e4t f\u00f6rdert<\/li>\n<li data-start=\"1384\" data-end=\"1416\">Frei von Mikroplastik<\/li>\n<li data-start=\"1492\" data-end=\"1523\">\n<p data-start=\"1494\" data-end=\"1523\">L\u00e4sst sich leicht auftragen<\/p>\n<\/li>\n<\/ul>\n<h3 data-start=\"1525\" data-end=\"1558\">Wie entsteht trockene Haut?<\/h3>\n<p data-start=\"1559\" data-end=\"1842\">Trockene Haut kann sehr unangenehm sein \u2013 sie kann jucken oder ein spannendes Gef\u00fchl hinterlassen. Meist entsteht sie, wenn das nat\u00fcrliche Feuchtigkeitsgleichgewicht der Haut gest\u00f6rt ist. Ursachen k\u00f6nnen unter anderem zu wenig Fl\u00fcssigkeitsaufnahme oder Temperaturschwankungen sein.<\/p>\n<p data-start=\"1844\" data-end=\"1977\">Um trockene Haut zu pflegen, ist es wichtig, die Ursache zu erkennen \u2013 und nat\u00fcrlich eine sanfte, n\u00e4hrende Bodylotion zu verwenden.<\/p>\n<p data-start=\"1979\" data-end=\"2300\">Petit&amp;Jolie\u00ae Bodylotion ist eine pflegende und feuchtigkeitsspendende Lotion, die speziell f\u00fcr trockene und empfindliche Haut entwickelt wurde. Das Aprikosen\u00f6l verbessert die Elastizit\u00e4t der Haut und sorgt f\u00fcr ein langanhaltend geschmeidiges Hautgef\u00fchl. Die Lotion l\u00e4sst sich leicht verteilen und zieht schnell ein.<\/p>\n<p data-start=\"2302\" data-end=\"2404\"><strong data-start=\"2302\" data-end=\"2316\">Anwendung:<\/strong><br data-start=\"2316\" data-end=\"2319\" \/>Sanft in die trockene Haut einmassieren, bis die Lotion vollst\u00e4ndig eingezogen ist.<\/p>\n<p data-start=\"2406\" data-end=\"2427\"><strong data-start=\"2406\" data-end=\"2425\">Die Bodylotion:<\/strong><\/p>\n<ul>\n<li data-start=\"2430\" data-end=\"2480\">Hergestellt aus 100 % nat\u00fcrlichen Inhaltsstoffen<\/li>\n<li data-start=\"2430\" data-end=\"2480\">Vegan &amp; mikroplastikfrei<\/li>\n<li data-start=\"2430\" data-end=\"2480\">BDIH Cosmos-zertifiziert<\/li>\n<li data-start=\"2539\" data-end=\"2563\">\n<p data-start=\"2541\" data-end=\"2563\">Produziert in der EU<\/p>\n<\/li>\n<\/ul>\n<p data-start=\"2565\" data-end=\"2585\"><strong data-start=\"2565\" data-end=\"2576\">Inhalt:<\/strong> 150 ml<\/p>\n<p data-start=\"2587\" data-end=\"2614\"><strong data-start=\"2587\" data-end=\"2612\">INCI (Inhaltsstoffe):<\/strong><\/p>\n<p>Aqua (Water), Helianthus Annuus (sunflower) Hybrid Oil*, Decyl Oleate, Glycerin, Prunus Armeniaca (apricot) Kernel Oil, Pentylene Glycol, Cetearyl Alcohol, Glyceryl Stearate Citrate, Glyceryl Caprylate, Hippophae Rhamnoides (sea buckthorn) Fruit Extract*, Chamomilla Recutita (camomile) Flower\u00a0 Extrakt*, Schizandra Sphenanthera (schisandra) Fruit Extract, Rosmarinus Officinalis (rosemary) \u00a0Leaf Extract*, Salvia Officinalis (sage) Leaf Extract, Helianthus Annuus (sunflower) Seed Oil, Tocopherol, Sodium Phytate, Oryzanol, Xanthan Gum, Parfum**<\/p>\n<p>*van biologische landbouw afkomstig<br \/>\n**van natuurlijk essenti\u00eble oli\u00ebn afkomstig<\/p>\n<\/div>\n<\/div>\n<\/div>\n<\/div>\n<\/div>\n<\/div>\n<\/div>\n<\/div>\n<\/div>\n","protected":false},"featured_media":18898,"comment_status":"open","ping_status":"closed","template":"","meta":{"_joinchat":[]},"product_brand":[],"product_cat":[362,353],"product_tag":[398,358,356],"class_list":{"0":"post-18897","1":"product","2":"type-product","3":"status-publish","4":"has-post-thumbnail","6":"product_cat-huidverzorging-voor-babys-kids-de","7":"product_cat-petitjolie-de","8":"product_tag-soepele-huid-de","9":"product_tag-droge-huid-de","10":"product_tag-verzorging-de","11":"description-off","13":"first","14":"instock","15":"taxable","16":"shipping-taxable","17":"purchasable","18":"product-type-simple"},"_links":{"self":[{"href":"https:\/\/petitetjolie.nl\/de\/wp-json\/wp\/v2\/product\/18897","targetHints":{"allow":["GET"]}}],"collection":[{"href":"https:\/\/petitetjolie.nl\/de\/wp-json\/wp\/v2\/product"}],"about":[{"href":"https:\/\/petitetjolie.nl\/de\/wp-json\/wp\/v2\/types\/product"}],"replies":[{"embeddable":true,"href":"https:\/\/petitetjolie.nl\/de\/wp-json\/wp\/v2\/comments?post=18897"}],"wp:featuredmedia":[{"embeddable":true,"href":"https:\/\/petitetjolie.nl\/de\/wp-json\/wp\/v2\/media\/18898"}],"wp:attachment":[{"href":"https:\/\/petitetjolie.nl\/de\/wp-json\/wp\/v2\/media?parent=18897"}],"wp:term":[{"taxonomy":"product_brand","embeddable":true,"href":"https:\/\/petitetjolie.nl\/de\/wp-json\/wp\/v2\/product_brand?post=18897"},{"taxonomy":"product_cat","embeddable":true,"href":"https:\/\/petitetjolie.nl\/de\/wp-json\/wp\/v2\/product_cat?post=18897"},{"taxonomy":"product_tag","embeddable":true,"href":"https:\/\/petitetjolie.nl\/de\/wp-json\/wp\/v2\/product_tag?post=18897"}],"curies":[{"name":"wp","href":"https:\/\/api.w.org\/{rel}","templated":true}]}}