{"id":18869,"date":"2017-09-29T12:55:50","date_gmt":"2017-09-29T12:55:50","guid":{"rendered":"https:\/\/petitetjolie.nl\/product\/baby-massage-olie\/"},"modified":"2025-10-23T14:43:41","modified_gmt":"2025-10-23T14:43:41","slug":"baby-massage-ol","status":"publish","type":"product","link":"https:\/\/petitetjolie.nl\/de\/produkt\/baby-massage-ol\/","title":{"rendered":"Petit&#038;Jolie Massage \u00d6l"},"content":{"rendered":"","protected":false},"excerpt":{"rendered":"<div class=\"site-container off-canvas-wrap\" data-offcanvas=\"\">\n<div class=\"inner-wrap\">\n<div class=\"bg-container custom-css-container\">\n<div id=\"content\" class=\"columncount-1\">\n<div class=\"row\">\n<div id=\"centercolumn\" class=\"columns large-14 medium-14 small-14\">\n<div class=\"article product-page classic\">\n<div class=\"row row description\" data-tab-content=\"description\">\n<div class=\"rte_content fullwidth\">\n<h2 data-start=\"1899\" data-end=\"1938\">Nat\u00fcrliches und pflegendes Baby\u00f6l<\/h2>\n<ul>\n<li data-start=\"1899\" data-end=\"1938\">Geeignet f\u00fcr Babymassagen<\/li>\n<li data-start=\"1899\" data-end=\"1938\">Macht die Haut weich<\/li>\n<li data-start=\"1899\" data-end=\"1938\">Perfekt f\u00fcr entspannte Momente<\/li>\n<li data-start=\"2029\" data-end=\"2048\">\n<p data-start=\"2031\" data-end=\"2048\">100 % nat\u00fcrlich<\/p>\n<\/li>\n<\/ul>\n<h3 data-start=\"2050\" data-end=\"2093\">Die vielen Vorteile einer Babymassage<\/h3>\n<p data-start=\"2095\" data-end=\"2452\">Immer mehr Eltern massieren ihr Baby \u2013 und das ist gut nachvollziehbar. Eine Massage hat viele Vorteile: Sie unterst\u00fctzt den \u00dcbergang zwischen Wachsein und Schlaf, st\u00e4rkt die Bindung zwischen Eltern und Kind und f\u00f6rdert das allgemeine Wohlbefinden.<br data-start=\"2343\" data-end=\"2346\" \/>Weitere positive Effekte haben wir in unserem Blog <em data-start=\"2397\" data-end=\"2425\">\u201eVorteile der Babymassage\u201c<\/em> f\u00fcr Sie zusammengefasst.<\/p>\n<p data-start=\"2454\" data-end=\"2656\">Das Wichtigste f\u00fcr eine angenehme und entspannte Massage ist, <strong data-start=\"2516\" data-end=\"2539\">sich Zeit zu nehmen<\/strong>. Achten Sie darauf, dass Sie selbst ruhig und entspannt sind \u2013 so k\u00f6nnen Sie beide die Massage am besten genie\u00dfen.<\/p>\n<p data-start=\"2658\" data-end=\"2915\">F\u00fcr eine gute Massage ist es au\u00dferdem wichtig, ein <strong data-start=\"2709\" data-end=\"2735\">hochwertiges Massage\u00f6l<\/strong> zu verwenden \u2013 eines, das nicht zu schnell einzieht, aber auch nicht auf der Haut liegen bleibt. So k\u00f6nnen Ihre H\u00e4nde sanft \u00fcber die Haut gleiten, ohne den Kontakt zu verlieren.<\/p>\n<h3 data-start=\"2917\" data-end=\"2932\">Anwendung<\/h3>\n<p data-start=\"2933\" data-end=\"3220\">Sorgen Sie daf\u00fcr, dass der Raum angenehm warm ist. Legen Sie ein gro\u00dfes, weiches Handtuch auf das Bett und halten Sie ein Ersatzhandtuch bereit. Reiben Sie eine kleine Menge \u00d6l zwischen den H\u00e4nden, um es zu erw\u00e4rmen, und massieren Sie es anschlie\u00dfend sanft in die Haut Ihres Babys ein.<\/p>\n<p data-start=\"3222\" data-end=\"3306\">Eine Anleitung zur Babymassage finden Sie in unserem <em data-start=\"3275\" data-end=\"3303\">Leitfaden f\u00fcr Babymassagen<\/em>.<\/p>\n<h3 data-start=\"3308\" data-end=\"3324\">Das Baby\u00f6l<\/h3>\n<ul>\n<li data-start=\"3327\" data-end=\"3381\">Hergestellt aus <strong data-start=\"3343\" data-end=\"3379\">100 % nat\u00fcrlichen Inhaltsstoffen<\/strong><\/li>\n<li data-start=\"3327\" data-end=\"3381\"><strong data-start=\"3384\" data-end=\"3393\">Vegan<\/strong> und <strong data-start=\"3398\" data-end=\"3418\">mikroplastikfrei<\/strong><\/li>\n<li data-start=\"3327\" data-end=\"3381\">Enth\u00e4lt <strong data-start=\"3431\" data-end=\"3443\">Mandel\u00f6l<\/strong> \u2013 bei Nussallergien nicht empfohlen<\/li>\n<li data-start=\"3327\" data-end=\"3381\"><strong data-start=\"3484\" data-end=\"3512\">BDIH Cosmos-zertifiziert<\/strong><\/li>\n<li data-start=\"3515\" data-end=\"3544\">\n<p data-start=\"3517\" data-end=\"3544\"><strong data-start=\"3517\" data-end=\"3542\">Hergestellt in der EU<\/strong><\/p>\n<\/li>\n<\/ul>\n<p data-start=\"3546\" data-end=\"3566\"><strong data-start=\"3546\" data-end=\"3557\">Inhalt:<\/strong> 100 ml<\/p>\n<p data-start=\"3568\" data-end=\"3595\"><strong data-start=\"3568\" data-end=\"3593\">Inhaltsstoffe (INCI):<\/strong><\/p>\n<\/div>\n<p>Helianthus Annuus Hybrid Oil* <em>(sunflower),<\/em> Simmondsia Chinensis Seed Oil* <em>(jojoba),<\/em> Prunus Amygdalus Dulcis Oil* <em>(almond),<\/em> Schizandra Sphenanthera Fruit Extract, Tocopherol <em>(vitamin E),<\/em> Helianthus Annuus Seed Oil <em>(sunflower),<\/em> Vanilla Planifolia Fruit Extract* <em>(vanilla)<\/em>, Parfum**<\/p>\n<div class=\"rte_content fullwidth\">\n<p>* from organic source\u00a0\u00a0 ** from natural essential oils<\/p>\n<\/div>\n<\/div>\n<\/div>\n<\/div>\n<\/div>\n<\/div>\n<\/div>\n<\/div>\n<\/div>\n","protected":false},"featured_media":18872,"comment_status":"open","ping_status":"closed","template":"","meta":{"_joinchat":[]},"product_brand":[],"product_cat":[362,353],"product_tag":[391,392,393],"class_list":{"0":"post-18869","1":"product","2":"type-product","3":"status-publish","4":"has-post-thumbnail","6":"product_cat-huidverzorging-voor-babys-kids-de","7":"product_cat-petitjolie-de","8":"product_tag-massage-de","9":"product_tag-olie-de","10":"product_tag-ontspannen-de","11":"description-off","13":"first","14":"instock","15":"taxable","16":"shipping-taxable","17":"purchasable","18":"product-type-simple"},"_links":{"self":[{"href":"https:\/\/petitetjolie.nl\/de\/wp-json\/wp\/v2\/product\/18869","targetHints":{"allow":["GET"]}}],"collection":[{"href":"https:\/\/petitetjolie.nl\/de\/wp-json\/wp\/v2\/product"}],"about":[{"href":"https:\/\/petitetjolie.nl\/de\/wp-json\/wp\/v2\/types\/product"}],"replies":[{"embeddable":true,"href":"https:\/\/petitetjolie.nl\/de\/wp-json\/wp\/v2\/comments?post=18869"}],"wp:featuredmedia":[{"embeddable":true,"href":"https:\/\/petitetjolie.nl\/de\/wp-json\/wp\/v2\/media\/18872"}],"wp:attachment":[{"href":"https:\/\/petitetjolie.nl\/de\/wp-json\/wp\/v2\/media?parent=18869"}],"wp:term":[{"taxonomy":"product_brand","embeddable":true,"href":"https:\/\/petitetjolie.nl\/de\/wp-json\/wp\/v2\/product_brand?post=18869"},{"taxonomy":"product_cat","embeddable":true,"href":"https:\/\/petitetjolie.nl\/de\/wp-json\/wp\/v2\/product_cat?post=18869"},{"taxonomy":"product_tag","embeddable":true,"href":"https:\/\/petitetjolie.nl\/de\/wp-json\/wp\/v2\/product_tag?post=18869"}],"curies":[{"name":"wp","href":"https:\/\/api.w.org\/{rel}","templated":true}]}}