{"id":18840,"date":"2017-09-29T13:13:04","date_gmt":"2017-09-29T13:13:04","guid":{"rendered":"https:\/\/petitetjolie.nl\/product\/handzeep\/"},"modified":"2025-10-01T14:33:00","modified_gmt":"2025-10-01T14:33:00","slug":"handseife","status":"publish","type":"product","link":"https:\/\/petitetjolie.nl\/de\/produkt\/handseife\/","title":{"rendered":"Petit&#038;Jolie Handseife"},"content":{"rendered":"","protected":false},"excerpt":{"rendered":"<div class=\"site-container off-canvas-wrap\" data-offcanvas=\"\">\n<div class=\"inner-wrap\">\n<div class=\"bg-container custom-css-container\">\n<div id=\"content\" class=\"columncount-1\">\n<div class=\"row\">\n<div id=\"centercolumn\" class=\"columns large-14 medium-14 small-14\">\n<div class=\"article product-page classic\">\n<div class=\"row row description\" data-tab-content=\"description\">\n<div class=\"rte_content fullwidth\">\n<h2 data-start=\"1339\" data-end=\"1397\"><strong data-start=\"1339\" data-end=\"1395\">F\u00fcr saubere und weiche H\u00e4nde<\/strong><\/h2>\n<ul>\n<li data-start=\"1339\" data-end=\"1397\">Reinigt die H\u00e4nde, ohne sie auszutrocknen<\/li>\n<li data-start=\"1339\" data-end=\"1397\">pH-neutral<\/li>\n<li data-start=\"1339\" data-end=\"1397\">100 % nat\u00fcrlich und frei von Mikroplastik<\/li>\n<li data-start=\"1339\" data-end=\"1397\">Flasche besteht zu 50 % aus recyceltem Plastik<\/li>\n<\/ul>\n<h3 data-start=\"1557\" data-end=\"1623\"><strong data-start=\"1557\" data-end=\"1621\">Wusstest du, dass Handseife trockene H\u00e4nde beg\u00fcnstigen kann?<\/strong><\/h3>\n<p data-start=\"1625\" data-end=\"2024\">Um trockene H\u00e4nde zu pflegen, wird oft nach einer Handcreme gegriffen. Doch eine der Ursachen f\u00fcr trockene H\u00e4nde kann tats\u00e4chlich die Handseife selbst sein. Handseifen entfetten n\u00e4mlich die Haut, und je aggressiver die Seife ist, desto gr\u00f6\u00dfer ist das Risiko trockener H\u00e4nde. Deshalb ist es wichtig, dass die entfettenden Inhaltsstoffe in einem guten Verh\u00e4ltnis zu pflegenden Inhaltsstoffen stehen.<\/p>\n<p data-start=\"2026\" data-end=\"2334\">Petit&amp;Jolie\u00ae Handseife reinigt und sch\u00fctzt die Haut \u2013 auch bei h\u00e4ufiger Anwendung. Die spezielle Rezeptur h\u00e4lt die Haut weich, sch\u00fctzt den nat\u00fcrlichen pH-Wert und verhindert das Austrocknen. Besonders empfehlenswert, wenn du dir regelm\u00e4\u00dfig die H\u00e4nde waschen musst oder schnell unter trockener Haut leidest.<\/p>\n<p data-start=\"2336\" data-end=\"2487\"><strong data-start=\"2336\" data-end=\"2359\">Gebrauchsanweisung:<\/strong><br data-start=\"2359\" data-end=\"2362\" \/>H\u00e4nde mit Wasser anfeuchten, eine kleine Menge Seife auftragen, gr\u00fcndlich waschen und anschlie\u00dfend gut mit Wasser absp\u00fclen.<\/p>\n<p data-start=\"2489\" data-end=\"2513\"><strong data-start=\"2489\" data-end=\"2511\">Die Handseife ist:<\/strong><\/p>\n<ul>\n<li data-start=\"2489\" data-end=\"2513\">Hergestellt aus 100 % nat\u00fcrlichen Inhaltsstoffen<\/li>\n<li data-start=\"2489\" data-end=\"2513\">Frei von seifenhaltigen Bestandteilen<\/li>\n<li data-start=\"2489\" data-end=\"2513\">BDIH Cosmos Naturkosmetik-zertifiziert<\/li>\n<li data-start=\"2489\" data-end=\"2513\">Vegan und frei von Mikroplastik<\/li>\n<li data-start=\"2688\" data-end=\"2712\">\n<p data-start=\"2690\" data-end=\"2712\">Produziert in der EU<\/p>\n<\/li>\n<\/ul>\n<p data-start=\"2714\" data-end=\"2734\"><strong data-start=\"2714\" data-end=\"2725\">Inhalt:<\/strong> 250 ml<\/p>\n<p data-start=\"2736\" data-end=\"2759\"><b>Inhaltstoffe (INCI):<\/b><\/p>\n<p>Aqua, Sodium Coco-Sulfate, Coco-Glucoside, Glycerin, Sodium Chloride, Lactic Acid, Sunflower Seed Oil Polyglyceryl-6 Esters, Glyceryl Oleate, Sodium Anisate, Sodium Levulinate, Parfum*<\/p>\n<p>* = natural essential oils<\/p>\n<\/div>\n<\/div>\n<\/div>\n<\/div>\n<\/div>\n<\/div>\n<\/div>\n<\/div>\n<\/div>\n","protected":false},"featured_media":17819,"comment_status":"open","ping_status":"closed","template":"","meta":{"_joinchat":[]},"product_brand":[],"product_cat":[352,362,353,366],"product_tag":[387,388],"class_list":{"0":"post-18840","1":"product","2":"type-product","3":"status-publish","4":"has-post-thumbnail","6":"product_cat-bad-douche-voor-babys-kids-de","7":"product_cat-huidverzorging-voor-babys-kids-de","8":"product_cat-petitjolie-de","9":"product_cat-verzorgingsproducten-tijdens-de-zwangerschap-de","10":"product_tag-droge-handen-de","11":"product_tag-zeep-de","12":"description-off","14":"first","15":"instock","16":"taxable","17":"shipping-taxable","18":"purchasable","19":"product-type-simple"},"_links":{"self":[{"href":"https:\/\/petitetjolie.nl\/de\/wp-json\/wp\/v2\/product\/18840","targetHints":{"allow":["GET"]}}],"collection":[{"href":"https:\/\/petitetjolie.nl\/de\/wp-json\/wp\/v2\/product"}],"about":[{"href":"https:\/\/petitetjolie.nl\/de\/wp-json\/wp\/v2\/types\/product"}],"replies":[{"embeddable":true,"href":"https:\/\/petitetjolie.nl\/de\/wp-json\/wp\/v2\/comments?post=18840"}],"wp:featuredmedia":[{"embeddable":true,"href":"https:\/\/petitetjolie.nl\/de\/wp-json\/wp\/v2\/media\/17819"}],"wp:attachment":[{"href":"https:\/\/petitetjolie.nl\/de\/wp-json\/wp\/v2\/media?parent=18840"}],"wp:term":[{"taxonomy":"product_brand","embeddable":true,"href":"https:\/\/petitetjolie.nl\/de\/wp-json\/wp\/v2\/product_brand?post=18840"},{"taxonomy":"product_cat","embeddable":true,"href":"https:\/\/petitetjolie.nl\/de\/wp-json\/wp\/v2\/product_cat?post=18840"},{"taxonomy":"product_tag","embeddable":true,"href":"https:\/\/petitetjolie.nl\/de\/wp-json\/wp\/v2\/product_tag?post=18840"}],"curies":[{"name":"wp","href":"https:\/\/api.w.org\/{rel}","templated":true}]}}