{"id":18829,"date":"2019-01-22T13:29:04","date_gmt":"2019-01-22T13:29:04","guid":{"rendered":"https:\/\/petitetjolie.nl\/product\/konjac-sponge\/"},"modified":"2025-09-30T12:05:40","modified_gmt":"2025-09-30T12:05:40","slug":"konjac-sponge","status":"publish","type":"product","link":"https:\/\/petitetjolie.nl\/de\/produkt\/konjac-sponge\/","title":{"rendered":"Petit&#038;Jolie Konjac-Schwamm &#8211; 0% Parfum"},"content":{"rendered":"","protected":false},"excerpt":{"rendered":"<h2 data-start=\"1422\" data-end=\"1629\"><strong data-start=\"1422\" data-end=\"1463\">Extraweicher Naturschwamm \u2013 0% Parfum<\/strong><\/h2>\n<ul>\n<li data-start=\"1422\" data-end=\"1629\">Hergestellt aus den Wurzeln der Konjac-Pflanze<\/li>\n<li data-start=\"1422\" data-end=\"1629\">Wird beim Befeuchten superweich<\/li>\n<li data-start=\"1422\" data-end=\"1629\">Sobald der Schwamm kein Wasser mehr aufnimmt, im Biom\u00fcll entsorgen<\/li>\n<li data-start=\"1422\" data-end=\"1629\">0% Parfum<\/li>\n<\/ul>\n<p data-start=\"1631\" data-end=\"1954\">Der Petit&amp;Jolie Konjac-Schwamm ist ein besonders weicher Schwamm \u2013 in vielen F\u00e4llen weicher als ein Waschlappen. So wird die empfindliche Babyhaut auf sanfte Weise gereinigt. Der Schwamm wird aus der Amorphophallus Konjac-Pflanze hergestellt. Er ist 100 % pflanzlich und enth\u00e4lt keine synthetischen Duft- oder Farbstoffe.<\/p>\n<p data-start=\"1956\" data-end=\"2028\">Dank seiner Form lassen sich die Hautfalten des Babys leicht reinigen.<\/p>\n<p data-start=\"2030\" data-end=\"2319\">Der Schwamm kann in Kombination mit dem Petit&amp;Jolie Hair &amp; Body Shampoo, Bade\u00f6l oder der Shampoo &amp; Body Bar verwendet werden \u2013 aber nat\u00fcrlich auch nur mit Wasser. Wenn dein Kind stark unter Ausschlag oder Ekzemen leidet, empfehlen wir, ausschlie\u00dflich den Schwamm mit Wasser zu verwenden.<\/p>\n<p data-start=\"2321\" data-end=\"2653\"><strong data-start=\"2321\" data-end=\"2343\">Gebrauchsanweisung<\/strong><br data-start=\"2343\" data-end=\"2346\" \/>Den Schwamm gr\u00fcndlich mit warmem Wasser befeuchten. Auswringen und mit kreisenden Bewegungen \u00fcber den K\u00f6rper massieren. Nach Gebrauch den Schwamm mit lauwarmem oder warmem Wasser gut aussp\u00fclen, am B\u00e4ndchen aufh\u00e4ngen und vollst\u00e4ndig trocknen lassen. Bei richtiger Anwendung h\u00e4lt der Schwamm 2 bis 3 Monate.<\/p>\n<p data-start=\"2655\" data-end=\"2704\"><strong>Nach Gebrauch den Schwamm im Biom\u00fcll entsorgen.<\/strong><\/p>\n<p data-start=\"2706\" data-end=\"2853\"><strong data-start=\"2706\" data-end=\"2717\">Inhalt:<\/strong> 4 g \u2013 der Schwamm hat die Gr\u00f6\u00dfe einer Handfl\u00e4che und ist tropfenf\u00f6rmig, wodurch sich die Hautfalten des Babys leicht reinigen lassen.<\/p>\n","protected":false},"featured_media":17663,"comment_status":"open","ping_status":"closed","template":"","meta":{"_joinchat":[]},"product_brand":[],"product_cat":[352,353],"product_tag":[354,384,385,386],"class_list":{"0":"post-18829","1":"product","2":"type-product","3":"status-publish","4":"has-post-thumbnail","6":"product_cat-bad-douche-voor-babys-kids-de","7":"product_cat-petitjolie-de","8":"product_tag-baby-de","9":"product_tag-gevoelige-huid-de","10":"product_tag-reinigen-de","11":"product_tag-spons-de","12":"description-off","14":"first","15":"instock","16":"taxable","17":"shipping-taxable","18":"purchasable","19":"product-type-simple"},"_links":{"self":[{"href":"https:\/\/petitetjolie.nl\/de\/wp-json\/wp\/v2\/product\/18829","targetHints":{"allow":["GET"]}}],"collection":[{"href":"https:\/\/petitetjolie.nl\/de\/wp-json\/wp\/v2\/product"}],"about":[{"href":"https:\/\/petitetjolie.nl\/de\/wp-json\/wp\/v2\/types\/product"}],"replies":[{"embeddable":true,"href":"https:\/\/petitetjolie.nl\/de\/wp-json\/wp\/v2\/comments?post=18829"}],"wp:featuredmedia":[{"embeddable":true,"href":"https:\/\/petitetjolie.nl\/de\/wp-json\/wp\/v2\/media\/17663"}],"wp:attachment":[{"href":"https:\/\/petitetjolie.nl\/de\/wp-json\/wp\/v2\/media?parent=18829"}],"wp:term":[{"taxonomy":"product_brand","embeddable":true,"href":"https:\/\/petitetjolie.nl\/de\/wp-json\/wp\/v2\/product_brand?post=18829"},{"taxonomy":"product_cat","embeddable":true,"href":"https:\/\/petitetjolie.nl\/de\/wp-json\/wp\/v2\/product_cat?post=18829"},{"taxonomy":"product_tag","embeddable":true,"href":"https:\/\/petitetjolie.nl\/de\/wp-json\/wp\/v2\/product_tag?post=18829"}],"curies":[{"name":"wp","href":"https:\/\/api.w.org\/{rel}","templated":true}]}}