{"id":18810,"date":"2017-09-29T05:49:01","date_gmt":"2017-09-29T05:49:01","guid":{"rendered":"https:\/\/petitetjolie.nl\/product\/anti-striae-olie\/"},"modified":"2025-09-26T13:46:58","modified_gmt":"2025-09-26T13:46:58","slug":"schwangerschaftsol","status":"publish","type":"product","link":"https:\/\/petitetjolie.nl\/de\/produkt\/schwangerschaftsol\/","title":{"rendered":"Petit&#038;Jolie Schwangerschafts\u00f6l"},"content":{"rendered":"","protected":false},"excerpt":{"rendered":"<div class=\"row row description\" data-tab-content=\"description\">\n<div class=\"rte_content fullwidth\">\n<h2 data-start=\"1743\" data-end=\"1828\">Schwangerschafts\u00f6l \/ Haut\u00f6l f\u00fcr gespannte Haut<\/h2>\n<ul>\n<li data-start=\"1743\" data-end=\"1828\">F\u00f6rdert die Elastizit\u00e4t der Haut<\/li>\n<li data-start=\"1743\" data-end=\"1828\">Enth\u00e4lt Schisandra-, Weihrauch- und Rosmarinextrakt<\/li>\n<li data-start=\"1743\" data-end=\"1828\">Zieht schnell in die Haut ein<\/li>\n<\/ul>\n<h3 data-start=\"1957\" data-end=\"2081\">Schwanger! Dein Bauch w\u00e4chst \u2013 ein wunderbares Erlebnis, aber vielleicht leidest du auch unter trockener, gespannter Haut?<\/h3>\n<p data-start=\"2083\" data-end=\"2563\">Kommt dir das bekannt vor? Sobald du schwanger bist, ver\u00e4ndert sich dein Hormonhaushalt und dein K\u00f6rper bereitet sich auf die Ankunft deines Babys vor. Das wirkt sich auch auf die Haut aus. Es ist wichtig, die Haut bereits ab dem ersten Trimester geschmeidig zu halten. Je geschmeidiger die Haut, desto geringer das Risiko von Schwangerschaftsstreifen. Um die Haut elastisch zu halten, ist es wichtig, sich gesund zu ern\u00e4hren, ausreichend zu trinken und die Haut gut zu pflegen.<\/p>\n<p data-start=\"2565\" data-end=\"2893\">Das Petit&amp;Jolie Anti-Dehnungsstreifen-\u00d6l wurde speziell f\u00fcr gespannte Haut entwickelt. Es h\u00e4lt die Haut weich und widerstandsf\u00e4hig und verringert das Risiko von Striae und Schwangerschaftsstreifen. Das \u00d6l zieht schnell ein und enth\u00e4lt Schisandra-, Weihrauch- und Rosmarinextrakte, die der Haut einen zus\u00e4tzlichen Impuls geben.<\/p>\n<p data-start=\"2895\" data-end=\"2952\">Das \u00d6l ist geeignet f\u00fcr trockene und empfindliche Haut.<\/p>\n<p data-start=\"2954\" data-end=\"3187\"><strong data-start=\"2954\" data-end=\"2968\">Anwendung:<\/strong><br data-start=\"2968\" data-end=\"2971\" \/>2\u20133 Mal t\u00e4glich vom Beginn der Schwangerschaft bis 3 Monate nach der Geburt anwenden. Eine kleine Menge \u00d6l in den (warmen) H\u00e4nden verteilen und mit kreisenden Bewegungen auf Beine, Po, Bauch und Brust einmassieren.<\/p>\n<p data-start=\"3189\" data-end=\"3218\"><strong data-start=\"3189\" data-end=\"3216\">Das Schwangerschafts\u00f6l:<\/strong><\/p>\n<ul>\n<li data-start=\"3189\" data-end=\"3218\">Hergestellt aus 100 % nat\u00fcrlichen Inhaltsstoffen<\/li>\n<li data-start=\"3189\" data-end=\"3218\">Vegan und 100 % mikroplastikfrei<\/li>\n<li data-start=\"3189\" data-end=\"3218\">BDIH Cosmos Naturkosmetik zertifiziert<\/li>\n<li data-start=\"3189\" data-end=\"3218\">Flasche aus 100 % recyceltem Kunststoff<\/li>\n<li data-start=\"3189\" data-end=\"3218\">Produziert in der EU<\/li>\n<\/ul>\n<p data-start=\"3422\" data-end=\"3461\"><strong data-start=\"3422\" data-end=\"3434\">Hinweis:<\/strong> Das \u00d6l enth\u00e4lt Mandel\u00f6l.<\/p>\n<p data-start=\"3463\" data-end=\"3483\"><strong data-start=\"3463\" data-end=\"3474\">Inhalt:<\/strong> 100 ml<\/p>\n<p data-start=\"3485\" data-end=\"3512\"><strong data-start=\"3485\" data-end=\"3510\">Inhaltsstoffe (INCI):<\/strong><\/p>\n<p>Helianthus Annuus Hybrid Oil* <em>(sunflower)<\/em>, Oleyl Erucate, Prunus Amygdalus Dulcis Oil* <em>(almond)<\/em>,Coco-Caprylate, Undecane, Tridecane,\u00a0 Tocopheryl Acetate <em>(vitamin E)<\/em>, Schizandra Sphenanthera Fruit Extract, Boswellia Serrata Extract* <em>(incense)<\/em>, Rosmarinus Officinalis Leaf Extract* <em>(rosemary)<\/em>, Vanilla Planifolia Fruit Extract* <em>(vanilla)<\/em>, Helianthus Annuus Seed Oil <em>(sunflower)<\/em>, Parfum**<\/p>\n<p>* from organic source ** from natural essential oils<\/p>\n<\/div>\n<\/div>\n","protected":false},"featured_media":19175,"comment_status":"open","ping_status":"closed","template":"","meta":{"_joinchat":[]},"product_brand":[],"product_cat":[353,366],"product_tag":[374,371,375],"class_list":{"0":"post-18810","1":"product","2":"type-product","3":"status-publish","4":"has-post-thumbnail","6":"product_cat-petitjolie-de","7":"product_cat-verzorgingsproducten-tijdens-de-zwangerschap-de","8":"product_tag-gespannen-huid-de","9":"product_tag-zwanger-de","10":"product_tag-zwangerschapsstriemen-de","11":"description-off","13":"first","14":"instock","15":"taxable","16":"shipping-taxable","17":"purchasable","18":"product-type-simple"},"_links":{"self":[{"href":"https:\/\/petitetjolie.nl\/de\/wp-json\/wp\/v2\/product\/18810","targetHints":{"allow":["GET"]}}],"collection":[{"href":"https:\/\/petitetjolie.nl\/de\/wp-json\/wp\/v2\/product"}],"about":[{"href":"https:\/\/petitetjolie.nl\/de\/wp-json\/wp\/v2\/types\/product"}],"replies":[{"embeddable":true,"href":"https:\/\/petitetjolie.nl\/de\/wp-json\/wp\/v2\/comments?post=18810"}],"wp:featuredmedia":[{"embeddable":true,"href":"https:\/\/petitetjolie.nl\/de\/wp-json\/wp\/v2\/media\/19175"}],"wp:attachment":[{"href":"https:\/\/petitetjolie.nl\/de\/wp-json\/wp\/v2\/media?parent=18810"}],"wp:term":[{"taxonomy":"product_brand","embeddable":true,"href":"https:\/\/petitetjolie.nl\/de\/wp-json\/wp\/v2\/product_brand?post=18810"},{"taxonomy":"product_cat","embeddable":true,"href":"https:\/\/petitetjolie.nl\/de\/wp-json\/wp\/v2\/product_cat?post=18810"},{"taxonomy":"product_tag","embeddable":true,"href":"https:\/\/petitetjolie.nl\/de\/wp-json\/wp\/v2\/product_tag?post=18810"}],"curies":[{"name":"wp","href":"https:\/\/api.w.org\/{rel}","templated":true}]}}