{"id":18800,"date":"2025-02-18T16:38:43","date_gmt":"2025-02-18T16:38:43","guid":{"rendered":"https:\/\/petitetjolie.nl\/product\/petitjolie-zwangerschapsbalsem\/"},"modified":"2025-12-05T12:06:30","modified_gmt":"2025-12-05T12:06:30","slug":"petitjolie-schwangerschaftbalsem","status":"publish","type":"product","link":"https:\/\/petitetjolie.nl\/de\/produkt\/petitjolie-schwangerschaftbalsem\/","title":{"rendered":"Petit&#038;Jolie Schwangerschaftsbalsam"},"content":{"rendered":"","protected":false},"excerpt":{"rendered":"<h2 data-start=\"1202\" data-end=\"1279\">Super wohltuend f\u00fcr gespannte Haut<\/h2>\n<ul>\n<li data-start=\"1202\" data-end=\"1279\">Beruhigt und pflegt die Haut<\/li>\n<li data-start=\"1202\" data-end=\"1279\">Enth\u00e4lt Bio-Argan- und Traubenkern\u00f6l<\/li>\n<li data-start=\"1202\" data-end=\"1279\">F\u00f6rdert die Elastizit\u00e4t der Haut<\/li>\n<li data-start=\"1354\" data-end=\"1390\">\n<p data-start=\"1356\" data-end=\"1390\">100 % nat\u00fcrliche Inhaltsstoffe<\/p>\n<\/li>\n<\/ul>\n<p data-start=\"1427\" data-end=\"1879\">Der Petit&amp;Jolie Schwangerschaftsbalsam ist ein pflegender und beruhigender Balsam aus wertvollen Bio-\u00d6len wie Argan- und Traubenkern\u00f6l. Pflanzliche Extrakte aus asiatischem Wassernabel und indischem Weihrauch unterst\u00fctzen die nat\u00fcrliche Hautregeneration und die Bildung von Kollagen- und Elastinfasern, wodurch die Haut fester wirkt. Der Balsam f\u00f6rdert die Hautelastizit\u00e4t, spendet Feuchtigkeit und verringert das Risiko von Schwangerschaftsstreifen.<\/p>\n<p data-start=\"1881\" data-end=\"1942\">Der Balsam ist geeignet f\u00fcr trockene und empfindliche Haut.<\/p>\n<p data-start=\"1944\" data-end=\"2107\">Der Balsam wird aus Inhaltsstoffen 100 % nat\u00fcrlichen Ursprungs hergestellt und enth\u00e4lt keine Parabene, Paraffin, Silikone oder synthetische Duft- und Farbstoffe.<\/p>\n<p data-start=\"2109\" data-end=\"2197\"><strong data-start=\"2109\" data-end=\"2123\">Anwendung:<\/strong><br data-start=\"2123\" data-end=\"2126\" \/>Zweimal t\u00e4glich die gespannte Haut sanft mit dem Balsam einmassieren.<\/p>\n<p data-start=\"2199\" data-end=\"2216\"><strong data-start=\"2199\" data-end=\"2214\">Der Balsam:<\/strong><\/p>\n<ul>\n<li data-start=\"2219\" data-end=\"2269\">Hergestellt aus 100 % nat\u00fcrlichen Inhaltsstoffen<\/li>\n<li data-start=\"2219\" data-end=\"2269\">Vegan<\/li>\n<li data-start=\"2219\" data-end=\"2269\">0 % Mikroplastik<\/li>\n<li data-start=\"2219\" data-end=\"2269\">BDIH Cosmos Naturkosmetik zertifiziert<\/li>\n<li data-start=\"2044\" data-end=\"2069\">\n<p data-start=\"2046\" data-end=\"2069\">Hergestellt in der EU<\/p>\n<\/li>\n<\/ul>\n<p data-start=\"2345\" data-end=\"2364\"><strong data-start=\"2345\" data-end=\"2356\">Inhalt:<\/strong> 90 ml<\/p>\n<p data-start=\"2366\" data-end=\"2393\"><strong data-start=\"2366\" data-end=\"2391\">Inhaltsstoffe (INCI):<\/strong><\/p>\n<p>Aqua <em>(Water),<\/em> Helianthus Annuus <em>(Sunflower)<\/em> Hybrid Oil*, Cocos Nucifera <em>(Coconut)<\/em> Oil*, Glycerin, Cetearyl Alcohol, Butyrospermum Parkii <em>(Shea)<\/em> Butter, Glyceryl Stearate Citrate, Pentylene Glycol, Simmondsia Chinensis <em>(Jojoba)<\/em> Seed Oil*, Distarch Phosphate, Jojoba Esters, Argania Spinosa Kernel Oil*, Olea Europaea <em>(Olive) <\/em>Fruit Oil*, Sesamum Indicum Seed Oil*, Vitis Vinifera <em>(Grape)<\/em> Seed Oil*, Helianthus Annuus <em>(Sunflower)<\/em> Seed Wax, Acacia Decurrens Flower Wax, Helianthus Annuus <em>(Sunflower)<\/em> Hybrid Oil, Boswellia Serrata Extract, Centella Asiatica Flower\/Leaf\/Stem Extract*, Tocopherol, Squalane, Polyglycerin-3, Sodium Anisate, Sodium Levulinate, Xanthan Gum, Sodium Phytate, Citric Acid, Fragrance**, Pinene, Limonene<br \/>\n*organic source **natural essential oils<strong><br \/>\n<\/strong><\/p>\n","protected":false},"featured_media":19012,"comment_status":"closed","ping_status":"closed","template":"","meta":{"_joinchat":[]},"product_brand":[],"product_cat":[353,366],"product_tag":[371],"class_list":{"0":"post-18800","1":"product","2":"type-product","3":"status-publish","4":"has-post-thumbnail","6":"product_cat-petitjolie-de","7":"product_cat-verzorgingsproducten-tijdens-de-zwangerschap-de","8":"product_tag-zwanger-de","9":"description-off","11":"first","12":"instock","13":"taxable","14":"shipping-taxable","15":"purchasable","16":"product-type-simple"},"_links":{"self":[{"href":"https:\/\/petitetjolie.nl\/de\/wp-json\/wp\/v2\/product\/18800","targetHints":{"allow":["GET"]}}],"collection":[{"href":"https:\/\/petitetjolie.nl\/de\/wp-json\/wp\/v2\/product"}],"about":[{"href":"https:\/\/petitetjolie.nl\/de\/wp-json\/wp\/v2\/types\/product"}],"replies":[{"embeddable":true,"href":"https:\/\/petitetjolie.nl\/de\/wp-json\/wp\/v2\/comments?post=18800"}],"wp:featuredmedia":[{"embeddable":true,"href":"https:\/\/petitetjolie.nl\/de\/wp-json\/wp\/v2\/media\/19012"}],"wp:attachment":[{"href":"https:\/\/petitetjolie.nl\/de\/wp-json\/wp\/v2\/media?parent=18800"}],"wp:term":[{"taxonomy":"product_brand","embeddable":true,"href":"https:\/\/petitetjolie.nl\/de\/wp-json\/wp\/v2\/product_brand?post=18800"},{"taxonomy":"product_cat","embeddable":true,"href":"https:\/\/petitetjolie.nl\/de\/wp-json\/wp\/v2\/product_cat?post=18800"},{"taxonomy":"product_tag","embeddable":true,"href":"https:\/\/petitetjolie.nl\/de\/wp-json\/wp\/v2\/product_tag?post=18800"}],"curies":[{"name":"wp","href":"https:\/\/api.w.org\/{rel}","templated":true}]}}