{"id":18735,"date":"2023-03-06T14:10:56","date_gmt":"2023-03-06T14:10:56","guid":{"rendered":"https:\/\/petitetjolie.nl\/product\/shampoo-body-bar\/"},"modified":"2025-10-23T14:38:20","modified_gmt":"2025-10-23T14:38:20","slug":"fest-baby-shampoo-body-bar","status":"publish","type":"product","link":"https:\/\/petitetjolie.nl\/de\/produkt\/fest-baby-shampoo-body-bar\/","title":{"rendered":"Petit&#038;Jolie fest Dusch 2-in-1"},"content":{"rendered":"","protected":false},"excerpt":{"rendered":"<h2 data-start=\"1012\" data-end=\"1193\"><strong data-start=\"1012\" data-end=\"1042\">Plastikfreies Haarewaschen<\/strong><\/h2>\n<ul>\n<li data-start=\"1012\" data-end=\"1193\">Sanfte Reinigung von Haaren und Haut<\/li>\n<li data-start=\"1012\" data-end=\"1193\">Brennt nicht in den Augen<\/li>\n<li data-start=\"1012\" data-end=\"1193\">Enth\u00e4lt Bio-Hafer und Sheabutter<\/li>\n<li data-start=\"1012\" data-end=\"1193\">Ersetzt mindestens 2 Flaschen Fl\u00fcssigshampoo<\/li>\n<\/ul>\n<p data-start=\"1195\" data-end=\"1507\">Die Petit&amp;Jolie Shampoo &amp; Body Bar wurde speziell f\u00fcr die empfindliche Kinderhaut entwickelt. Kinder (ab 0 Jahren) haben eine d\u00fcnnere Haut als Erwachsene. Deshalb ist es wichtig, eine milde Bar zu verwenden. Durch den Zusatz von Hafer ist die Bar besonders geeignet f\u00fcr Babys und Kinder mit empfindlicher Haut.<\/p>\n<p data-start=\"1509\" data-end=\"1750\"><strong data-start=\"1509\" data-end=\"1531\">Gebrauchsanweisung<\/strong><br data-start=\"1531\" data-end=\"1534\" \/>Die Bar anfeuchten und zwischen den H\u00e4nden oder mit einem Waschlappen aufsch\u00e4umen. Die Haut und das Haar Ihres Babys sanft mit der Hand oder dem Waschlappen einmassieren. Anschlie\u00dfend gr\u00fcndlich mit Wasser absp\u00fclen.<\/p>\n<p data-start=\"1752\" data-end=\"1770\"><strong data-start=\"1752\" data-end=\"1768\">Die Bar ist:<\/strong><\/p>\n<ul>\n<li data-start=\"1773\" data-end=\"1823\">aus 100 % nat\u00fcrlichen Inhaltsstoffen hergestellt<\/li>\n<li data-start=\"1773\" data-end=\"1823\">BDIH Cosmos Naturkosmetik zertifiziert<\/li>\n<li data-start=\"1773\" data-end=\"1823\">vegan und mikroplastikfrei<\/li>\n<li data-start=\"1898\" data-end=\"1922\">\n<p data-start=\"1900\" data-end=\"1922\">in der EU produziert<\/p>\n<\/li>\n<\/ul>\n<p data-start=\"1924\" data-end=\"1942\"><strong data-start=\"1924\" data-end=\"1935\">Inhalt:<\/strong> 65 g<\/p>\n<p data-start=\"1944\" data-end=\"1970\"><strong data-start=\"1944\" data-end=\"1968\">Inhaltsstoffe (INCI)<\/strong><\/p>\n<p>Cellulose, Sodium Cocoyl Glutamate, Butyrospermum Parkii (Shea) Butter*, Cetearyl Alcohol, Disodium Coco-Glucoside Citrate, Citric Acid, Propylene Glycol, Aqua (Water), Avena Sativa (Oat) Kernel Extract*, Pentylene Glycol, Disodium Cocoyl Glutamate, Lauryl Glucoside, Polyglyceryl-2 Dipolyhydroxystearate,\u00a0 Parfum (Fragrance)**, Glycerin, Limonene *organic source **natural essential oils<\/p>\n","protected":false},"featured_media":17640,"comment_status":"closed","ping_status":"closed","template":"","meta":{"_joinchat":[]},"product_brand":[],"product_cat":[352,353],"product_tag":[],"class_list":{"0":"post-18735","1":"product","2":"type-product","3":"status-publish","4":"has-post-thumbnail","6":"product_cat-bad-douche-voor-babys-kids-de","7":"product_cat-petitjolie-de","8":"description-off","10":"first","11":"instock","12":"taxable","13":"shipping-taxable","14":"purchasable","15":"product-type-simple"},"_links":{"self":[{"href":"https:\/\/petitetjolie.nl\/de\/wp-json\/wp\/v2\/product\/18735","targetHints":{"allow":["GET"]}}],"collection":[{"href":"https:\/\/petitetjolie.nl\/de\/wp-json\/wp\/v2\/product"}],"about":[{"href":"https:\/\/petitetjolie.nl\/de\/wp-json\/wp\/v2\/types\/product"}],"replies":[{"embeddable":true,"href":"https:\/\/petitetjolie.nl\/de\/wp-json\/wp\/v2\/comments?post=18735"}],"wp:featuredmedia":[{"embeddable":true,"href":"https:\/\/petitetjolie.nl\/de\/wp-json\/wp\/v2\/media\/17640"}],"wp:attachment":[{"href":"https:\/\/petitetjolie.nl\/de\/wp-json\/wp\/v2\/media?parent=18735"}],"wp:term":[{"taxonomy":"product_brand","embeddable":true,"href":"https:\/\/petitetjolie.nl\/de\/wp-json\/wp\/v2\/product_brand?post=18735"},{"taxonomy":"product_cat","embeddable":true,"href":"https:\/\/petitetjolie.nl\/de\/wp-json\/wp\/v2\/product_cat?post=18735"},{"taxonomy":"product_tag","embeddable":true,"href":"https:\/\/petitetjolie.nl\/de\/wp-json\/wp\/v2\/product_tag?post=18735"}],"curies":[{"name":"wp","href":"https:\/\/api.w.org\/{rel}","templated":true}]}}