{"id":18718,"date":"2017-09-29T06:03:10","date_gmt":"2017-09-29T06:03:10","guid":{"rendered":"https:\/\/petitetjolie.nl\/product\/baby-vette-creme\/"},"modified":"2025-09-23T13:57:31","modified_gmt":"2025-09-23T13:57:31","slug":"baby-pflegecreme","status":"publish","type":"product","link":"https:\/\/petitetjolie.nl\/de\/produkt\/baby-pflegecreme\/","title":{"rendered":"Petit&#038;Jolie Pflegecreme"},"content":{"rendered":"","protected":false},"excerpt":{"rendered":"<div class=\"row row description\" data-tab-content=\"description\">\n<div class=\"rte_content fullwidth\">\n<h2 data-start=\"52\" data-end=\"228\"><strong data-start=\"52\" data-end=\"88\">Fetthaltige Creme mit Sheabutter<\/strong><\/h2>\n<ul>\n<li data-start=\"52\" data-end=\"228\">Super pflegende Creme f\u00fcr trockene Haut<\/li>\n<li data-start=\"52\" data-end=\"228\">Geeignet f\u00fcr Gesicht und K\u00f6rper<\/li>\n<li data-start=\"52\" data-end=\"228\">Frei von Mikroplastik<\/li>\n<li data-start=\"52\" data-end=\"228\">Gesichtscreme f\u00fcr empfindliche Haut<\/li>\n<\/ul>\n<h3 data-start=\"230\" data-end=\"267\">Hat dein Kind Ausschlag im Gesicht?<\/h3>\n<p data-start=\"269\" data-end=\"601\">Du kennst es bestimmt: Durch Sonne, Meer, Strand oder K\u00e4lte kann sich die Haut gespannt anf\u00fchlen oder sogar schuppen. Bei Kindern zeigt sich das oft an den Wangen oder in den Kniekehlen. Die trockenen Stellen k\u00f6nnen anfangen zu jucken \u2013 und das will man nat\u00fcrlich vermeiden. Genau daf\u00fcr ist die fetthaltige Creme bestens geeignet.<\/p>\n<p data-start=\"603\" data-end=\"986\">Die fetthaltige Creme ist eine n\u00e4hrende und feuchtigkeitsspendende Pflege, speziell f\u00fcr trockene Hautpartien. Durch die einzigartige Zusammensetzung aus u. a. biologisch angebauter Sheabutter und Mandel\u00f6l bietet die Creme extra Pflege und Schutz. Die fetthaltige Creme eignet sich f\u00fcr trockene oder empfindliche Haut und kann sowohl im Gesicht als auch am K\u00f6rper angewendet werden.<\/p>\n<p data-start=\"988\" data-end=\"1248\"><strong data-start=\"988\" data-end=\"1025\">Anwendung der fetthaltigen Creme:<\/strong><br data-start=\"1025\" data-end=\"1028\" \/>Trage die Creme t\u00e4glich auf die trockene Haut auf. Die Creme darf sichtbar auf der Haut bleiben und zieht von selbst ein. Sobald die Haut wieder im Gleichgewicht ist, kannst du auf die Petit&amp;Jolie Bodylotion umsteigen.<\/p>\n<p data-start=\"1250\" data-end=\"1270\"><strong data-start=\"1250\" data-end=\"1268\">Die Creme ist:<\/strong><\/p>\n<ul>\n<li data-start=\"1250\" data-end=\"1270\">hergestellt aus 100 % nat\u00fcrlichen Inhaltsstoffen<\/li>\n<li data-start=\"1250\" data-end=\"1270\">BDIH Cosmos zertifiziert<\/li>\n<li data-start=\"1250\" data-end=\"1270\">vegan und mikroplastikfrei<\/li>\n<li data-start=\"1250\" data-end=\"1270\">die Tube besteht zu 50 % aus recyceltem Kunststoff<\/li>\n<li data-start=\"1439\" data-end=\"1463\">\n<p data-start=\"1441\" data-end=\"1463\">produziert in der EU<\/p>\n<\/li>\n<\/ul>\n<p data-start=\"1465\" data-end=\"1484\"><strong data-start=\"1465\" data-end=\"1482\">Inhalt: 75 ml<\/strong><\/p>\n<p data-start=\"1486\" data-end=\"2268\"><strong data-start=\"1486\" data-end=\"1509\">Ingredients (INCI):<\/strong><\/p>\n<p>Aqua (Water), Glycerin, Helianthus Annuus (Sunflower) Hybrid Oil*, Simmondsia Chinensis (Jojoba) Seed Oil*, Pentylene Glycol, Cetearyl Alcohol, Prunus Amygdalus Dulcis (Almond) Oil*, Squalane, Butyrospermum Parkii (Shea) Butter*, Cetyl Palmitate, Glyceryl Stearate Citrate, Polyglyceryl-3 Stearate, Palmitic Acid, Stearic Acid, Limnanthes Alba (Meadowfoam) Seed Oil, Sodium Polyphosphat, Jojoba Esters, Helianthus Annuus (Sunflower) Seed Wax, Acacia Decurrens Flower Wax, Polyglycerin-3, Tocopherol Dipotassium Glycyrrhizate, Helianthus Annuus (Sunflower) Seed Oil, Sodium Hyaluronate, Tocopherol, Sodium Levulinate, Xanthan Gum, Sodium Anisate, Parfum (Fragrance)**, Oryzanol<br \/>\n*organic source<br \/>\n**from natrural essential oils<\/p>\n<\/div>\n<\/div>\n","protected":false},"featured_media":18016,"comment_status":"open","ping_status":"closed","template":"","meta":{"_joinchat":[]},"product_brand":[],"product_cat":[362,353],"product_tag":[368,358,356],"class_list":{"0":"post-18718","1":"product","2":"type-product","3":"status-publish","4":"has-post-thumbnail","6":"product_cat-huidverzorging-voor-babys-kids-de","7":"product_cat-petitjolie-de","8":"product_tag-droge-wangen-de","9":"product_tag-droge-huid-de","10":"product_tag-verzorging-de","11":"description-off","13":"first","14":"instock","15":"taxable","16":"shipping-taxable","17":"purchasable","18":"product-type-simple"},"_links":{"self":[{"href":"https:\/\/petitetjolie.nl\/de\/wp-json\/wp\/v2\/product\/18718","targetHints":{"allow":["GET"]}}],"collection":[{"href":"https:\/\/petitetjolie.nl\/de\/wp-json\/wp\/v2\/product"}],"about":[{"href":"https:\/\/petitetjolie.nl\/de\/wp-json\/wp\/v2\/types\/product"}],"replies":[{"embeddable":true,"href":"https:\/\/petitetjolie.nl\/de\/wp-json\/wp\/v2\/comments?post=18718"}],"wp:featuredmedia":[{"embeddable":true,"href":"https:\/\/petitetjolie.nl\/de\/wp-json\/wp\/v2\/media\/18016"}],"wp:attachment":[{"href":"https:\/\/petitetjolie.nl\/de\/wp-json\/wp\/v2\/media?parent=18718"}],"wp:term":[{"taxonomy":"product_brand","embeddable":true,"href":"https:\/\/petitetjolie.nl\/de\/wp-json\/wp\/v2\/product_brand?post=18718"},{"taxonomy":"product_cat","embeddable":true,"href":"https:\/\/petitetjolie.nl\/de\/wp-json\/wp\/v2\/product_cat?post=18718"},{"taxonomy":"product_tag","embeddable":true,"href":"https:\/\/petitetjolie.nl\/de\/wp-json\/wp\/v2\/product_tag?post=18718"}],"curies":[{"name":"wp","href":"https:\/\/api.w.org\/{rel}","templated":true}]}}