{"id":18684,"date":"2024-04-18T14:56:34","date_gmt":"2024-04-18T14:56:34","guid":{"rendered":"https:\/\/petitetjolie.nl\/product\/minerale-zonnebrand-spf-30\/"},"modified":"2025-10-23T14:36:45","modified_gmt":"2025-10-23T14:36:45","slug":"mineralisch-sonnecreme-spf-30","status":"publish","type":"product","link":"https:\/\/petitetjolie.nl\/de\/produkt\/mineralisch-sonnecreme-spf-30\/","title":{"rendered":"Petit&#038;Jolie Mineralische Sonnencreme SPF 30 \u2013 0% Parfum"},"content":{"rendered":"\n","protected":false},"excerpt":{"rendered":"<h2 data-start=\"1545\" data-end=\"1734\"><strong data-start=\"1545\" data-end=\"1600\">Nat\u00fcrliche Sonnencreme f\u00fcr Babys, Kinder und Eltern<\/strong><\/h2>\n<ul>\n<li data-start=\"1545\" data-end=\"1734\">Non-Nano-Zinkoxid ist der nat\u00fcrliche Sonnenschutzfilter<\/li>\n<li data-start=\"1545\" data-end=\"1734\">0 % Parfum<\/li>\n<li data-start=\"1545\" data-end=\"1734\">Sch\u00fctzt vor UV-Strahlung<\/li>\n<li data-start=\"1545\" data-end=\"1734\">Geeignet f\u00fcr alle Altersgruppen<\/li>\n<\/ul>\n<h3 data-start=\"1736\" data-end=\"2233\"><strong data-start=\"1736\" data-end=\"1788\">Was ist der beste Schutz der Haut vor der Sonne?<\/strong><\/h3>\n<p data-start=\"1736\" data-end=\"2233\">Der beste Schutz ist nat\u00fcrlich, die Sonne ganz zu meiden \u2013 doch das ist oft schwierig. Deshalb ist es ratsam, die Sonne w\u00e4hrend der Stunden mit der h\u00f6chsten UV-Strahlung \u2013 in der Regel zwischen 11:00 und 14:00 Uhr \u2013 zu vermeiden und auch in dieser Zeit nicht zu schwimmen. Au\u00dferdem wird UV-Schutzkleidung dringend empfohlen. F\u00fcr Hautpartien, die schwer zu bedecken sind, wie Gesicht und H\u00e4nde, ist die Verwendung einer Sonnencreme sinnvoll.<\/p>\n<p data-start=\"2235\" data-end=\"2467\">Petit&amp;Jolie Mineralische Sonnencreme SPF 30 sch\u00fctzt die Haut vor UV-Strahlung. Die Creme l\u00e4sst sich leicht verteilen und hinterl\u00e4sst keinen wei\u00dfen Film. Die Sonnencreme enth\u00e4lt Non-Nano-Zinkoxid als nat\u00fcrlichen Sonnenschutzfilter.<\/p>\n<p data-start=\"2469\" data-end=\"2526\">Diese mineralische Sonnencreme enth\u00e4lt <strong data-start=\"2508\" data-end=\"2523\">kein Parfum<\/strong>.<\/p>\n<p data-start=\"2528\" data-end=\"2741\"><strong data-start=\"2528\" data-end=\"2550\">Gebrauchsanweisung<\/strong><br data-start=\"2550\" data-end=\"2553\" \/>Die Creme gleichm\u00e4\u00dfig auf die Haut auftragen und mehrmals t\u00e4glich wiederholen, um optimalen Schutz zu gew\u00e4hrleisten. Nach dem Schwimmen empfehlen wir, Ihr Kind sofort erneut einzucremen.<\/p>\n<p data-start=\"2743\" data-end=\"2769\"><strong data-start=\"2743\" data-end=\"2767\">Die Sonnencreme ist:<\/strong><\/p>\n<ul>\n<li data-start=\"2772\" data-end=\"2800\">99 % nat\u00fcrlichen Ursprungs<\/li>\n<li data-start=\"2772\" data-end=\"2800\">Vegan<\/li>\n<li data-start=\"2772\" data-end=\"2800\">Hergestellt in der EU<\/li>\n<li data-start=\"2837\" data-end=\"2865\">\n<p data-start=\"2839\" data-end=\"2865\">BDIH Cosmos zertifiziert<\/p>\n<\/li>\n<\/ul>\n<p data-start=\"2867\" data-end=\"2887\"><strong data-start=\"2867\" data-end=\"2878\">INHALT:<\/strong> 100 ml<\/p>\n<p data-start=\"2889\" data-end=\"3032\"><strong data-start=\"2889\" data-end=\"2900\">WARNUNG<\/strong><br data-start=\"2900\" data-end=\"2903\" \/>Die mineralische Sonnencreme bietet keinen 100%igen UV-Schutz. Es ist ratsam, Babys und Kinder von direkter Sonne fernzuhalten.<\/p>\n<p data-start=\"3034\" data-end=\"3061\"><strong data-start=\"3034\" data-end=\"3059\">Inhaltsstoffe (INCI):<\/strong><\/p>\n<p>Aqua (water), Zinc Oxide, Caprylic\/Capric Triglyceride, Dicaprylyl Carbonate, Pentylene Glycol, Calcium Sodium Borosilicate, Sucrose Palmitate, Polyhydroxystearic Acid, Glyceryl Stearate, Oryzanol, Sucrose Distearate, Pongamia Pinnata Seed Extract, Xanthan Gum, Sodium Stearoyl Glutamate<\/p>\n","protected":false},"featured_media":17937,"comment_status":"closed","ping_status":"closed","template":"","meta":{"_joinchat":[]},"product_brand":[],"product_cat":[362,353,366],"product_tag":[367],"class_list":{"0":"post-18684","1":"product","2":"type-product","3":"status-publish","4":"has-post-thumbnail","6":"product_cat-huidverzorging-voor-babys-kids-de","7":"product_cat-petitjolie-de","8":"product_cat-verzorgingsproducten-tijdens-de-zwangerschap-de","9":"product_tag-zonnebrand-de","10":"description-off","12":"first","13":"instock","14":"taxable","15":"shipping-taxable","16":"purchasable","17":"product-type-simple"},"_links":{"self":[{"href":"https:\/\/petitetjolie.nl\/de\/wp-json\/wp\/v2\/product\/18684","targetHints":{"allow":["GET"]}}],"collection":[{"href":"https:\/\/petitetjolie.nl\/de\/wp-json\/wp\/v2\/product"}],"about":[{"href":"https:\/\/petitetjolie.nl\/de\/wp-json\/wp\/v2\/types\/product"}],"replies":[{"embeddable":true,"href":"https:\/\/petitetjolie.nl\/de\/wp-json\/wp\/v2\/comments?post=18684"}],"wp:featuredmedia":[{"embeddable":true,"href":"https:\/\/petitetjolie.nl\/de\/wp-json\/wp\/v2\/media\/17937"}],"wp:attachment":[{"href":"https:\/\/petitetjolie.nl\/de\/wp-json\/wp\/v2\/media?parent=18684"}],"wp:term":[{"taxonomy":"product_brand","embeddable":true,"href":"https:\/\/petitetjolie.nl\/de\/wp-json\/wp\/v2\/product_brand?post=18684"},{"taxonomy":"product_cat","embeddable":true,"href":"https:\/\/petitetjolie.nl\/de\/wp-json\/wp\/v2\/product_cat?post=18684"},{"taxonomy":"product_tag","embeddable":true,"href":"https:\/\/petitetjolie.nl\/de\/wp-json\/wp\/v2\/product_tag?post=18684"}],"curies":[{"name":"wp","href":"https:\/\/api.w.org\/{rel}","templated":true}]}}