{"id":18677,"date":"2021-04-29T11:39:23","date_gmt":"2021-04-29T11:39:23","guid":{"rendered":"https:\/\/petitetjolie.nl\/product\/calendula-balsem\/"},"modified":"2025-10-23T14:39:47","modified_gmt":"2025-10-23T14:39:47","slug":"calendula-balsam-frei-von-parfum","status":"publish","type":"product","link":"https:\/\/petitetjolie.nl\/de\/produkt\/calendula-balsam-frei-von-parfum\/","title":{"rendered":"Petit&#038;Jolie Calendula Balsam &#8211; 0% parfum"},"content":{"rendered":"","protected":false},"excerpt":{"rendered":"<h2 data-start=\"1140\" data-end=\"1374\"><strong data-start=\"1140\" data-end=\"1177\">Calendula f\u00fcr trockene und gesch\u00e4digte Haut<\/strong><\/h2>\n<ul>\n<li data-start=\"1140\" data-end=\"1374\">Regeneriert trockene und gesch\u00e4digte Haut<\/li>\n<li data-start=\"1140\" data-end=\"1374\">Calendula-\/Ringelblumenextrakt ist die nat\u00fcrliche Wunderzutat<\/li>\n<li data-start=\"1140\" data-end=\"1374\">0 % Parfum<\/li>\n<li data-start=\"1140\" data-end=\"1374\">Enth\u00e4lt kein Paraffinum Liquidum<\/li>\n<li data-start=\"1140\" data-end=\"1374\">Balsam schmilzt an den Fingerspitzen<\/li>\n<\/ul>\n<h3 data-start=\"1376\" data-end=\"1414\">Die Kraft der Calendula \u2013 was macht sie so besonders?<\/h3>\n<p data-start=\"1441\" data-end=\"1763\">Calendula, auch bekannt als Ringelblumenextrakt, ist f\u00fcr ihre heilende Wirkung bekannt. In unserer Balsam-Formel kombinieren wir Calendula mit <em data-start=\"1584\" data-end=\"1602\">Ricinus Communis<\/em>-\u00d6l, das auch als \u201eWunder\u00f6l\u201c oder Rizinus\u00f6l bezeichnet wird. Beide Inhaltsstoffe sind reich an Vitamin E und unterst\u00fctzen die nat\u00fcrliche Regeneration der Haut.<\/p>\n<p data-start=\"1765\" data-end=\"2042\">Der Balsam eignet sich besonders f\u00fcr trockene, rissige oder strapazierte Haut, wie bei wunden Brustwarzen, trockenen H\u00e4nden oder kleinen Sch\u00fcrfwunden.<\/p>\n<p data-start=\"1765\" data-end=\"2042\">Bei der Anwendung auf wunden Brustwarzen sollte der Balsam vor dem n\u00e4chsten Stillen mit einem feuchten Tuch entfernt werden.<\/p>\n<p data-start=\"1728\" data-end=\"1888\"><strong data-start=\"1728\" data-end=\"1751\">Gebrauchsanweisung:<\/strong><br data-start=\"1751\" data-end=\"1754\" \/>Den Calendula Balsam zwischen den Fingerspitzen erw\u00e4rmen. Anschlie\u00dfend sanft in die Haut einmassieren. So oft wiederholen wie n\u00f6tig.<\/p>\n<p data-start=\"1890\" data-end=\"1911\"><strong data-start=\"1890\" data-end=\"1909\">Der Calendula Balsam ist:<\/strong><\/p>\n<ul>\n<li data-start=\"1890\" data-end=\"1911\">Parfumfrei<\/li>\n<li data-start=\"1890\" data-end=\"1911\">Hergestellt aus 100 % nat\u00fcrlichen Inhaltsstoffen<\/li>\n<li data-start=\"1890\" data-end=\"1911\">0 % Mikroplastik<\/li>\n<li data-start=\"1890\" data-end=\"1911\">BDIH Cosmos Naturkosmetik zertifiziert<\/li>\n<li data-start=\"2044\" data-end=\"2069\">\n<p data-start=\"2046\" data-end=\"2069\">Hergestellt in der EU<\/p>\n<\/li>\n<\/ul>\n<p data-start=\"2071\" data-end=\"2090\"><strong data-start=\"2071\" data-end=\"2082\">Inhalt:<\/strong> 55 ml<\/p>\n<p data-start=\"2092\" data-end=\"2119\"><strong data-start=\"2092\" data-end=\"2117\">Inhaltsstoffe (INCI):<\/strong><\/p>\n<p>Ricinus Communis Seed Oil, Helianthus Annuus Hybrid Oil*, Cocoglycerides, Hydrogenated Vegetable Oil, Decyl Oleate, Cera Alba, Polyglyceryl-2 Dipolyhydroxystearate, Calendula Officinalis Flower Extrakt*, Daucus Carota Sativa Root Extract*, Rosmarinus Officinalis Leaf Extract*, Simmondsia Chinensis Seed Oil, Capsicum Annuum Extract*, Lithospermum<br \/>\nErytrorhizom Root Extract, Helianthus Annuus Seed Oil, Tocopherol.<br \/>\n* from organic source<\/p>\n","protected":false},"featured_media":18679,"comment_status":"open","ping_status":"closed","template":"","meta":{"_joinchat":[]},"product_brand":[],"product_cat":[362,353,366],"product_tag":[],"class_list":{"0":"post-18677","1":"product","2":"type-product","3":"status-publish","4":"has-post-thumbnail","6":"product_cat-huidverzorging-voor-babys-kids-de","7":"product_cat-petitjolie-de","8":"product_cat-verzorgingsproducten-tijdens-de-zwangerschap-de","9":"description-off","11":"first","12":"instock","13":"taxable","14":"shipping-taxable","15":"purchasable","16":"product-type-simple"},"_links":{"self":[{"href":"https:\/\/petitetjolie.nl\/de\/wp-json\/wp\/v2\/product\/18677","targetHints":{"allow":["GET"]}}],"collection":[{"href":"https:\/\/petitetjolie.nl\/de\/wp-json\/wp\/v2\/product"}],"about":[{"href":"https:\/\/petitetjolie.nl\/de\/wp-json\/wp\/v2\/types\/product"}],"replies":[{"embeddable":true,"href":"https:\/\/petitetjolie.nl\/de\/wp-json\/wp\/v2\/comments?post=18677"}],"wp:featuredmedia":[{"embeddable":true,"href":"https:\/\/petitetjolie.nl\/de\/wp-json\/wp\/v2\/media\/18679"}],"wp:attachment":[{"href":"https:\/\/petitetjolie.nl\/de\/wp-json\/wp\/v2\/media?parent=18677"}],"wp:term":[{"taxonomy":"product_brand","embeddable":true,"href":"https:\/\/petitetjolie.nl\/de\/wp-json\/wp\/v2\/product_brand?post=18677"},{"taxonomy":"product_cat","embeddable":true,"href":"https:\/\/petitetjolie.nl\/de\/wp-json\/wp\/v2\/product_cat?post=18677"},{"taxonomy":"product_tag","embeddable":true,"href":"https:\/\/petitetjolie.nl\/de\/wp-json\/wp\/v2\/product_tag?post=18677"}],"curies":[{"name":"wp","href":"https:\/\/api.w.org\/{rel}","templated":true}]}}