{"id":18645,"date":"2017-09-29T13:04:59","date_gmt":"2017-09-29T13:04:59","guid":{"rendered":"https:\/\/petitetjolie.nl\/product\/baby-billencreme\/"},"modified":"2025-11-13T11:25:14","modified_gmt":"2025-11-13T11:25:14","slug":"baby-wundschutzcreme-frei-von-parfum","status":"publish","type":"product","link":"https:\/\/petitetjolie.nl\/de\/produkt\/baby-wundschutzcreme-frei-von-parfum\/","title":{"rendered":"Petit&#038;Jolie Wundschutzcreme &#8211; 0% Parfum"},"content":{"rendered":"","protected":false},"excerpt":{"rendered":"<div class=\"site-container off-canvas-wrap\" data-offcanvas=\"\">\n<div class=\"inner-wrap\">\n<div class=\"bg-container custom-css-container\">\n<div id=\"content\" class=\"columncount-1\">\n<div class=\"row\">\n<div id=\"centercolumn\" class=\"columns large-14 medium-14 small-14\">\n<div class=\"article product-page classic\">\n<div class=\"row row description\" data-tab-content=\"description\">\n<div class=\"rte_content fullwidth\">\n<h2 data-start=\"88\" data-end=\"135\"><strong data-start=\"88\" data-end=\"133\">Wundschutzcreme \u2013 Zinksalbe \u2013 Windelcreme<\/strong><\/h2>\n<ul>\n<li data-start=\"88\" data-end=\"135\">Beruhigt und regeneriert die Haut bei Reizungen und Windelausschlag<\/li>\n<li data-start=\"266\" data-end=\"310\">Regelm\u00e4\u00dfige Anwendung verringert das Risiko von Windelausschlag<\/li>\n<li data-start=\"88\" data-end=\"135\">Wollfett und Bienenwachs bieten zus\u00e4tzlichen Schutz<\/li>\n<li data-start=\"266\" data-end=\"310\">Zinkoxid und Sesam\u00f6l unterst\u00fctzen die Haut<\/li>\n<li data-start=\"266\" data-end=\"310\">Enth\u00e4lt 10% Zinkoxid<\/li>\n<\/ul>\n<h3 data-start=\"380\" data-end=\"997\"><strong data-start=\"380\" data-end=\"432\">Hat Ihr Baby wunde Stellen oder Windelausschlag?<\/strong><\/h3>\n<p data-start=\"380\" data-end=\"997\">Fast jedes Kind hat irgendwann damit zu tun: wunde, ger\u00f6tete Haut im Windelbereich. Oft merken Sie es beim Wickeln \u2013 Ihr Kleines zieht die Beinchen zusammen, weil es unangenehm oder schmerzhaft ist. Ursachen k\u00f6nnen sehr unterschiedlich sein: w\u00fcrzige Nahrung (auch \u00fcber die Muttermilch), eine zu lange getragene nasse Windel, das Zahnen oder einfach eine erh\u00f6hte Empfindlichkeit. Die beste Hilfe ist frische Luft, doch das ist nicht immer praktisch \u2013 oder schlicht zu kalt. Genau in diesen Momenten bringt die <strong data-start=\"944\" data-end=\"975\">Petit&amp;Jolie Wundschutzcreme<\/strong> schnelle Linderung.<\/p>\n<h4 data-start=\"380\" data-end=\"997\">Anwendung:<\/h4>\n[video_player src=\"https:\/\/petitetjolie.nl\/wp-content\/uploads\/2024\/08\/PetitJolie-billencreme-verzacht-en-verzorgd.mp4\" width=\"400px\"]\n<p data-start=\"1153\" data-end=\"1213\">Nach jedem Wickeln d\u00fcnn auf die gereinigte Haut auftragen.<\/p>\n<p data-start=\"1215\" data-end=\"1235\"><strong data-start=\"1215\" data-end=\"1233\">Die Creme ist:<\/strong><\/p>\n<ul>\n<li data-start=\"1215\" data-end=\"1235\">frei von Parfum<\/li>\n<li data-start=\"1215\" data-end=\"1235\">hergestellt aus 100 % nat\u00fcrlichen Inhaltsstoffen<\/li>\n<li data-start=\"1215\" data-end=\"1235\">BDIH-zertifiziert \u2013 garantiert ohne Parabene, Paraffine oder synthetische Farb- und Duftstoffe<\/li>\n<li data-start=\"1408\" data-end=\"1432\">\n<p data-start=\"1410\" data-end=\"1432\">produziert in der EU<\/p>\n<\/li>\n<\/ul>\n<p data-start=\"1434\" data-end=\"1453\"><strong data-start=\"1434\" data-end=\"1451\">Inhalt: 75 ml<\/strong><\/p>\n<p data-start=\"1455\" data-end=\"1481\"><strong data-start=\"1455\" data-end=\"1479\">Inhaltsstoffe (INCI)<\/strong><\/p>\n<p>Aqua (Water), Decyl Oleate, Helianthus Annuus (Sunflower) Hybrid Oil*, Sesamum Indicum (Sesame) Seed Oil*, Zinc Oxide, Polyglyceryl-3 Polyricinoleate, Cera Alba ( Bees Wax)*, Cetyl Ricinoleate, Sorbitan Sesquioleate, Lanolin, Magnesiumsulfate, Zinc PCA, Glyceryl Caprate, Tocopherol, Helianthus Annuus (Sunflower) Seed Oil, Aluminium Tristearate, Magnesium Stearate, Oryzanol, Vanilla Planifolia (Vanilla) Fruit Extract\u00a0 *organic source<\/p>\n<\/div>\n<\/div>\n<p>&nbsp;<\/p>\n<\/div>\n<\/div>\n<\/div>\n<\/div>\n<\/div>\n<\/div>\n<\/div>\n","protected":false},"featured_media":18013,"comment_status":"open","ping_status":"closed","template":"","meta":{"_joinchat":[]},"product_brand":[],"product_cat":[362,353],"product_tag":[356,363],"class_list":{"0":"post-18645","1":"product","2":"type-product","3":"status-publish","4":"has-post-thumbnail","6":"product_cat-huidverzorging-voor-babys-kids-de","7":"product_cat-petitjolie-de","8":"product_tag-verzorging-de","9":"product_tag-luieruitslag-de","10":"description-off","12":"first","13":"instock","14":"taxable","15":"shipping-taxable","16":"purchasable","17":"product-type-simple"},"_links":{"self":[{"href":"https:\/\/petitetjolie.nl\/de\/wp-json\/wp\/v2\/product\/18645","targetHints":{"allow":["GET"]}}],"collection":[{"href":"https:\/\/petitetjolie.nl\/de\/wp-json\/wp\/v2\/product"}],"about":[{"href":"https:\/\/petitetjolie.nl\/de\/wp-json\/wp\/v2\/types\/product"}],"replies":[{"embeddable":true,"href":"https:\/\/petitetjolie.nl\/de\/wp-json\/wp\/v2\/comments?post=18645"}],"wp:featuredmedia":[{"embeddable":true,"href":"https:\/\/petitetjolie.nl\/de\/wp-json\/wp\/v2\/media\/18013"}],"wp:attachment":[{"href":"https:\/\/petitetjolie.nl\/de\/wp-json\/wp\/v2\/media?parent=18645"}],"wp:term":[{"taxonomy":"product_brand","embeddable":true,"href":"https:\/\/petitetjolie.nl\/de\/wp-json\/wp\/v2\/product_brand?post=18645"},{"taxonomy":"product_cat","embeddable":true,"href":"https:\/\/petitetjolie.nl\/de\/wp-json\/wp\/v2\/product_cat?post=18645"},{"taxonomy":"product_tag","embeddable":true,"href":"https:\/\/petitetjolie.nl\/de\/wp-json\/wp\/v2\/product_tag?post=18645"}],"curies":[{"name":"wp","href":"https:\/\/api.w.org\/{rel}","templated":true}]}}