{"id":18637,"date":"2017-09-29T12:53:26","date_gmt":"2017-09-29T12:53:26","guid":{"rendered":"https:\/\/petitetjolie.nl\/product\/baby-badolie\/"},"modified":"2025-10-23T14:40:51","modified_gmt":"2025-10-23T14:40:51","slug":"baby-badeol","status":"publish","type":"product","link":"https:\/\/petitetjolie.nl\/de\/produkt\/baby-badeol\/","title":{"rendered":"Petit&#038;Jolie Bade\u00f6l"},"content":{"rendered":"","protected":false},"excerpt":{"rendered":"<div class=\"site-container off-canvas-wrap\" data-offcanvas=\"\">\n<div class=\"inner-wrap\">\n<div class=\"bg-container custom-css-container\">\n<div id=\"content\" class=\"columncount-1\">\n<div class=\"row\">\n<div id=\"centercolumn\" class=\"columns large-14 medium-14 small-14\">\n<div class=\"article product-page classic\">\n<div class=\"row row description\" data-tab-content=\"description\">\n<h2 data-start=\"106\" data-end=\"126\"><strong data-start=\"106\" data-end=\"124\">Super pflegend<\/strong><\/h2>\n<ul>\n<li data-start=\"106\" data-end=\"126\">Macht die Haut weich<\/li>\n<li data-start=\"154\" data-end=\"209\">Geeignet f\u00fcr sehr empfindliche Haut und Neurodermitis<\/li>\n<li data-start=\"154\" data-end=\"209\">Rosmarinextrakt sorgt f\u00fcr zus\u00e4tzliche Entspannung<\/li>\n<li data-start=\"264\" data-end=\"284\">\n<p data-start=\"266\" data-end=\"284\">0 % Mikroplastik<\/p>\n<\/li>\n<\/ul>\n<p data-start=\"286\" data-end=\"641\">Das <strong data-start=\"290\" data-end=\"312\">Petit&amp;Jolie Bade\u00f6l<\/strong> reinigt die Haut w\u00e4hrend des Badens besonders sanft. Die reichhaltige Emulsion wirkt intensiv pflegend, sodass sich die Haut nach dem Bad weich und geschmeidig anf\u00fchlt. Dadurch ist das Bade\u00f6l ideal f\u00fcr Babys und Kinder mit (sehr) trockener Haut geeignet. Das enthaltene Rosmarinextrakt sorgt zudem f\u00fcr zus\u00e4tzliche Entspannung.<\/p>\n<p data-start=\"643\" data-end=\"783\">Das Bade\u00f6l kann bereits ab der Geburt verwendet werden. Aber auch \u00e4ltere Kinder und Erwachsene profitieren von seiner wohltuenden Wirkung.<\/p>\n<h3 data-start=\"785\" data-end=\"1117\"><strong data-start=\"785\" data-end=\"844\">Hat Ihr Kind eine trockene Haut und\/oder Neurodermitis?<\/strong><\/h3>\n<p data-start=\"785\" data-end=\"1117\">Das ist sehr unangenehm und kann f\u00fcr Ihr Kind schmerzhaft sein. Leider l\u00e4sst sich die genaue Ursache nur schwer feststellen \u2013 und damit auch die richtige L\u00f6sung. In unserem Blog <em data-start=\"1025\" data-end=\"1060\">\u201eEkzem \u2013 was ist das eigentlich?\u201c<\/em> erkl\u00e4ren wir, was trockene Haut und was ein Ekzem ist.<\/p>\n<p data-start=\"1119\" data-end=\"1493\">Die Haut zu beruhigen, bringt oft schon gro\u00dfe Erleichterung. Das Petit&amp;Jolie Bade\u00f6l kann dabei eine wertvolle Unterst\u00fctzung sein \u2013 viele Eltern haben dies bereits best\u00e4tigt. Au\u00dferdem kann das Bade\u00f6l auch bei der Behandlung von Milchschorf hilfreich sein.<\/p>\n<p data-start=\"1119\" data-end=\"1493\"><strong data-start=\"1710\" data-end=\"1724\">Anwendung:<\/strong><br data-start=\"1724\" data-end=\"1727\" \/>W\u00e4hrend des Bef\u00fcllens des Badewassers eine kleine Menge Bade\u00f6l hinzuf\u00fcgen und mit der Hand verteilen. Das \u00d6l l\u00f6st sich im Wasser auf und f\u00e4rbt es milchig-wei\u00df.<\/p>\n<p data-start=\"1119\" data-end=\"1493\"><strong data-start=\"1495\" data-end=\"1510\">Das Bade\u00f6l:<\/strong><\/p>\n<ul>\n<li data-start=\"1515\" data-end=\"1561\">besteht aus 100 % nat\u00fcrlichen Inhaltsstoffen<\/li>\n<li data-start=\"1515\" data-end=\"1561\">vegan &amp; frei von Mikroplastik<\/li>\n<li data-start=\"1598\" data-end=\"1638\">BDIH Cosmos Naturkosmetik-zertifiziert<\/li>\n<li data-start=\"1598\" data-end=\"1638\">Flasche aus 100 % recyceltem Kunststoff<\/li>\n<li data-start=\"1683\" data-end=\"1708\">\n<p data-start=\"1685\" data-end=\"1708\">hergestellt in der EU<\/p>\n<\/li>\n<\/ul>\n<p data-start=\"1890\" data-end=\"1910\"><strong data-start=\"1890\" data-end=\"1908\">Inhalt: 200 ml<\/strong><\/p>\n<p data-start=\"1912\" data-end=\"1938\"><strong data-start=\"1912\" data-end=\"1936\">Inhaltsstoffe (INCI)<br \/>\n<\/strong>Glycerin, Helianthus Annuus (Sunflower) Hybrid Oil*, Polyglyceryl-10 Laurate, Aqua(Water), Parfum (Fragrance)**, Rosmarinus Officinalis (Rosemary) Leaf Extract*, Helianthus Annuus (Sunflower) Seed Oil<\/p>\n<\/div>\n<\/div>\n<\/div>\n<\/div>\n<\/div>\n<\/div>\n<\/div>\n<\/div>\n<div class=\"site-container off-canvas-wrap\" data-offcanvas=\"\">\n<div class=\"inner-wrap\">\n<div class=\"bg-container custom-css-container\">\n<div id=\"content\" class=\"columncount-1\">\n<div class=\"row\">\n<div id=\"centercolumn\" class=\"columns large-14 medium-14 small-14\">\n<div class=\"article product-page classic\">\n<div class=\"row row description\" data-tab-content=\"description\">\n<div class=\"rte_content fullwidth\">\n<p>*organic source **natural essential oils<\/p>\n<\/div>\n<\/div>\n<\/div>\n<\/div>\n<\/div>\n<\/div>\n<\/div>\n<\/div>\n<\/div>\n","protected":false},"featured_media":17655,"comment_status":"open","ping_status":"closed","template":"","meta":{"_joinchat":[]},"product_brand":[],"product_cat":[352,353],"product_tag":[359,358,356],"class_list":{"0":"post-18637","1":"product","2":"type-product","3":"status-publish","4":"has-post-thumbnail","6":"product_cat-bad-douche-voor-babys-kids-de","7":"product_cat-petitjolie-de","8":"product_tag-eczeem-de","9":"product_tag-droge-huid-de","10":"product_tag-verzorging-de","11":"description-off","13":"first","14":"instock","15":"taxable","16":"shipping-taxable","17":"purchasable","18":"product-type-simple"},"_links":{"self":[{"href":"https:\/\/petitetjolie.nl\/de\/wp-json\/wp\/v2\/product\/18637","targetHints":{"allow":["GET"]}}],"collection":[{"href":"https:\/\/petitetjolie.nl\/de\/wp-json\/wp\/v2\/product"}],"about":[{"href":"https:\/\/petitetjolie.nl\/de\/wp-json\/wp\/v2\/types\/product"}],"replies":[{"embeddable":true,"href":"https:\/\/petitetjolie.nl\/de\/wp-json\/wp\/v2\/comments?post=18637"}],"wp:featuredmedia":[{"embeddable":true,"href":"https:\/\/petitetjolie.nl\/de\/wp-json\/wp\/v2\/media\/17655"}],"wp:attachment":[{"href":"https:\/\/petitetjolie.nl\/de\/wp-json\/wp\/v2\/media?parent=18637"}],"wp:term":[{"taxonomy":"product_brand","embeddable":true,"href":"https:\/\/petitetjolie.nl\/de\/wp-json\/wp\/v2\/product_brand?post=18637"},{"taxonomy":"product_cat","embeddable":true,"href":"https:\/\/petitetjolie.nl\/de\/wp-json\/wp\/v2\/product_cat?post=18637"},{"taxonomy":"product_tag","embeddable":true,"href":"https:\/\/petitetjolie.nl\/de\/wp-json\/wp\/v2\/product_tag?post=18637"}],"curies":[{"name":"wp","href":"https:\/\/api.w.org\/{rel}","templated":true}]}}