{"id":18631,"date":"2017-09-29T12:51:52","date_gmt":"2017-09-29T12:51:52","guid":{"rendered":"https:\/\/petitetjolie.nl\/product\/baby-haarbody-shampoo\/"},"modified":"2025-10-23T14:45:51","modified_gmt":"2025-10-23T14:45:51","slug":"baby-haar-korper-shampoo","status":"publish","type":"product","link":"https:\/\/petitetjolie.nl\/de\/produkt\/baby-haar-korper-shampoo\/","title":{"rendered":"Petit&#038;Jolie Haar &#038; K\u00f6rper Shampoo"},"content":{"rendered":"","protected":false},"excerpt":{"rendered":"<div class=\"site-container off-canvas-wrap\" data-offcanvas=\"\">\n<div class=\"inner-wrap\">\n<div class=\"bg-container custom-css-container\">\n<div id=\"content\" class=\"columncount-1\">\n<div class=\"row\">\n<div id=\"centercolumn\" class=\"columns large-14 medium-14 small-14\">\n<div class=\"article product-page classic\">\n<div class=\"row row description\" data-tab-content=\"description\">\n<div class=\"rte_content fullwidth\">\n<h2 data-start=\"106\" data-end=\"127\"><strong data-start=\"106\" data-end=\"125\">Milde Reinigung<\/strong><\/h2>\n<ul>\n<li data-start=\"130\" data-end=\"165\">Shampoo brennt nicht in den Augen<\/li>\n<li data-start=\"130\" data-end=\"165\">Geeignet f\u00fcr (sehr) empfindliche Haut<\/li>\n<li data-start=\"210\" data-end=\"264\">Enth\u00e4lt kein Sodium Laureth Sulphate (SLS oder SLES)<\/li>\n<li data-start=\"210\" data-end=\"264\">0 % Mikroplastik<\/li>\n<\/ul>\n<p data-start=\"287\" data-end=\"480\">Die <strong data-start=\"291\" data-end=\"326\">Petit&amp;Jolie Haar &amp; Body Shampoo<\/strong> reinigt und pflegt Haut und Haar auf besonders sanfte Weise. Die spezielle Zusammensetzung sorgt f\u00fcr eine geschmeidige Haut und beugt Austrocknung vor.<\/p>\n<p data-start=\"482\" data-end=\"577\">Die Shampoo ist f\u00fcr Kinder von 0 bis 10 Jahren mit trockener und empfindlicher Haut geeignet.<\/p>\n<h3 data-start=\"579\" data-end=\"877\"><strong data-start=\"579\" data-end=\"627\">Reinigt die Haar &amp; Body Shampoo ausreichend?<\/strong><\/h3>\n<p data-start=\"579\" data-end=\"877\">Ja \u2013 die Shampoo enth\u00e4lt einen milden Reiniger, der Haut und Haar gr\u00fcndlich s\u00e4ubert, ohne die Haut auszutrocknen. Sand, Tomatenso\u00dfe oder Apfelmus werden zuverl\u00e4ssig ausgewaschen. Nach der Anwendung f\u00fchlen sich Haut und Haare sauber und weich an.<\/p>\n<h4 data-start=\"879\" data-end=\"1095\"><strong data-start=\"879\" data-end=\"892\">Anwendung<\/strong><\/h4>\n<p data-start=\"879\" data-end=\"1095\">W\u00e4hrend des Duschens oder Badens eine kleine Menge Shampoo auf die Hand oder einen Waschlappen geben und sanft in Haut und Haare Ihres Babys einmassieren. Anschlie\u00dfend gr\u00fcndlich mit Wasser absp\u00fclen.<\/p>\n<p data-start=\"1097\" data-end=\"1115\"><strong data-start=\"1097\" data-end=\"1113\">Die Shampoo:<\/strong><\/p>\n<ul>\n<li data-start=\"1118\" data-end=\"1164\">besteht aus 100 % nat\u00fcrlichen Inhaltsstoffen<\/li>\n<li data-start=\"1118\" data-end=\"1164\">ist BDIH Cosmos Naturkosmetik-zertifiziert<\/li>\n<li data-start=\"1214\" data-end=\"1270\">die Flasche besteht zu 100 % aus recyceltem Kunststoff<\/li>\n<li data-start=\"1214\" data-end=\"1270\">hergestellt in der EU<\/li>\n<\/ul>\n<p data-start=\"1298\" data-end=\"1318\"><strong data-start=\"1298\" data-end=\"1316\">Inhalt: 200 ml<\/strong><\/p>\n<p><strong>\u200bIngredi\u00ebnten (INCI)<\/strong><br \/>\nAqua ( Water), Glycerin, Sodium Cococyl Glutamate, Coco-Glucoside, Decyl Glucoside, Xanthan Gum, Glyceryl Oleate, Parfum (Fragrance)*, Lactic Acid, Cinnamic Acid, Sodium Anisate, Sodium Levulinate, Sodium Hydroxide, Citric Acid\u00a0 *natural essential oils<\/p>\n<\/div>\n<\/div>\n<\/div>\n<\/div>\n<\/div>\n<\/div>\n<\/div>\n<\/div>\n<\/div>\n","protected":false},"featured_media":17649,"comment_status":"open","ping_status":"closed","template":"","meta":{"_joinchat":[]},"product_brand":[],"product_cat":[352,353],"product_tag":[354,355,356],"class_list":{"0":"post-18631","1":"product","2":"type-product","3":"status-publish","4":"has-post-thumbnail","6":"product_cat-bad-douche-voor-babys-kids-de","7":"product_cat-petitjolie-de","8":"product_tag-baby-de","9":"product_tag-shampoo-de","10":"product_tag-verzorging-de","11":"description-off","13":"first","14":"instock","15":"taxable","16":"shipping-taxable","17":"purchasable","18":"product-type-simple"},"_links":{"self":[{"href":"https:\/\/petitetjolie.nl\/de\/wp-json\/wp\/v2\/product\/18631","targetHints":{"allow":["GET"]}}],"collection":[{"href":"https:\/\/petitetjolie.nl\/de\/wp-json\/wp\/v2\/product"}],"about":[{"href":"https:\/\/petitetjolie.nl\/de\/wp-json\/wp\/v2\/types\/product"}],"replies":[{"embeddable":true,"href":"https:\/\/petitetjolie.nl\/de\/wp-json\/wp\/v2\/comments?post=18631"}],"wp:featuredmedia":[{"embeddable":true,"href":"https:\/\/petitetjolie.nl\/de\/wp-json\/wp\/v2\/media\/17649"}],"wp:attachment":[{"href":"https:\/\/petitetjolie.nl\/de\/wp-json\/wp\/v2\/media?parent=18631"}],"wp:term":[{"taxonomy":"product_brand","embeddable":true,"href":"https:\/\/petitetjolie.nl\/de\/wp-json\/wp\/v2\/product_brand?post=18631"},{"taxonomy":"product_cat","embeddable":true,"href":"https:\/\/petitetjolie.nl\/de\/wp-json\/wp\/v2\/product_cat?post=18631"},{"taxonomy":"product_tag","embeddable":true,"href":"https:\/\/petitetjolie.nl\/de\/wp-json\/wp\/v2\/product_tag?post=18631"}],"curies":[{"name":"wp","href":"https:\/\/api.w.org\/{rel}","templated":true}]}}