{"id":18962,"date":"2017-10-16T08:14:50","date_gmt":"2017-10-16T08:14:50","guid":{"rendered":"https:\/\/petitetjolie.nl\/ingredienten\/"},"modified":"2025-11-11T15:38:20","modified_gmt":"2025-11-11T15:38:20","slug":"inhaltstoffe","status":"publish","type":"page","link":"https:\/\/petitetjolie.nl\/de\/inhaltstoffe\/","title":{"rendered":"Inhaltsstoffe"},"content":{"rendered":"<div class=\"wpb-content-wrapper\"><p>[vc_row][vc_column width=&#8221;2\/3&#8243;][vc_column_text css=&#8221;&#8221;]<\/p>\n<h2 data-start=\"1902\" data-end=\"2131\">Pflegeprodukte basieren auf <strong data-start=\"2098\" data-end=\"2128\">nat\u00fcrlichen Inhaltsstoffen<\/strong><\/h2>\n<p data-start=\"2133\" data-end=\"2426\">Die Grundlage aller Produkte von Petit&amp;Jolie bilden Pflanzen\u00f6le und -extrakte, vorzugsweise aus biologischem Anbau. Die nat\u00fcrlichen Inhaltsstoffe, die wir verwenden, sind hautfreundlich und enthalten wertvolle Eigenschaften, die je nach \u00d6l, Pflanze oder Bl\u00fcte unterschiedlich sind.<\/p>\n<p data-start=\"2428\" data-end=\"2555\">Das bedeutet, dass in den Produkten von Petit&amp;Jolie <strong>keine<\/strong> Inhaltsstoffe verwendet werden, die aus Erd\u00f6lderivaten stammen.<\/p>\n<p data-start=\"2557\" data-end=\"2785\">Dar\u00fcber hinaus verwenden wir <strong>keine<\/strong> synthetischen Duft-, Farb- oder Konservierungsstoffe. Die D\u00fcfte in den Petit&amp;Jolie Produkten basieren auf einer Mischung \u00e4therischer \u00d6le, selbstverst\u00e4ndlich frei von Allergenen.<\/p>\n<p>[\/vc_column_text][\/vc_column][vc_column width=&#8221;1\/3&#8243;][vc_single_image image=&#8221;17537&#8243; img_size=&#8221;full&#8221;][\/vc_column][\/vc_row][vc_row][vc_column][vc_column_text css=&#8221;&#8221;]<\/p>\n<p data-start=\"2787\" data-end=\"3160\">Alle Produkte von Petit&amp;Jolie sind <strong data-start=\"2822\" data-end=\"2841\">von BDIH Cosmos<\/strong> (Bundesverband der Industrie- und Handelsunternehmen bzw. <em data-start=\"2900\" data-end=\"2957\">International Organic and Natural Cosmetics Corporation<\/em>) zertifiziert.<br data-start=\"2976\" data-end=\"2979\" \/>BDIH ist eine <strong data-start=\"2993\" data-end=\"3021\">unabh\u00e4ngige Organisation<\/strong>, die unsere Produkte, Inhaltsstoffe, Verpackungen und Produktionsprozesse nach ihren festgelegten Standards f\u00fcr Naturkosmetik \u00fcberpr\u00fcft.<\/p>\n<h4 data-start=\"3162\" data-end=\"3203\">Einige Beispiele dieser Standards sind:<\/h4>\n<ul data-start=\"3204\" data-end=\"3663\">\n<li data-start=\"3204\" data-end=\"3358\">\n<p data-start=\"3206\" data-end=\"3358\">Tierversuche sind weltweit nicht erlaubt, weder am Endprodukt noch an einzelnen Inhaltsstoffen, die in Petit&amp;Jolie Produkten verwendet werden.<\/p>\n<\/li>\n<li data-start=\"3359\" data-end=\"3534\">\n<p data-start=\"3361\" data-end=\"3534\">Wenn Palm\u00f6l verwendet wird, muss dieses RSPO-zertifiziert sein \u2013 also garantiert, dass f\u00fcr die Palm\u00f6lproduktion kein wertvoller tropischer Wald abgeholzt wird.<\/p>\n<\/li>\n<li data-start=\"3535\" data-end=\"3663\">\n<p data-start=\"3537\" data-end=\"3663\">Es ist nicht erlaubt, Inhaltsstoffe zu verwenden, die aus genetisch ver\u00e4nderten Pflanzen, Bl\u00fcten oder Samen stammen.<\/p>\n<\/li>\n<\/ul>\n<p>[\/vc_column_text][vc_single_image image=&#8221;18963&#8243; img_size=&#8221;full&#8221; alignment=&#8221;center&#8221;][vc_column_text css=&#8221;&#8221;]<\/p>\n<h2 data-start=\"4317\" data-end=\"4359\">Inhaltsstoffe in Petit&amp;Jolie Produkten<\/h2>\n<p data-start=\"4361\" data-end=\"4592\"><strong data-start=\"4361\" data-end=\"4377\">Aprikosen\u00f6l:<\/strong><br data-start=\"4377\" data-end=\"4380\" \/>Aprikosen\u00f6l ist ein mildes \u00d6l, das sich besonders f\u00fcr trockene und empfindliche Haut eignet. Es verbessert die Elastizit\u00e4t der Haut. Das \u00d6l wird in Spanien und Italien hergestellt und in der Bodylotion verwendet.<\/p>\n<p data-start=\"4594\" data-end=\"4781\"><strong data-start=\"4594\" data-end=\"4607\">Mandel\u00f6l:<\/strong><br data-start=\"4607\" data-end=\"4610\" \/>Mandel\u00f6l ist ein reichhaltiges \u00d6l, das die Feuchtigkeit reguliert und Hautirritationen reduziert. Es wird in Spanien und den USA produziert und in der Massage\u00f6l verwendet.<\/p>\n<p data-start=\"4783\" data-end=\"4981\"><strong data-start=\"4783\" data-end=\"4799\">Bienenwachs:<\/strong><br data-start=\"4799\" data-end=\"4802\" \/>Bienenwachs wirkt feuchtigkeitsspendend und bildet eine wasserabweisende Schutzschicht auf der Haut. Das Wachs stammt \u00fcberwiegend aus der EU und wird in der Windelcreme verwendet.<\/p>\n<p data-start=\"4983\" data-end=\"5125\"><strong data-start=\"4983\" data-end=\"4996\">Jojoba\u00f6l:<\/strong><br data-start=\"4996\" data-end=\"4999\" \/>Jojoba\u00f6l ist reichhaltig, entz\u00fcndungshemmend und ideal f\u00fcr empfindliche Haut. Es ist unter anderem in der Massage\u00f6l enthalten.<\/p>\n<p data-start=\"5127\" data-end=\"5330\"><strong data-start=\"5127\" data-end=\"5140\">Glycerin:<\/strong><br data-start=\"5140\" data-end=\"5143\" \/>Glycerin ist ein Feuchthaltemittel \u2013 es zieht Wasser an und speichert es, wodurch die Haut hydratisiert bleibt und nicht austrocknet. Das verwendete Glycerin stammt aus pflanzlichen \u00d6len.<\/p>\n<p data-start=\"5332\" data-end=\"5461\"><strong data-start=\"5332\" data-end=\"5369\">Gei\u00dfblatt-Extrakt (Kamperfoelie):<\/strong><br data-start=\"5369\" data-end=\"5372\" \/>Hilft, die Haut zu reinigen, und dient gleichzeitig als nat\u00fcrliches Konservierungsmittel.<\/p>\n<p data-start=\"5463\" data-end=\"5617\"><strong data-start=\"5463\" data-end=\"5475\">Kokos\u00f6l:<\/strong><br data-start=\"5475\" data-end=\"5478\" \/>Kokos\u00f6l bildet die Basis vieler Inhaltsstoffe, die f\u00fcr die Reinigung, Stabilisierung und Emulgierung in den Pflegeprodukten notwendig sind.<\/p>\n<hr data-start=\"5619\" data-end=\"5622\" \/>\n<h3 data-start=\"5624\" data-end=\"5665\"><em><strong data-start=\"5628\" data-end=\"5665\">Ist Parfum schlecht f\u00fcr die Haut?<\/strong><\/em><\/h3>\n<p data-start=\"5666\" data-end=\"6060\"><em>\u201eParfum\u201c ist ein Sammelbegriff f\u00fcr Duftstoffe. Sobald einem Kosmetikprodukt Duftstoffe zugesetzt werden, muss dies in der Zutatenliste als Parfum angegeben werden. <\/em><em>Dies sagt jedoch nichts \u00fcber die Herkunft der Duftstoffe aus \u2013 und genau darin liegt der Unterschied.<\/em><br data-start=\"5935\" data-end=\"5938\" \/><em>Gut zu wissen: Je weiter unten Parfum in der Zutatenliste steht, desto geringer ist die Menge an Duftstoff im Produkt.<\/em><\/p>\n<p data-start=\"6062\" data-end=\"6160\"><em>Mehr dar\u00fcber erf\u00e4hrst du in unserem Blog \u201eParfum \u2013 ein geliebter und umstrittener Inhaltsstoff\u201c.<\/em><\/p>\n<p data-start=\"6162\" data-end=\"6381\"><strong data-start=\"6162\" data-end=\"6198\">Parfum in Petit&amp;Jolie Produkten:<\/strong><br data-start=\"6198\" data-end=\"6201\" \/>Das Parfum besteht aus einer <strong data-start=\"6230\" data-end=\"6286\">Mischung nat\u00fcrlicher, allergenfreier \u00e4therischer \u00d6le<\/strong>.<br data-start=\"6287\" data-end=\"6290\" \/>Ein Parfum auf Basis \u00e4therischer \u00d6le ist \u201efl\u00fcchtig\u201c, das hei\u00dft, der Duft verfliegt schnell.<\/p>\n<hr data-start=\"6383\" data-end=\"6386\" \/>\n<p data-start=\"6388\" data-end=\"6533\"><strong data-start=\"6388\" data-end=\"6414\">Polyglyceryl-5 Oleate:<\/strong><br data-start=\"6414\" data-end=\"6417\" \/>Ein nat\u00fcrlicher Emulgator und Hautpfleger. Ein Emulgator sorgt daf\u00fcr, dass sich Wasser und \u00d6l miteinander verbinden.<\/p>\n<p data-start=\"6535\" data-end=\"6675\"><strong data-start=\"6535\" data-end=\"6556\">Rosmarin-Extrakt:<\/strong><br data-start=\"6556\" data-end=\"6559\" \/>Rosmarin wirkt entspannend auf die Muskeln. Der Extrakt wird in Griechenland produziert und in der Bade\u00f6l verwendet.<\/p>\n<p data-start=\"6677\" data-end=\"6849\"><strong data-start=\"6677\" data-end=\"6696\">Salbei-Extrakt:<\/strong><br data-start=\"6696\" data-end=\"6699\" \/>Salbei wirkt antiseptisch und adstringierend, hilft bei \u00fcberm\u00e4\u00dfiger Transpiration, reinigt und stimuliert die (Kopf-)Haut und lindert Muskelschmerzen.<\/p>\n<p data-start=\"6851\" data-end=\"7028\"><strong data-start=\"6851\" data-end=\"6894\">Schisandra Sphenanthera Frucht-Extrakt:<\/strong><br data-start=\"6894\" data-end=\"6897\" \/>Schisandra-Beere besitzt entz\u00fcndungshemmende und beruhigende Eigenschaften. Der Extrakt wird in der Anti-Stretch-Mark-\u00d6l verwendet.<\/p>\n<p data-start=\"7030\" data-end=\"7284\"><strong data-start=\"7030\" data-end=\"7042\">Sesam\u00f6l:<\/strong><br data-start=\"7042\" data-end=\"7045\" \/>Sesam\u00f6l ist ein nat\u00fcrliches Konservierungsmittel, reich an wertvollen Inhaltsstoffen, sch\u00fctzt die Lipide der Haut und hat einen angenehm nussigen Duft. Es stammt haupts\u00e4chlich aus Indien und Venezuela und wird in der Windelcreme verwendet.<\/p>\n<p data-start=\"7286\" data-end=\"7452\"><strong data-start=\"7286\" data-end=\"7301\">Sheabutter:<\/strong><br data-start=\"7301\" data-end=\"7304\" \/>Sheabutter spendet Feuchtigkeit, verbessert die Durchblutung und erh\u00f6ht die Elastizit\u00e4t der Haut. Sie wird unter anderem in der Fettcreme verwendet.<\/p>\n<p data-start=\"7454\" data-end=\"7604\"><strong data-start=\"7454\" data-end=\"7482\">Sodium Cocoyl Glutamate:<\/strong><br data-start=\"7482\" data-end=\"7485\" \/>Ein hautfreundlicher, nat\u00fcrlicher Reiniger aus Kokos\u00f6l und einer Aminos\u00e4ure. Es sorgt f\u00fcr die Reinigung in der Shampoo.<\/p>\n<p data-start=\"7606\" data-end=\"7731\"><strong data-start=\"7606\" data-end=\"7618\">Squalan:<\/strong><br data-start=\"7618\" data-end=\"7621\" \/>Squalan unterst\u00fctzt die Feuchtigkeitsbalance und Elastizit\u00e4t der Haut. Es wird aus pflanzlichen \u00d6len gewonnen.<\/p>\n<p data-start=\"7733\" data-end=\"7965\"><strong data-start=\"7733\" data-end=\"7753\">Vanille-Extrakt:<\/strong><br data-start=\"7753\" data-end=\"7756\" \/>Die Zucker in Vanille wirken als Feuchthaltemittel \u2013 sie bilden einen leichten Film auf der Haut, der den Feuchtigkeitsverlust verhindert. Das Extrakt stammt aus Madagaskar und wird in der Massage\u00f6l verwendet.<\/p>\n<p data-start=\"7967\" data-end=\"8060\"><strong data-start=\"7967\" data-end=\"7994\">Vitamin E (Tocopherol):<\/strong><br data-start=\"7994\" data-end=\"7997\" \/>Vitamin E wird als nat\u00fcrliches Konservierungsmittel eingesetzt.<\/p>\n<p data-start=\"8062\" data-end=\"8292\"><strong data-start=\"8062\" data-end=\"8085\">Wollfett (Lanolin):<\/strong><br data-start=\"8085\" data-end=\"8088\" \/>Wollfett ist ein hervorragender Feuchtigkeitsspender f\u00fcr trockene Haut. Es bindet Wasser auf der Haut, h\u00e4lt es dort und bildet eine sch\u00fctzende, atmungsaktive Schicht. Es wird in der Windelcreme verwendet.<\/p>\n<p data-start=\"8294\" data-end=\"8377\"><strong data-start=\"8294\" data-end=\"8310\">Xanthan Gum:<\/strong><br data-start=\"8310\" data-end=\"8313\" \/>Ein nat\u00fcrlicher Stabilisator, hergestellt aus pflanzlichen \u00d6len.<\/p>\n<p data-start=\"8379\" data-end=\"8534\"><strong data-start=\"8379\" data-end=\"8398\">Sonnenblumen\u00f6l:<\/strong><br data-start=\"8398\" data-end=\"8401\" \/>Es wird ein sehr reichhaltiges Sonnenblumen\u00f6l verwendet, das die Reinigung und Pflege der Haut unterst\u00fctzt. Das \u00d6l stammt aus der EU.<\/p>\n<p data-start=\"8536\" data-end=\"8685\"><strong data-start=\"8536\" data-end=\"8545\">Salz:<\/strong><br data-start=\"8545\" data-end=\"8548\" \/>Salz hilft Seifen, \u00fcbersch\u00fcssiges Fett, abgestorbene Hautzellen und Schmutz sanft zu entfernen, damit die Haut weich und angenehm bleibt.<\/p>\n<p>[\/vc_column_text][vc_single_image image=&#8221;18964&#8243; img_size=&#8221;full&#8221; alignment=&#8221;center&#8221;][\/vc_column][\/vc_row][vc_row][vc_column width=&#8221;3\/4&#8243;][vc_column_text css=&#8221;&#8221;]<\/p>\n<h3 data-start=\"1553\" data-end=\"1577\">Was ist BDIH Cosmos?<\/h3>\n<p data-start=\"1579\" data-end=\"1898\">BDIH Cosmos ist eine unabh\u00e4ngige Organisation zur Zertifizierung von Naturkosmetik. Der BDIH-Standard hat das Ziel, den Begriff <em data-start=\"1709\" data-end=\"1726\">\u201eNaturkosmetik\u201c<\/em> im Interesse der Verbraucher klar zu definieren. So zeigt das G\u00fctesiegel, ob die Bezeichnung \u201enat\u00fcrliche Kosmetik\u201c tats\u00e4chlich zutreffend ist, und sorgt f\u00fcr Transparenz.<\/p>\n<p data-start=\"1900\" data-end=\"2443\">Das G\u00fctesiegel garantiert den Verbrauchern, dass die zertifizierten Produkte ausschlie\u00dflich aus Rohstoffen hergestellt werden, die den strengen Vorgaben von BDIH \/ IONC entsprechen \u2013 dem sogenannten <em data-start=\"2099\" data-end=\"2129\">\u201eNatural Cosmetic Standard\u201c. <\/em>Beispielsweise sind die genetische Ver\u00e4nderung von Pflanzen und Tierversuche streng verboten.<br data-start=\"2225\" data-end=\"2228\" \/>Unabh\u00e4ngige Kontrollstellen pr\u00fcfen die nat\u00fcrlichen Kosmetikprodukte regelm\u00e4\u00dfig auf Basis ihrer Inhaltsstoffe und Zusammensetzung. Nur Produkte, die diese strengen Kriterien erf\u00fcllen, d\u00fcrfen das <em data-start=\"2422\" data-end=\"2428\">BDIH<\/em>-Siegel tragen.<\/p>\n<p data-start=\"2445\" data-end=\"2833\">Die Norm beschreibt Anforderungen, die den Einkauf, die Herstellung und die Verarbeitung von kosmetischen Rohstoffen betreffen.<br data-start=\"2572\" data-end=\"2575\" \/>Seit der offiziellen Einf\u00fchrung im Fr\u00fchjahr 2001 wurden etwa 5.000 Produkte \u00fcberpr\u00fcft. Durch regelm\u00e4\u00dfige Kontrollen wird sichergestellt, dass der Verbraucher tats\u00e4chlich erh\u00e4lt, was er erwartet:<br data-start=\"2771\" data-end=\"2774\" \/><strong data-start=\"2774\" data-end=\"2833\">Echte Naturkosmetik \u2013 im Einklang mit Mensch und Natur.<\/strong><\/p>\n<p data-start=\"2835\" data-end=\"2921\">(Quelle: <a class=\"decorated-link\" href=\"http:\/\/www.bdih.de\" target=\"_new\" rel=\"noopener\" data-start=\"2844\" data-end=\"2855\">www.bdih.de<\/a>. Weitere Informationen finden Sie auf den offiziellen Webseiten.)<\/p>\n<p>[\/vc_column_text][\/vc_column][vc_column width=&#8221;1\/4&#8243;][vc_single_image image=&#8221;18965&#8243; img_size=&#8221;250&#215;250&#8243; alignment=&#8221;center&#8221;][\/vc_column][\/vc_row]<\/p>\n<\/div>","protected":false},"excerpt":{"rendered":"<p>[vc_row][vc_column width=&#8221;2\/3&#8243;][vc_column_text css=&#8221;&#8221;] Pflegeprodukte basieren auf nat\u00fcrlichen Inhaltsstoffen Die Grundlage aller Produkte von Petit&amp;Jolie bilden Pflanzen\u00f6le und -extrakte, vorzugsweise aus biologischem Anbau. Die nat\u00fcrlichen Inhaltsstoffe, die wir verwenden, sind hautfreundlich und enthalten wertvolle Eigenschaften, die je nach \u00d6l, Pflanze oder Bl\u00fcte unterschiedlich sind. Das bedeutet, dass in den Produkten von Petit&amp;Jolie keine Inhaltsstoffe verwendet werden,&hellip;<\/p>\n","protected":false},"author":3,"featured_media":0,"parent":0,"menu_order":0,"comment_status":"closed","ping_status":"closed","template":"","meta":{"_joinchat":[],"footnotes":""},"class_list":["post-18962","page","type-page","status-publish","hentry","description-off"],"_links":{"self":[{"href":"https:\/\/petitetjolie.nl\/de\/wp-json\/wp\/v2\/pages\/18962","targetHints":{"allow":["GET"]}}],"collection":[{"href":"https:\/\/petitetjolie.nl\/de\/wp-json\/wp\/v2\/pages"}],"about":[{"href":"https:\/\/petitetjolie.nl\/de\/wp-json\/wp\/v2\/types\/page"}],"author":[{"embeddable":true,"href":"https:\/\/petitetjolie.nl\/de\/wp-json\/wp\/v2\/users\/3"}],"replies":[{"embeddable":true,"href":"https:\/\/petitetjolie.nl\/de\/wp-json\/wp\/v2\/comments?post=18962"}],"version-history":[{"count":5,"href":"https:\/\/petitetjolie.nl\/de\/wp-json\/wp\/v2\/pages\/18962\/revisions"}],"predecessor-version":[{"id":18977,"href":"https:\/\/petitetjolie.nl\/de\/wp-json\/wp\/v2\/pages\/18962\/revisions\/18977"}],"wp:attachment":[{"href":"https:\/\/petitetjolie.nl\/de\/wp-json\/wp\/v2\/media?parent=18962"}],"curies":[{"name":"wp","href":"https:\/\/api.w.org\/{rel}","templated":true}]}}