{"id":18936,"date":"2025-10-23T14:18:49","date_gmt":"2025-10-23T14:18:49","guid":{"rendered":"https:\/\/petitetjolie.nl\/?page_id=18936"},"modified":"2025-10-23T14:18:49","modified_gmt":"2025-10-23T14:18:49","slug":"haeufig-gestellte-fragen","status":"publish","type":"page","link":"https:\/\/petitetjolie.nl\/de\/haeufig-gestellte-fragen\/","title":{"rendered":"H\u00e4ufig gestellte Fragen"},"content":{"rendered":"<h2 data-start=\"3540\" data-end=\"3575\"><strong data-start=\"3548\" data-end=\"3575\">H\u00e4ufig gestellte Fragen<\/strong><\/h2>\n<p data-start=\"3577\" data-end=\"3883\">Wir erhalten regelm\u00e4\u00dfig Fragen zu unseren Produkten, Inhaltsstoffen, Lieferungen und mehr.<br data-start=\"3667\" data-end=\"3670\" \/>Hier haben wir einige der h\u00e4ufigsten Fragen f\u00fcr Sie zusammengestellt.<br data-start=\"3739\" data-end=\"3742\" \/>Sollte Ihre Frage nicht dabei sein, senden Sie uns bitte eine Nachricht \u00fcber das Kontaktformular oder per E-Mail an <strong data-start=\"3858\" data-end=\"3882\"><a class=\"decorated-link cursor-pointer\" rel=\"noopener\" data-start=\"3860\" data-end=\"3880\">info@petitetjolie.nl<\/a><\/strong>.<\/p>\n<h3 data-start=\"3890\" data-end=\"3966\">Was bedeutet es, dass die Pflegeprodukte von Petit&amp;Jolie nat\u00fcrlich sind?<\/h3>\n<p data-start=\"3968\" data-end=\"4194\">Alle Inhaltsstoffe, die Petit&amp;Jolie in ihren Produkten verwendet, sind nat\u00fcrlichen Ursprungs \u2013 zum Beispiel Pflanzen, Blumen und Kr\u00e4uter.<br data-start=\"4105\" data-end=\"4108\" \/>Die Inhaltsstoffe stammen weder aus Erd\u00f6l noch werden sie direkt im Labor hergestellt.<\/p>\n<h3 data-start=\"4201\" data-end=\"4283\">Was ist der Unterschied zwischen nat\u00fcrlichen und biologischen Pflegeprodukten?<\/h3>\n<p data-start=\"4285\" data-end=\"4512\">Diese beiden Begriffe werden oft synonym verwendet, es gibt jedoch einen klaren Unterschied.<br data-start=\"4377\" data-end=\"4380\" \/>Alle Inhaltsstoffe, die Petit&amp;Jolie verwendet, sind nat\u00fcrlichen Ursprungs. Einige davon stammen zus\u00e4tzlich aus biologischem Anbau.<\/p>\n<p data-start=\"4514\" data-end=\"4856\">Offiziell darf ein Pflegeprodukt nur als <strong data-start=\"4555\" data-end=\"4569\">biologisch<\/strong> bezeichnet werden, wenn <strong data-start=\"4594\" data-end=\"4602\">alle<\/strong> Inhaltsstoffe nat\u00fcrlich, unverarbeitet und aus biologischem Anbau sind.<br data-start=\"4674\" data-end=\"4677\" \/>In der Praxis sind solche Produkte jedoch kaum erh\u00e4ltlich.<br data-start=\"4735\" data-end=\"4738\" \/>Ein Beispiel w\u00e4re ein Haut\u00f6l aus biologisch angebauten Mandeln \u2013 das ausschlie\u00dflich Mandel\u00f6l enth\u00e4lt und sonst nichts.<\/p>\n<h3 data-start=\"4863\" data-end=\"4905\">Sind alle Petit&amp;Jolie Produkte sicher?<\/h3>\n<p data-start=\"4907\" data-end=\"5051\">Ja, alle Produkte sind sicher. Sie werden mit gr\u00f6\u00dfter Sorgfalt hergestellt, getestet und gem\u00e4\u00df den europ\u00e4ischen Kosmetikvorschriften zugelassen.<\/p>\n<h3 data-start=\"5058\" data-end=\"5116\">K\u00f6nnen Petit&amp;Jolie Produkte Hautausschlag verursachen?<\/h3>\n<p data-start=\"5118\" data-end=\"5450\">Die Produkte von Petit&amp;Jolie bestehen aus nat\u00fcrlichen Inhaltsstoffen. Wenn jemand gegen einen dieser Stoffe allergisch ist, kann dies tats\u00e4chlich zu Hautausschlag oder Reizungen f\u00fchren.<br data-start=\"5303\" data-end=\"5306\" \/>Bitte pr\u00fcfen Sie immer die <strong data-start=\"5333\" data-end=\"5347\">INCI-Liste<\/strong> auf der Verpackung.<br data-start=\"5367\" data-end=\"5370\" \/>Bei Fragen k\u00f6nnen Sie uns jederzeit unter <strong data-start=\"5412\" data-end=\"5436\"><a class=\"decorated-link cursor-pointer\" rel=\"noopener\" data-start=\"5414\" data-end=\"5434\">info@petitetjolie.nl<\/a><\/strong> kontaktieren.<\/p>\n<h3 data-start=\"5457\" data-end=\"5501\">Sind die Produkte von Petit&amp;Jolie vegan?<\/h3>\n<p data-start=\"5503\" data-end=\"5711\">Alle Produkte sind vegan, <strong data-start=\"5529\" data-end=\"5538\">au\u00dfer<\/strong> die <strong data-start=\"5543\" data-end=\"5562\">Wundschutzcreme<\/strong> und der <strong data-start=\"5571\" data-end=\"5591\">Calendula-Balsam<\/strong>.<br data-start=\"5592\" data-end=\"5595\" \/>Diese enthalten Bienenwachs und Wollfett, die die Haut pflegen und eine sch\u00fctzende, wasserabweisende Schicht bilden.<\/p>\n<h3 data-start=\"5718\" data-end=\"5779\">Haben die Produkte von Petit&amp;Jolie ein Haltbarkeitsdatum?<\/h3>\n<p data-start=\"5781\" data-end=\"6003\">Die Produkte von Petit&amp;Jolie haben kein festes Haltbarkeitsdatum.<br data-start=\"5846\" data-end=\"5849\" \/>Nach dem \u00d6ffnen sind sie jedoch etwa <strong data-start=\"5886\" data-end=\"5906\">6 Monate haltbar<\/strong>.<br data-start=\"5907\" data-end=\"5910\" \/>Durch den Kontakt mit Sauerstoff kann die Qualit\u00e4t des Produkts mit der Zeit leicht abnehmen.<\/p>\n<h3 data-start=\"6010\" data-end=\"6046\">Wie hoch sind die Versandkosten?<\/h3>\n<p data-start=\"6048\" data-end=\"6130\">Die Versandkosten finden Sie im Abschnitt <strong data-start=\"6090\" data-end=\"6109\">\u201eVersandkosten\u201c<\/strong> auf unserer Website.<\/p>\n<h3 data-start=\"6137\" data-end=\"6172\">Wie lange dauert die Lieferung?<\/h3>\n<p data-start=\"6174\" data-end=\"6391\">Lieferungen innerhalb der Niederlande erfolgen in der Regel innerhalb von <strong data-start=\"6248\" data-end=\"6266\">drei Werktagen<\/strong> nach Zahlungseingang.<br data-start=\"6288\" data-end=\"6291\" \/>Bestellungen, die vor <strong data-start=\"6313\" data-end=\"6326\">15:00 Uhr<\/strong> eingehen, werden in der Regel <strong data-start=\"6357\" data-end=\"6380\">am n\u00e4chsten Werktag<\/strong> geliefert.<\/p>\n<h3 data-start=\"6398\" data-end=\"6441\">Kann ich meine Bestellung zur\u00fccksenden?<\/h3>\n<p data-start=\"6443\" data-end=\"6652\">Ja, Verbraucher haben das Recht, Produkte innerhalb von <strong data-start=\"6499\" data-end=\"6511\">14 Tagen<\/strong> zur\u00fcckzusenden.<br data-start=\"6527\" data-end=\"6530\" \/>Die R\u00fccksendekosten tr\u00e4gt der Kunde.<br data-start=\"6566\" data-end=\"6569\" \/>Nach Erhalt der unbesch\u00e4digten und unge\u00f6ffneten Ware wird der Kaufbetrag erstattet.<\/p>\n<p data-start=\"6654\" data-end=\"6750\"><strong data-start=\"6654\" data-end=\"6675\">R\u00fccksendeadresse:<\/strong><br data-start=\"6675\" data-end=\"6678\" \/>Petit&amp;Jolie B.V.<br data-start=\"6694\" data-end=\"6697\" \/>Catharijnesingel 90<br data-start=\"6716\" data-end=\"6719\" \/>3511 GR Utrecht<br data-start=\"6734\" data-end=\"6737\" \/>Niederlande<\/p>\n<h3 data-start=\"6757\" data-end=\"6836\">Kann ich Petit&amp;Jolie Produkte in meinem Gesch\u00e4ft oder Onlineshop verkaufen?<\/h3>\n<p data-start=\"6838\" data-end=\"7089\">Ja, das ist m\u00f6glich. Bitte kontaktieren Sie uns \u00fcber das <strong data-start=\"6895\" data-end=\"6914\">Kontaktformular<\/strong> auf der Website oder per E-Mail an <strong data-start=\"6950\" data-end=\"6974\"><a class=\"decorated-link cursor-pointer\" rel=\"noopener\" data-start=\"6952\" data-end=\"6972\">info@petitetjolie.nl<\/a><\/strong>.<br data-start=\"6975\" data-end=\"6978\" \/>Die Produkte von Petit&amp;Jolie sind au\u00dferdem f\u00fcr Einzelh\u00e4ndler \u00fcber <strong data-start=\"7044\" data-end=\"7058\">Ankorstore<\/strong> und <strong data-start=\"7063\" data-end=\"7077\">Orderchamp<\/strong> erh\u00e4ltlich.<\/p>\n<h3 data-start=\"7096\" data-end=\"7115\">Weitere Fragen?<\/h3>\n<p data-start=\"7117\" data-end=\"7246\">Kontaktieren Sie uns gerne \u00fcber das Kontaktformular oder per E-Mail an <strong data-start=\"7188\" data-end=\"7212\"><a class=\"decorated-link cursor-pointer\" rel=\"noopener\" data-start=\"7190\" data-end=\"7210\">info@petitetjolie.nl<\/a><\/strong>.<br data-start=\"7213\" data-end=\"7216\" \/>Wir helfen Ihnen gerne weiter!<\/p>\n","protected":false},"excerpt":{"rendered":"<p>H\u00e4ufig gestellte Fragen Wir erhalten regelm\u00e4\u00dfig Fragen zu unseren Produkten, Inhaltsstoffen, Lieferungen und mehr.Hier haben wir einige der h\u00e4ufigsten Fragen f\u00fcr Sie zusammengestellt.Sollte Ihre Frage nicht dabei sein, senden Sie uns bitte eine Nachricht \u00fcber das Kontaktformular oder per E-Mail an info@petitetjolie.nl. Was bedeutet es, dass die Pflegeprodukte von Petit&amp;Jolie nat\u00fcrlich sind? Alle Inhaltsstoffe, die&hellip;<\/p>\n","protected":false},"author":2,"featured_media":0,"parent":0,"menu_order":0,"comment_status":"closed","ping_status":"closed","template":"","meta":{"_joinchat":[],"footnotes":""},"class_list":["post-18936","page","type-page","status-publish","hentry","description-off"],"_links":{"self":[{"href":"https:\/\/petitetjolie.nl\/de\/wp-json\/wp\/v2\/pages\/18936","targetHints":{"allow":["GET"]}}],"collection":[{"href":"https:\/\/petitetjolie.nl\/de\/wp-json\/wp\/v2\/pages"}],"about":[{"href":"https:\/\/petitetjolie.nl\/de\/wp-json\/wp\/v2\/types\/page"}],"author":[{"embeddable":true,"href":"https:\/\/petitetjolie.nl\/de\/wp-json\/wp\/v2\/users\/2"}],"replies":[{"embeddable":true,"href":"https:\/\/petitetjolie.nl\/de\/wp-json\/wp\/v2\/comments?post=18936"}],"version-history":[{"count":1,"href":"https:\/\/petitetjolie.nl\/de\/wp-json\/wp\/v2\/pages\/18936\/revisions"}],"predecessor-version":[{"id":18937,"href":"https:\/\/petitetjolie.nl\/de\/wp-json\/wp\/v2\/pages\/18936\/revisions\/18937"}],"wp:attachment":[{"href":"https:\/\/petitetjolie.nl\/de\/wp-json\/wp\/v2\/media?parent=18936"}],"curies":[{"name":"wp","href":"https:\/\/api.w.org\/{rel}","templated":true}]}}