{"id":18787,"date":"2017-10-03T08:52:33","date_gmt":"2017-10-03T08:52:33","guid":{"rendered":"https:\/\/petitetjolie.nl\/privacy-disclaimer\/"},"modified":"2025-09-26T12:34:15","modified_gmt":"2025-09-26T12:34:15","slug":"datenschutzerklarung","status":"publish","type":"page","link":"https:\/\/petitetjolie.nl\/de\/datenschutzerklarung\/","title":{"rendered":"Datenschutzerkl\u00e4rung"},"content":{"rendered":"<div class=\"wpb-content-wrapper\"><p>[vc_row][vc_column][vc_column_text]<\/p>\n<div id=\"content\" class=\"columncount-1\">\n<div class=\"row\">\n<div id=\"centercolumn\" class=\"columns large-14 medium-14 small-14\">\n<div class=\"intro rte_content\">\n<h1>Datenschutzerkl\u00e4rung<\/h1>\n<p data-start=\"3176\" data-end=\"3461\">Petit&amp;Jolie legt gro\u00dfen Wert auf Ihre Privatsph\u00e4re und Ihre pers\u00f6nlichen Daten. Ihre Privatsph\u00e4re und pers\u00f6nlichen Informationen werden von uns stets mit gr\u00f6\u00dfter Sorgfalt behandelt. Petit&amp;Jolie h\u00e4lt sich strikt an die gesetzlichen Vorschriften zum Umgang mit personenbezogenen Daten.<\/p>\n<h3 data-start=\"3463\" data-end=\"3565\"><strong data-start=\"3463\" data-end=\"3497\">Verwendung der erhobenen Daten<\/strong><\/h3>\n<p data-start=\"3463\" data-end=\"3565\">Petit&amp;Jolie verwendet die erhobenen Daten zu folgenden Zwecken:<\/p>\n<ul data-start=\"3567\" data-end=\"4643\">\n<li data-start=\"3567\" data-end=\"3778\">\n<p data-start=\"3569\" data-end=\"3778\">Bei einer Bestellung ben\u00f6tigen wir Ihren Namen, Ihre E-Mail-Adresse, Ihre Lieferadresse und Ihre Zahlungsdaten. Diese sind erforderlich, um Ihre Bestellung auszuf\u00fchren und Sie \u00fcber den Status zu informieren.<\/p>\n<\/li>\n<li data-start=\"3779\" data-end=\"3967\">\n<p data-start=\"3781\" data-end=\"3967\">F\u00fcr den Versand kostenloser Proben ben\u00f6tigen wir Ihren Namen, Ihre Lieferadresse und f\u00fcr eventuelle R\u00fcckfragen Ihre E-Mail-Adresse. So k\u00f6nnen wir Ihre Anfrage ordnungsgem\u00e4\u00df bearbeiten.<\/p>\n<\/li>\n<li data-start=\"3968\" data-end=\"4371\">\n<p data-start=\"3970\" data-end=\"4371\">Wenn Sie sich f\u00fcr den Newsletter von Petit&amp;Jolie anmelden, erkl\u00e4ren Sie sich damit einverstanden, dass Ihre personenbezogenen Daten und Ihre E-Mail-Adresse gespeichert werden. Petit&amp;Jolie nutzt diese Daten, um Sie \u00fcber Aktivit\u00e4ten zu informieren und Webstatistiken zu erstellen. Wenn Sie diese Informationen nicht mehr w\u00fcnschen, k\u00f6nnen Sie sich jederzeit per E-Mail an <a class=\"decorated-link cursor-pointer\" rel=\"noopener\" data-start=\"4339\" data-end=\"4359\">info@petitetjolie.nl<\/a> abmelden.<\/p>\n<\/li>\n<li data-start=\"4372\" data-end=\"4643\">\n<p data-start=\"4374\" data-end=\"4643\">Petit&amp;Jolie verwendet sogenannte Cookies, um Sie als Nutzer leichter wiederzuerkennen, die H\u00e4ufigkeit der Besuche auf <a class=\"decorated-link\" href=\"https:\/\/www.petitetjolie.nl\" target=\"_new\" rel=\"noopener\" data-start=\"4492\" data-end=\"4511\">www.petitetjolie.nl<\/a> zu messen und nachzuvollziehen, \u00fcber welche Links dies geschieht. Die auf diese Weise erhobenen Daten bleiben streng vertraulich.<\/p>\n<\/li>\n<\/ul>\n<h3 data-start=\"4374\" data-end=\"4643\"><strong data-start=\"4645\" data-end=\"4691\">Einsicht, \u00c4nderung oder L\u00f6schung von Daten<\/strong><\/h3>\n<p data-start=\"4645\" data-end=\"5198\">Sie haben das Recht, Ihre Daten einzusehen, zu \u00e4ndern oder zu l\u00f6schen. Dar\u00fcber hinaus haben Sie das Recht, eine erteilte Einwilligung zur Datenverarbeitung zu widerrufen oder der Verarbeitung Ihrer personenbezogenen Daten durch Petit&amp;Jolie zu widersprechen. Ebenso haben Sie das Recht auf Daten\u00fcbertragbarkeit. Das bedeutet, dass Sie bei Petit&amp;Jolie beantragen k\u00f6nnen, Ihre gespeicherten personenbezogenen Daten in einer Computerdatei an Sie oder an eine von Ihnen benannte Organisation zu \u00fcbermitteln.<\/p>\n<p data-start=\"5200\" data-end=\"5332\">Anfragen auf Einsicht, \u00c4nderung, L\u00f6schung und\/oder Daten\u00fcbertragbarkeit k\u00f6nnen per E-Mail an <a class=\"decorated-link cursor-pointer\" rel=\"noopener\" data-start=\"5293\" data-end=\"5313\">info@petitetjolie.nl<\/a> gesendet werden.<\/p>\n<p data-start=\"5334\" data-end=\"5539\">Bei solchen Anfragen bitten wir Sie, eine Kopie Ihres Ausweises beizuf\u00fcgen. Bitte schw\u00e4rzen Sie dabei Ihre pers\u00f6nliche Identifikationsnummer (BSN) und die Ausweisnummer, um Ihre Privatsph\u00e4re zu sch\u00fctzen.<\/p>\n<h3 data-start=\"5541\" data-end=\"5800\"><strong data-start=\"5541\" data-end=\"5568\">Speicherdauer der Daten<\/strong><\/h3>\n<p data-start=\"5541\" data-end=\"5800\">Petit&amp;Jolie speichert personenbezogene Daten nicht l\u00e4nger als unbedingt notwendig. Die maximale Aufbewahrungsdauer betr\u00e4gt 7 Jahre, entsprechend der gesetzlich vorgeschriebenen Aufbewahrungsfrist f\u00fcr Beh\u00f6rden wie das Finanzamt.<\/p>\n<h3 data-start=\"5802\" data-end=\"6137\"><strong data-start=\"5802\" data-end=\"5832\">Keine Weitergabe an Dritte<\/strong><\/h3>\n<p data-start=\"5802\" data-end=\"6137\">Petit&amp;Jolie wird Ihre pers\u00f6nlichen Daten niemals an Dritte verkaufen. Eine Weitergabe erfolgt ausschlie\u00dflich an Dritte, die in die Abwicklung Ihrer Bestellung und Zahlung eingebunden sind. Unsere Mitarbeiter und beauftragten Dienstleister sind verpflichtet, die Vertraulichkeit Ihrer Daten zu wahren.<\/p>\n<h3 data-start=\"6139\" data-end=\"6486\"><strong data-start=\"6139\" data-end=\"6158\">Beschwerderecht<\/strong><\/h3>\n<p data-start=\"6139\" data-end=\"6486\">Sind Sie mit dem Umgang von Petit&amp;Jolie mit Ihren personenbezogenen Daten nicht einverstanden? Dann haben Sie das Recht, eine Beschwerde bei der nationalen Aufsichtsbeh\u00f6rde, der niederl\u00e4ndischen Datenschutzbeh\u00f6rde (Autoriteit Persoonsgegevens), einzureichen. Eine Beschwerde kann \u00fcber den folgenden Link eingereicht werden.<\/p>\n<h3 data-start=\"6488\" data-end=\"6680\"><strong data-start=\"6488\" data-end=\"6540\">Weitere Fragen zu unserer Datenschutzrichtlinie?<\/strong><\/h3>\n<p data-start=\"6488\" data-end=\"6680\">Sollten Sie weitere Fragen zu unserer Datenschutzrichtlinie haben, k\u00f6nnen Sie uns jederzeit eine E-Mail an <a class=\"decorated-link cursor-pointer\" rel=\"noopener\" data-start=\"6650\" data-end=\"6670\">info@petitetjolie.nl<\/a> senden.<\/p>\n<\/div>\n<p>&nbsp;<\/p>\n<\/div>\n<p>&nbsp;<\/p>\n<\/div>\n<p>&nbsp;<\/p>\n<\/div>\n<p>[\/vc_column_text][\/vc_column][\/vc_row]<\/p>\n<\/div>","protected":false},"excerpt":{"rendered":"<p>[vc_row][vc_column][vc_column_text] Datenschutzerkl\u00e4rung Petit&amp;Jolie legt gro\u00dfen Wert auf Ihre Privatsph\u00e4re und Ihre pers\u00f6nlichen Daten. Ihre Privatsph\u00e4re und pers\u00f6nlichen Informationen werden von uns stets mit gr\u00f6\u00dfter Sorgfalt behandelt. Petit&amp;Jolie h\u00e4lt sich strikt an die gesetzlichen Vorschriften zum Umgang mit personenbezogenen Daten. Verwendung der erhobenen Daten Petit&amp;Jolie verwendet die erhobenen Daten zu folgenden Zwecken: Bei einer Bestellung ben\u00f6tigen&hellip;<\/p>\n","protected":false},"author":3,"featured_media":0,"parent":0,"menu_order":0,"comment_status":"closed","ping_status":"closed","template":"","meta":{"_joinchat":[],"footnotes":""},"class_list":["post-18787","page","type-page","status-publish","hentry","description-off"],"_links":{"self":[{"href":"https:\/\/petitetjolie.nl\/de\/wp-json\/wp\/v2\/pages\/18787","targetHints":{"allow":["GET"]}}],"collection":[{"href":"https:\/\/petitetjolie.nl\/de\/wp-json\/wp\/v2\/pages"}],"about":[{"href":"https:\/\/petitetjolie.nl\/de\/wp-json\/wp\/v2\/types\/page"}],"author":[{"embeddable":true,"href":"https:\/\/petitetjolie.nl\/de\/wp-json\/wp\/v2\/users\/3"}],"replies":[{"embeddable":true,"href":"https:\/\/petitetjolie.nl\/de\/wp-json\/wp\/v2\/comments?post=18787"}],"version-history":[{"count":8,"href":"https:\/\/petitetjolie.nl\/de\/wp-json\/wp\/v2\/pages\/18787\/revisions"}],"predecessor-version":[{"id":18799,"href":"https:\/\/petitetjolie.nl\/de\/wp-json\/wp\/v2\/pages\/18787\/revisions\/18799"}],"wp:attachment":[{"href":"https:\/\/petitetjolie.nl\/de\/wp-json\/wp\/v2\/media?parent=18787"}],"curies":[{"name":"wp","href":"https:\/\/api.w.org\/{rel}","templated":true}]}}