{"id":18778,"date":"2017-10-03T08:46:26","date_gmt":"2017-10-03T08:46:26","guid":{"rendered":"https:\/\/petitetjolie.nl\/verzendkosten-retouren\/"},"modified":"2025-09-26T12:15:46","modified_gmt":"2025-09-26T12:15:46","slug":"versandkosten-rucksendungen","status":"publish","type":"page","link":"https:\/\/petitetjolie.nl\/de\/versandkosten-rucksendungen\/","title":{"rendered":"Versandkosten &#038; R\u00fccksendungen"},"content":{"rendered":"<div class=\"wpb-content-wrapper\"><p>[vc_row][vc_column][vc_column_text css=&#8221;&#8221;]<\/p>\n<h1>Versandkosten &amp; R\u00fccksendungen<\/h1>\n<p>&nbsp;<\/p>\n<h3 data-start=\"1659\" data-end=\"1679\">Versandkosten<\/h3>\n<p>&nbsp;<\/p>\n<p data-start=\"1680\" data-end=\"1782\">In den Niederlanden und Belgien fallen bei Bestellungen unter 50 \u20ac Versandkosten an. Diese betragen:<\/p>\n<p>&nbsp;<\/p>\n<ul>\n<li data-start=\"1786\" data-end=\"1807\">Niederlande: 5,95 \u20ac<\/li>\n<li data-start=\"1784\" data-end=\"1807\">\n<p data-start=\"1786\" data-end=\"1807\">Belgien: 7,95 \u20ac<\/p>\n<\/li>\n<\/ul>\n<p>&nbsp;<\/p>\n<p data-start=\"1829\" data-end=\"1917\">F\u00fcr andere L\u00e4nder fallen bei Bestellungen unter 75 \u20ac Versandkosten an. Diese betragen:<\/p>\n<p>&nbsp;<\/p>\n<ul>\n<li data-start=\"1921\" data-end=\"1942\">Deutschland: 7,95 \u20ac<\/li>\n<li data-start=\"1921\" data-end=\"1942\">Luxemburg: 9,95 \u20ac<\/li>\n<li data-start=\"1921\" data-end=\"1942\">Frankreich: 9,95 \u20ac<\/li>\n<li data-start=\"1988\" data-end=\"2015\">\n<p data-start=\"1990\" data-end=\"2015\">Gro\u00dfbritannien: 11,95 \u20ac<\/p>\n<\/li>\n<\/ul>\n<p>&nbsp;<\/p>\n<p data-start=\"2017\" data-end=\"2115\">Informationen zu Versandkosten in weitere L\u00e4nder k\u00f6nnen Sie unter <a class=\"decorated-link cursor-pointer\" rel=\"noopener\" data-start=\"2083\" data-end=\"2103\">info@petitetjolie.nl<\/a> anfragen.<\/p>\n<p>&nbsp;<\/p>\n<h3 data-start=\"2117\" data-end=\"2143\">R\u00fcckgabebedingungen<\/h3>\n<p>&nbsp;<\/p>\n<p data-start=\"2144\" data-end=\"2270\">Sie haben ein Widerrufsrecht von 14 Tagen. Innerhalb dieser Frist k\u00f6nnen Sie die Produkte auf eigene Kosten zur\u00fccksenden an:<\/p>\n<p>&nbsp;<\/p>\n<p data-start=\"2272\" data-end=\"2344\">Petit&amp;Jolie B.V.<br data-start=\"2288\" data-end=\"2291\" \/>Catharijnesingel 90<br data-start=\"2310\" data-end=\"2313\" \/>3511 GR Utrecht<br data-start=\"2328\" data-end=\"2331\" \/>Niederlande<\/p>\n<p>&nbsp;<\/p>\n<p data-start=\"2346\" data-end=\"2629\">Die Produkte m\u00fcssen unbenutzt und unbesch\u00e4digt zur\u00fcckgesendet werden. Petit&amp;Jolie pr\u00fcft, ob die R\u00fccksendung diese Bedingungen erf\u00fcllt. Ist dies der Fall, erhalten Sie innerhalb von 14 Tagen den Kaufbetrag sowie die urspr\u00fcnglichen Versandkosten an Ihre Adresse auf Ihr Konto zur\u00fcck.<\/p>\n<p>&nbsp;<\/p>\n<p data-start=\"2631\" data-end=\"2718\">Bei Fragen zu R\u00fccksendungen senden Sie uns bitte eine E-Mail an <a class=\"decorated-link cursor-pointer\" rel=\"noopener\" data-start=\"2695\" data-end=\"2715\">info@petitetjolie.nl<\/a>.<\/p>\n<p>&nbsp;<\/p>\n<h4><strong>\u00a0<\/strong><\/h4>\n<p>[\/vc_column_text][\/vc_column][\/vc_row]<\/p>\n<\/div>","protected":false},"excerpt":{"rendered":"<p>[vc_row][vc_column][vc_column_text css=&#8221;&#8221;] Versandkosten &amp; R\u00fccksendungen &nbsp; Versandkosten &nbsp; In den Niederlanden und Belgien fallen bei Bestellungen unter 50 \u20ac Versandkosten an. Diese betragen: &nbsp; Niederlande: 5,95 \u20ac Belgien: 7,95 \u20ac &nbsp; F\u00fcr andere L\u00e4nder fallen bei Bestellungen unter 75 \u20ac Versandkosten an. Diese betragen: &nbsp; Deutschland: 7,95 \u20ac Luxemburg: 9,95 \u20ac Frankreich: 9,95 \u20ac Gro\u00dfbritannien:&hellip;<\/p>\n","protected":false},"author":3,"featured_media":0,"parent":0,"menu_order":0,"comment_status":"closed","ping_status":"closed","template":"","meta":{"_joinchat":[],"footnotes":""},"class_list":["post-18778","page","type-page","status-publish","hentry","description-off"],"_links":{"self":[{"href":"https:\/\/petitetjolie.nl\/de\/wp-json\/wp\/v2\/pages\/18778","targetHints":{"allow":["GET"]}}],"collection":[{"href":"https:\/\/petitetjolie.nl\/de\/wp-json\/wp\/v2\/pages"}],"about":[{"href":"https:\/\/petitetjolie.nl\/de\/wp-json\/wp\/v2\/types\/page"}],"author":[{"embeddable":true,"href":"https:\/\/petitetjolie.nl\/de\/wp-json\/wp\/v2\/users\/3"}],"replies":[{"embeddable":true,"href":"https:\/\/petitetjolie.nl\/de\/wp-json\/wp\/v2\/comments?post=18778"}],"version-history":[{"count":8,"href":"https:\/\/petitetjolie.nl\/de\/wp-json\/wp\/v2\/pages\/18778\/revisions"}],"predecessor-version":[{"id":18907,"href":"https:\/\/petitetjolie.nl\/de\/wp-json\/wp\/v2\/pages\/18778\/revisions\/18907"}],"wp:attachment":[{"href":"https:\/\/petitetjolie.nl\/de\/wp-json\/wp\/v2\/media?parent=18778"}],"curies":[{"name":"wp","href":"https:\/\/api.w.org\/{rel}","templated":true}]}}