{"id":18767,"date":"2017-10-03T09:34:33","date_gmt":"2017-10-03T09:34:33","guid":{"rendered":"https:\/\/petitetjolie.nl\/drijvende-kracht-petitjolie-is-esther-keddeman\/"},"modified":"2025-09-26T12:05:40","modified_gmt":"2025-09-26T12:05:40","slug":"grunderin-petitetjolie","status":"publish","type":"page","link":"https:\/\/petitetjolie.nl\/de\/grunderin-petitetjolie\/","title":{"rendered":"Gr\u00fcnderin Petit&#038;Jolie"},"content":{"rendered":"<div class=\"wpb-content-wrapper\"><p>[vc_row][vc_column][vc_column_text]<\/p>\n<h1>Hinter Petit&amp;Jolie<\/h1>\n<p>&nbsp;<\/p>\n<p data-start=\"2731\" data-end=\"2899\">Ich, Esther, habe Petit&amp;Jolie im Jahr 2012 gegr\u00fcndet. Nach vielen Jahren in der Lebensmittelindustrie habe ich meinen Job gek\u00fcndigt und Petit&amp;Jolie ins Leben gerufen.<\/p>\n<p>&nbsp;<\/p>\n<p data-start=\"2901\" data-end=\"3282\">Damals waren meine Kinder 3 und 1 Jahr alt. Die Elternschaft hat mich ver\u00e4ndert. Sie hat meine Priorit\u00e4ten verschoben. Ich begann, mich mehr mit dem Jetzt und der Zukunft zu besch\u00e4ftigen. Denn diese Zukunft geh\u00f6rt meinen Kindern. Alles, was wir heute tun, hat Einfluss auf dieses Morgen. Heutzutage sehen wir gen\u00fcgend Beispiele f\u00fcr die Folgen menschlichen Handelns auf die Natur.<\/p>\n<p>&nbsp;<\/p>\n<p data-start=\"3284\" data-end=\"3488\">Nat\u00fcrlich h\u00e4tte ich auf verschiedene Weise zu einer nachhaltigeren Lebensweise beitragen k\u00f6nnen, aber ich habe mich entschieden, 100% nat\u00fcrliche Pflegeprodukte f\u00fcr Babys und Kinder zu entwickeln. Warum?<\/p>\n<p>&nbsp;<\/p>\n<p data-start=\"3490\" data-end=\"3908\">Mit der Geburt unserer Kinder bemerkten wir schnell, dass sie am Ende des Tages wirklich zur Ruhe kommen mussten \u2013 die vielen Eindr\u00fccke verarbeiten, und erst dann konnten sie friedlich einschlafen. Um diese Ruhe zu finden, war es entscheidend, sich Zeit zu nehmen. Ein entspanntes Bad, ihnen Raum geben, ihre Geschichten auf ihre eigene Weise zu erz\u00e4hlen, ein Buch lesen, vielleicht eine Massage \u2013 und dann ins Bett.<\/p>\n<p>&nbsp;<\/p>\n<p data-start=\"3910\" data-end=\"4181\">Ich habe diese Momente sehr genossen. Gleichzeitig merkte ich aber auch, dass die Produkte, die ich gerne verwenden wollte, nicht leicht verf\u00fcgbar waren. Die Folge: Ich begann, sie selbst zu entwickeln \u2013 gemeinsam mit einem Labor, das ebenfalls an meine Vision glaubte.<\/p>\n<p>&nbsp;<\/p>\n<p data-start=\"4183\" data-end=\"4410\">Eine Vision, sch\u00f6ne, hautfreundliche und nat\u00fcrliche Pflegeprodukte f\u00fcr diese ruhigen Momente zu schaffen. F\u00fcr die Kleinsten, aber ebenso f\u00fcr die gr\u00f6\u00dferen Kinder. Sich Zeit f\u00fcreinander nehmen. Entspannen. Es tut uns allen gut.<\/p>\n<p>&nbsp;<\/p>\n<p data-start=\"4412\" data-end=\"4768\">Au\u00dferdem ist es mir wichtig, Einblick in die gesamte Kette zu geben und ehrlich zu sein. Woher kommen die Verpackungen? Warum haben wir uns f\u00fcr genau diese Verpackungen und Inhaltsstoffe entschieden? usw. Meine Erfahrungen in fr\u00fcheren Jobs haben mir gezeigt, dass Transparenz in diesem Bereich nicht selbstverst\u00e4ndlich ist \u2013 was ich sehr merkw\u00fcrdig fand.<\/p>\n<p>&nbsp;<\/p>\n<p data-start=\"4770\" data-end=\"5038\">Wenn Sie also Fragen zu mir, den Produkten, der Lieferkette oder den Verpackungen haben \u2013 was auch immer \u2013 schreiben Sie mir eine E-Mail oder f\u00fcllen Sie das Kontaktformular aus. Ich beantworte sie gerne. Letztlich werden die Produkte auf diese Weise nur noch besser.<\/p>\n<p>&nbsp;<\/p>\n<p data-start=\"5040\" data-end=\"5168\">Das Ziel ist es, jedem unbeschwerte Genussmomente zu schenken \u2013 so klein sie auch sein m\u00f6gen. Sie sind von unsch\u00e4tzbarem Wert.<\/p>\n<p>&nbsp;<\/p>\n<p data-start=\"5170\" data-end=\"5192\">Liebe gr\u00fcssen,<br data-start=\"5181\" data-end=\"5184\" \/>Esther<\/p>\n<p>[\/vc_column_text][\/vc_column][\/vc_row]<\/p>\n<\/div>","protected":false},"excerpt":{"rendered":"<p>[vc_row][vc_column][vc_column_text] Hinter Petit&amp;Jolie &nbsp; Ich, Esther, habe Petit&amp;Jolie im Jahr 2012 gegr\u00fcndet. Nach vielen Jahren in der Lebensmittelindustrie habe ich meinen Job gek\u00fcndigt und Petit&amp;Jolie ins Leben gerufen. &nbsp; Damals waren meine Kinder 3 und 1 Jahr alt. Die Elternschaft hat mich ver\u00e4ndert. Sie hat meine Priorit\u00e4ten verschoben. Ich begann, mich mehr mit dem Jetzt&hellip;<\/p>\n","protected":false},"author":3,"featured_media":0,"parent":0,"menu_order":0,"comment_status":"closed","ping_status":"closed","template":"","meta":{"_joinchat":[],"footnotes":""},"class_list":["post-18767","page","type-page","status-publish","hentry","description-off"],"_links":{"self":[{"href":"https:\/\/petitetjolie.nl\/de\/wp-json\/wp\/v2\/pages\/18767","targetHints":{"allow":["GET"]}}],"collection":[{"href":"https:\/\/petitetjolie.nl\/de\/wp-json\/wp\/v2\/pages"}],"about":[{"href":"https:\/\/petitetjolie.nl\/de\/wp-json\/wp\/v2\/types\/page"}],"author":[{"embeddable":true,"href":"https:\/\/petitetjolie.nl\/de\/wp-json\/wp\/v2\/users\/3"}],"replies":[{"embeddable":true,"href":"https:\/\/petitetjolie.nl\/de\/wp-json\/wp\/v2\/comments?post=18767"}],"version-history":[{"count":7,"href":"https:\/\/petitetjolie.nl\/de\/wp-json\/wp\/v2\/pages\/18767\/revisions"}],"predecessor-version":[{"id":18777,"href":"https:\/\/petitetjolie.nl\/de\/wp-json\/wp\/v2\/pages\/18767\/revisions\/18777"}],"wp:attachment":[{"href":"https:\/\/petitetjolie.nl\/de\/wp-json\/wp\/v2\/media?parent=18767"}],"curies":[{"name":"wp","href":"https:\/\/api.w.org\/{rel}","templated":true}]}}