{"id":18739,"date":"2017-10-03T08:49:48","date_gmt":"2017-10-03T08:49:48","guid":{"rendered":"https:\/\/petitetjolie.nl\/algemene-voorwaarden\/"},"modified":"2025-09-25T13:40:16","modified_gmt":"2025-09-25T13:40:16","slug":"allgemeine-geschaftsbedingungen","status":"publish","type":"page","link":"https:\/\/petitetjolie.nl\/de\/allgemeine-geschaftsbedingungen\/","title":{"rendered":"Allgemeine Gesch\u00e4ftsbedingungen"},"content":{"rendered":"<div class=\"wpb-content-wrapper\"><p>[vc_row][vc_column][vc_column_text css=&#8221;&#8221;]<\/p>\n<h2 data-start=\"311\" data-end=\"391\"><strong data-start=\"311\" data-end=\"389\">Allgemeine Gesch\u00e4ftsbedingungen Petit&amp;Jolie f\u00fcr Lieferungen an Verbraucher<\/strong><\/h2>\n<h3 data-start=\"393\" data-end=\"428\">Artikel 1 \u2013 Unternehmensdaten<\/h3>\n<ol data-start=\"429\" data-end=\"683\">\n<li data-start=\"429\" data-end=\"600\">\n<p data-start=\"432\" data-end=\"600\">Petit&amp;Jolie ist bei der Handelskammer in Utrecht eingetragen. Die Handelskammernummer lautet 58795731, die Umsatzsteuer-Identifikationsnummer lautet NL8531.85.098B01.<\/p>\n<\/li>\n<li data-start=\"601\" data-end=\"683\">\n<p data-start=\"604\" data-end=\"683\">Bei Fragen k\u00f6nnen Sie uns per E-Mail unter <a class=\"decorated-link cursor-pointer\" rel=\"noopener\" data-start=\"647\" data-end=\"667\">info@petitetjolie.nl<\/a> kontaktieren.<\/p>\n<\/li>\n<\/ol>\n<h3 data-start=\"685\" data-end=\"715\">Artikel 2 \u2013 Definitionen<\/h3>\n<ol data-start=\"716\" data-end=\"1295\">\n<li data-start=\"716\" data-end=\"830\">\n<p data-start=\"719\" data-end=\"830\">Petit&amp;Jolie ist der Verwender dieser Allgemeinen Gesch\u00e4ftsbedingungen und Betreiber des Petit&amp;Jolie Webshops.<\/p>\n<\/li>\n<li data-start=\"831\" data-end=\"989\">\n<p data-start=\"834\" data-end=\"989\">Verbraucher ist die nat\u00fcrliche Person, die Waren von Petit&amp;Jolie erwirbt und dabei nicht im Rahmen einer beruflichen oder gewerblichen T\u00e4tigkeit handelt.<\/p>\n<\/li>\n<li data-start=\"990\" data-end=\"1044\">\n<p data-start=\"993\" data-end=\"1044\">Der Vertrag gilt bis zum Zeitpunkt der Lieferung.<\/p>\n<\/li>\n<li data-start=\"1045\" data-end=\"1295\">\n<p data-start=\"1048\" data-end=\"1295\">\u201eSchriftlich\u201c umfasst in diesen Allgemeinen Gesch\u00e4ftsbedingungen auch die Kommunikation per E-Mail oder digital (z. B. \u00fcber eine Online-Schnittstelle), sofern die Identit\u00e4t des Absenders und die Integrit\u00e4t des Inhalts hinreichend gesichert sind.<\/p>\n<\/li>\n<\/ol>\n<h3 data-start=\"1297\" data-end=\"1326\">Artikel 3 \u2013 Allgemeines<\/h3>\n<ol data-start=\"1327\" data-end=\"2226\">\n<li data-start=\"1327\" data-end=\"1484\">\n<p data-start=\"1330\" data-end=\"1484\">Diese Bedingungen gelten f\u00fcr jedes Angebot, jedes Angebotsschreiben und jeden Vertrag zwischen Petit&amp;Jolie und dem Verbraucher des Petit&amp;Jolie Webshops.<\/p>\n<\/li>\n<li data-start=\"1485\" data-end=\"1595\">\n<p data-start=\"1488\" data-end=\"1595\">Abweichungen von diesen Bedingungen sind nur g\u00fcltig, wenn sie ausdr\u00fccklich schriftlich vereinbart wurden.<\/p>\n<\/li>\n<li data-start=\"1596\" data-end=\"1692\">\n<p data-start=\"1599\" data-end=\"1692\">Die Geltung etwaiger anderer Bedingungen des Verbrauchers wird ausdr\u00fccklich ausgeschlossen.<\/p>\n<\/li>\n<li data-start=\"1693\" data-end=\"1880\">\n<p data-start=\"1696\" data-end=\"1880\">Sollten eine oder mehrere Bestimmungen dieser Allgemeinen Gesch\u00e4ftsbedingungen nichtig sein oder f\u00fcr nichtig erkl\u00e4rt werden, bleiben die \u00fcbrigen Bestimmungen in vollem Umfang g\u00fcltig.<\/p>\n<\/li>\n<li data-start=\"1881\" data-end=\"2226\">\n<p data-start=\"1884\" data-end=\"2226\">Sollten eine oder mehrere Bestimmungen dieser Allgemeinen Gesch\u00e4ftsbedingungen oder eines anderen Vertrags mit Petit&amp;Jolie gegen zwingendes Recht oder anwendbare Rechtsvorschriften versto\u00dfen, so tritt an die Stelle der betreffenden Bestimmung eine neue, rechtlich zul\u00e4ssige und vergleichbare Bestimmung, die von Petit&amp;Jolie festgelegt wird.<\/p>\n<\/li>\n<\/ol>\n<h3 data-start=\"2228\" data-end=\"2268\">Artikel 4 \u2013 Preise &amp; Zahlungsweise<\/h3>\n<ol data-start=\"2269\" data-end=\"2795\">\n<li data-start=\"2269\" data-end=\"2404\">\n<p data-start=\"2272\" data-end=\"2404\">Alle Preise sind in Euro angegeben, inklusive Mehrwertsteuer und exklusive Versandkosten. Die Versandkosten tr\u00e4gt der Verbraucher.<\/p>\n<\/li>\n<li data-start=\"2405\" data-end=\"2500\">\n<p data-start=\"2408\" data-end=\"2500\">Petit&amp;Jolie beh\u00e4lt sich das Recht vor, die Verkaufspreise nach eigenem Ermessen zu \u00e4ndern.<\/p>\n<\/li>\n<li data-start=\"2501\" data-end=\"2597\">\n<p data-start=\"2504\" data-end=\"2597\">Bei Aufgabe einer Bestellung werden die Versandkosten separat auf der Rechnung ausgewiesen.<\/p>\n<\/li>\n<li data-start=\"2598\" data-end=\"2795\">\n<p data-start=\"2601\" data-end=\"2795\">Im Petit&amp;Jolie Webshop k\u00f6nnen Bestellungen nur im Voraus per iDeal, Bancontact, Kreditkarte oder \u00dcberweisung bezahlt werden. Nach Zahlungseingang wird die Bestellung von Petit&amp;Jolie versendet.<\/p>\n<\/li>\n<\/ol>\n<h3 data-start=\"2797\" data-end=\"2854\">Artikel 5 \u2013 Verf\u00fcgbarkeit der Produkte \/ Lieferzeit<\/h3>\n<ol data-start=\"2855\" data-end=\"3440\">\n<li data-start=\"2855\" data-end=\"3017\">\n<p data-start=\"2858\" data-end=\"3017\">Sind alle Produkte einer Bestellung vorr\u00e4tig und erfolgt die Lieferung innerhalb der Niederlande, wird die Bestellung innerhalb von 5 Werktagen ausgeliefert.<\/p>\n<\/li>\n<li data-start=\"3018\" data-end=\"3165\">\n<p data-start=\"3021\" data-end=\"3165\">Sollten Artikel nicht vorr\u00e4tig sein, werden Sie innerhalb von 2 Werktagen \u00fcber das neue Lieferdatum und eventuelle Teillieferungen informiert.<\/p>\n<\/li>\n<li data-start=\"3166\" data-end=\"3440\">\n<p data-start=\"3169\" data-end=\"3440\">Kann eine (Teil-)Lieferung nicht innerhalb von 7 Werktagen erfolgen, wird die Bestellung automatisch storniert und der Verbraucher unverz\u00fcglich per E-Mail benachrichtigt. Im Falle einer Stornierung erh\u00e4lt der Verbraucher den Kaufbetrag innerhalb von 7 Werktagen zur\u00fcck.<\/p>\n<\/li>\n<\/ol>\n<h3 data-start=\"3442\" data-end=\"3470\">Artikel 6 \u2013 Versandart<\/h3>\n<ol data-start=\"3471\" data-end=\"3615\">\n<li data-start=\"3471\" data-end=\"3523\">\n<p data-start=\"3474\" data-end=\"3523\">Alle Lieferungen erfolgen \u00fcber PostNL oder DHL.<\/p>\n<\/li>\n<li data-start=\"3524\" data-end=\"3615\">\n<p data-start=\"3527\" data-end=\"3615\">Das Risiko von Besch\u00e4digung oder Verlust w\u00e4hrend des Transports tr\u00e4gt Petit&amp;Jolie B.V.<\/p>\n<\/li>\n<\/ol>\n<h3 data-start=\"3617\" data-end=\"3667\">Artikel 7 \u2013 Widerrufsrecht und R\u00fcckgabefrist<\/h3>\n<ol data-start=\"3668\" data-end=\"4266\">\n<li data-start=\"3668\" data-end=\"4266\">\n<p data-start=\"3671\" data-end=\"4266\">F\u00fcr Bestellungen \u00fcber den Webshop gilt eine R\u00fcckgabefrist von drei\u00dfig (30) Kalendertagen. Das bedeutet, dass der Verbraucher die Bestellung innerhalb von 30 Tagen nach Erhalt der Artikel ohne Angabe von Gr\u00fcnden widerrufen kann. Besteht die Bestellung aus mehreren Lieferungen, beginnt die R\u00fcckgabefrist mit dem Datum der letzten Lieferung.<br data-start=\"4010\" data-end=\"4013\" \/>F\u00fcr Verbrauchsg\u00fcter gilt, dass diese in der originalen, unge\u00f6ffneten und unbesch\u00e4digten Verpackung zur\u00fcckgesendet werden m\u00fcssen. Der R\u00fccksendung muss der Lieferschein\/Rechnung beigef\u00fcgt werden sowie Name, Anschrift und Bankverbindung des Verbrauchers.<\/p>\n<\/li>\n<\/ol>\n<p data-start=\"4268\" data-end=\"4355\">Senden Sie die Artikel an:<br data-start=\"4294\" data-end=\"4297\" \/>Petit&amp;Jolie B.V.<br data-start=\"4313\" data-end=\"4316\" \/>Catharijnesingel 90<br data-start=\"4335\" data-end=\"4338\" \/>3511 GR Utrecht<br \/>\nDie Niederlande<\/p>\n<p data-start=\"4357\" data-end=\"4450\">Innerhalb dieser Frist zur\u00fcckgesandte Artikel werden von Petit&amp;Jolie vollst\u00e4ndig erstattet.<\/p>\n<ol start=\"2\" data-start=\"4452\" data-end=\"4670\">\n<li data-start=\"4452\" data-end=\"4604\">\n<p data-start=\"4455\" data-end=\"4604\">Die R\u00fcckerstattung erfolgt innerhalb von vierzehn (14) Tagen nach Eingang der R\u00fccksendung bei Petit&amp;Jolie auf das vom Verbraucher angegebene Konto.<\/p>\n<\/li>\n<li data-start=\"4605\" data-end=\"4670\">\n<p data-start=\"4608\" data-end=\"4670\">Die Versandkosten f\u00fcr die R\u00fccksendung tr\u00e4gt der Verbraucher.<\/p>\n<\/li>\n<\/ol>\n<h3 data-start=\"4672\" data-end=\"4698\">Artikel 8 \u2013 Garantie<\/h3>\n<ol data-start=\"4699\" data-end=\"5454\">\n<li data-start=\"4699\" data-end=\"5146\">\n<p data-start=\"4702\" data-end=\"5146\">Petit&amp;Jolie garantiert, dass ihre Produkte mit gr\u00f6\u00dfter Sorgfalt und ausschlie\u00dflich aus den besten Zutaten hergestellt werden. Sollte dennoch etwas mit dem Produkt nicht in Ordnung sein, k\u00f6nnen Sie den Rest in der Originalverpackung zur\u00fccksenden an:<br data-start=\"4950\" data-end=\"4953\" \/>Petit&amp;Jolie B.V.<br data-start=\"4969\" data-end=\"4972\" \/>Catharijnesingel 90<br data-start=\"4991\" data-end=\"4994\" \/>3511 GR Utrecht<br \/>\nDie Niederlande<\/p>\n<\/li>\n<li data-start=\"4699\" data-end=\"5146\">\n<p data-start=\"4702\" data-end=\"5146\">Bitte geben Sie die Beschwerde deutlich an. Wird Ihre Beschwerde als berechtigt anerkannt, erhalten Sie kostenlos ein Ersatzprodukt.<\/p>\n<\/li>\n<li data-start=\"5147\" data-end=\"5308\">\n<p data-start=\"5150\" data-end=\"5308\">Eine eventuelle Schadensersatzpflicht aufgrund von Abweichungen eines Produkts von den Spezifikationen ist stets auf den Wert des Ersatzprodukts beschr\u00e4nkt.<\/p>\n<\/li>\n<li data-start=\"5309\" data-end=\"5454\">\n<p data-start=\"5312\" data-end=\"5454\">Petit&amp;Jolie schlie\u00dft jegliche Haftung f\u00fcr Sch\u00e4den aus, die direkt oder indirekt aus der (unsachgem\u00e4\u00dfen) Verwendung ihrer Produkte entstehen.<\/p>\n<\/li>\n<\/ol>\n<h3 data-start=\"5456\" data-end=\"5485\">Artikel 9 \u2013 Datenschutz<\/h3>\n<ol data-start=\"5486\" data-end=\"6971\">\n<li data-start=\"5486\" data-end=\"5631\">\n<p data-start=\"5489\" data-end=\"5631\">Petit&amp;Jolie geht mit personenbezogenen Daten mit gr\u00f6\u00dfter Sorgfalt um, in \u00dcbereinstimmung mit den niederl\u00e4ndischen Gesetzen und Vorschriften.<\/p>\n<\/li>\n<li data-start=\"5632\" data-end=\"5854\">\n<p data-start=\"5635\" data-end=\"5854\">Alle Informationen, die Petit&amp;Jolie im Rahmen der Website oder des Webshops zur Verf\u00fcgung gestellt werden, werden ausschlie\u00dflich f\u00fcr den Zweck verwendet, f\u00fcr den der Verbraucher diese Informationen bereitgestellt hat.<\/p>\n<\/li>\n<li data-start=\"5855\" data-end=\"6814\">\n<p data-start=\"5858\" data-end=\"5924\">Petit&amp;Jolie verwendet die gesammelten Daten f\u00fcr folgende Zwecke:<\/p>\n<ul data-start=\"5928\" data-end=\"6814\">\n<li data-start=\"5928\" data-end=\"6109\">\n<p data-start=\"5930\" data-end=\"6109\">Bei einer Bestellung: Name, E-Mail-Adresse, Lieferadresse und Zahlungsdaten sind erforderlich, um die Bestellung auszuf\u00fchren und den Verbraucher \u00fcber den Verlauf zu informieren.<\/p>\n<\/li>\n<li data-start=\"6113\" data-end=\"6251\">\n<p data-start=\"6115\" data-end=\"6251\">F\u00fcr den Versand kostenloser Proben: Name, Lieferadresse und ggf. E-Mail-Adresse sind erforderlich, um die Anfrage korrekt abzuwickeln.<\/p>\n<\/li>\n<li data-start=\"6255\" data-end=\"6580\">\n<p data-start=\"6257\" data-end=\"6580\">Mit der Anmeldung zum Newsletter von Petit&amp;Jolie erteilen Sie die Erlaubnis, Ihre personenbezogenen Daten und Ihre E-Mail-Adresse zu speichern. Petit&amp;Jolie verwendet diese Daten, um Sie \u00fcber Aktivit\u00e4ten zu informieren und Webstatistiken zu erstellen. Sie k\u00f6nnen sich jederzeit per E-Mail an <a class=\"decorated-link cursor-pointer\" rel=\"noopener\" data-start=\"6548\" data-end=\"6568\">info@petitetjolie.nl<\/a> abmelden.<\/p>\n<\/li>\n<li data-start=\"6584\" data-end=\"6814\">\n<p data-start=\"6586\" data-end=\"6814\">Petit&amp;Jolie verwendet Cookies, um Nutzer leichter zu erkennen, die H\u00e4ufigkeit der Besuche von <a class=\"decorated-link\" href=\"http:\/\/www.petitetjolie.nl\" target=\"_new\" rel=\"noopener\" data-start=\"6680\" data-end=\"6699\">www.petitetjolie.nl<\/a> zu messen und zu verfolgen, \u00fcber welche Links diese erfolgen. Die so erhobenen Daten bleiben streng vertraulich.<\/p>\n<\/li>\n<\/ul>\n<\/li>\n<li data-start=\"6815\" data-end=\"6971\">\n<p data-start=\"6818\" data-end=\"6971\">Pers\u00f6nliche Daten des Verbrauchers werden niemals an Dritte weitergegeben, au\u00dfer an die zust\u00e4ndigen Beh\u00f6rden.<br data-start=\"6927\" data-end=\"6930\" \/>(Siehe auch unseren Datenschutzhinweis)<\/p>\n<\/li>\n<\/ol>\n<h3 data-start=\"6973\" data-end=\"7003\">Artikel 10 \u2013 Streitf\u00e4lle<\/h3>\n<ol data-start=\"7004\" data-end=\"7438\">\n<li data-start=\"7004\" data-end=\"7130\">\n<p data-start=\"7007\" data-end=\"7130\">Auf alle \u00fcber die Website oder den Webshop geschlossenen Vertr\u00e4ge findet ausschlie\u00dflich niederl\u00e4ndisches Recht Anwendung.<\/p>\n<\/li>\n<li data-start=\"7131\" data-end=\"7253\">\n<p data-start=\"7134\" data-end=\"7253\">Auf Eink\u00e4ufe \u00fcber diese Website finden ausschlie\u00dflich die Allgemeinen Gesch\u00e4ftsbedingungen von Petit&amp;Jolie Anwendung.<\/p>\n<\/li>\n<li data-start=\"7254\" data-end=\"7438\">\n<p data-start=\"7257\" data-end=\"7438\">Beschwerden \u00fcber Produkte oder Dienstleistungen werden innerhalb von 30 Kalendertagen nach Eingang beantwortet.<br data-start=\"7368\" data-end=\"7371\" \/>Preis\u00e4nderungen und Druckfehler bleiben ausdr\u00fccklich vorbehalten.<\/p>\n<\/li>\n<\/ol>\n<p data-start=\"7440\" data-end=\"7509\">(Herunterladen der Allgemeinen Gesch\u00e4ftsbedingungen als PDF-Datei.)<\/p>\n<p>[\/vc_column_text][\/vc_column][\/vc_row]<\/p>\n<\/div>","protected":false},"excerpt":{"rendered":"<p>[vc_row][vc_column][vc_column_text css=&#8221;&#8221;] Allgemeine Gesch\u00e4ftsbedingungen Petit&amp;Jolie f\u00fcr Lieferungen an Verbraucher Artikel 1 \u2013 Unternehmensdaten Petit&amp;Jolie ist bei der Handelskammer in Utrecht eingetragen. Die Handelskammernummer lautet 58795731, die Umsatzsteuer-Identifikationsnummer lautet NL8531.85.098B01. Bei Fragen k\u00f6nnen Sie uns per E-Mail unter info@petitetjolie.nl kontaktieren. Artikel 2 \u2013 Definitionen Petit&amp;Jolie ist der Verwender dieser Allgemeinen Gesch\u00e4ftsbedingungen und Betreiber des Petit&amp;Jolie Webshops.&hellip;<\/p>\n","protected":false},"author":3,"featured_media":0,"parent":0,"menu_order":0,"comment_status":"closed","ping_status":"closed","template":"","meta":{"_joinchat":[],"footnotes":""},"class_list":["post-18739","page","type-page","status-publish","hentry","description-off"],"_links":{"self":[{"href":"https:\/\/petitetjolie.nl\/de\/wp-json\/wp\/v2\/pages\/18739","targetHints":{"allow":["GET"]}}],"collection":[{"href":"https:\/\/petitetjolie.nl\/de\/wp-json\/wp\/v2\/pages"}],"about":[{"href":"https:\/\/petitetjolie.nl\/de\/wp-json\/wp\/v2\/types\/page"}],"author":[{"embeddable":true,"href":"https:\/\/petitetjolie.nl\/de\/wp-json\/wp\/v2\/users\/3"}],"replies":[{"embeddable":true,"href":"https:\/\/petitetjolie.nl\/de\/wp-json\/wp\/v2\/comments?post=18739"}],"version-history":[{"count":2,"href":"https:\/\/petitetjolie.nl\/de\/wp-json\/wp\/v2\/pages\/18739\/revisions"}],"predecessor-version":[{"id":18746,"href":"https:\/\/petitetjolie.nl\/de\/wp-json\/wp\/v2\/pages\/18739\/revisions\/18746"}],"wp:attachment":[{"href":"https:\/\/petitetjolie.nl\/de\/wp-json\/wp\/v2\/media?parent=18739"}],"curies":[{"name":"wp","href":"https:\/\/api.w.org\/{rel}","templated":true}]}}