{"id":18697,"date":"2017-09-29T07:54:11","date_gmt":"2017-09-29T07:54:11","guid":{"rendered":"https:\/\/petitetjolie.nl\/contact\/"},"modified":"2025-10-16T09:08:24","modified_gmt":"2025-10-16T09:08:24","slug":"kontakt","status":"publish","type":"page","link":"https:\/\/petitetjolie.nl\/de\/kontakt\/","title":{"rendered":"Kontakt"},"content":{"rendered":"<div class=\"wpb-content-wrapper\"><p>[vc_row][vc_column][vc_column_text css=&#8221;&#8221;]<\/p>\n<h2 data-start=\"1206\" data-end=\"1219\"><strong data-start=\"1206\" data-end=\"1217\">Kontakt<\/strong><\/h2>\n<p data-start=\"1221\" data-end=\"1399\">Hast du eine Frage zu den Produkten von Petit&amp;Jolie, zu deiner Bestellung oder eine andere Frage? Schau dir zuerst unsere FAQ an \u2013 vielleicht findest du dort schon die Antwort.<\/p>\n<p data-start=\"1401\" data-end=\"1725\">Sollte deine Frage dort nicht beantwortet werden, schreibe uns eine E-Mail an die unten stehende Adresse oder f\u00fclle das Formular mit deinen Daten aus. Wir antworten immer innerhalb von 2 Tagen. Falls du in dieser Zeit keine Antwort erh\u00e4ltst, \u00fcberpr\u00fcfe bitte deinen Spam-Ordner \u2013 leider landen unsere E-Mails dort manchmal.<\/p>\n<p data-start=\"1727\" data-end=\"1889\">Hast du ein Gesch\u00e4ft und m\u00f6chtest du Petit&amp;Jolie ebenfalls verkaufen? Das ist m\u00f6glich! F\u00fcr weitere Informationen schreibe uns bitte an <strong data-start=\"1862\" data-end=\"1886\"><a class=\"decorated-link cursor-pointer\" rel=\"noopener\" data-start=\"1864\" data-end=\"1884\">info@petitetjolie.nl<\/a><\/strong>.<\/p>\n<p>[\/vc_column_text][\/vc_column][\/vc_row][vc_row][vc_column width=&#8221;1\/2&#8243;]\n<div class=\"wpcf7 no-js\" id=\"wpcf7-f18909-o1\" lang=\"nl-NL\" dir=\"ltr\" data-wpcf7-id=\"18909\">\n<div class=\"screen-reader-response\"><p role=\"status\" aria-live=\"polite\" aria-atomic=\"true\"><\/p> <ul><\/ul><\/div>\n<form action=\"\/de\/wp-json\/wp\/v2\/pages\/18697#wpcf7-f18909-o1\" method=\"post\" class=\"wpcf7-form init\" aria-label=\"Contactformulier\" novalidate=\"novalidate\" data-status=\"init\">\n<fieldset class=\"hidden-fields-container\"><input type=\"hidden\" name=\"_wpcf7\" value=\"18909\" \/><input type=\"hidden\" name=\"_wpcf7_version\" value=\"6.1.5\" \/><input type=\"hidden\" name=\"_wpcf7_locale\" value=\"nl_NL\" \/><input type=\"hidden\" name=\"_wpcf7_unit_tag\" value=\"wpcf7-f18909-o1\" \/><input type=\"hidden\" name=\"_wpcf7_container_post\" value=\"0\" \/><input type=\"hidden\" name=\"_wpcf7_posted_data_hash\" value=\"\" \/><input type=\"hidden\" name=\"_wpcf7_recaptcha_response\" value=\"\" \/>\n<\/fieldset>\n<p><label> Deine Name*<br \/>\n<span class=\"wpcf7-form-control-wrap\" data-name=\"your-name\"><input size=\"40\" maxlength=\"400\" class=\"wpcf7-form-control wpcf7-text wpcf7-validates-as-required\" aria-required=\"true\" aria-invalid=\"false\" value=\"\" type=\"text\" name=\"your-name\" \/><\/span> <\/label>\n<\/p>\n<p><label> E-mail Adresse*<br \/>\n<span class=\"wpcf7-form-control-wrap\" data-name=\"your-email\"><input size=\"40\" maxlength=\"400\" class=\"wpcf7-form-control wpcf7-email wpcf7-validates-as-required wpcf7-text wpcf7-validates-as-email\" aria-required=\"true\" aria-invalid=\"false\" value=\"\" type=\"email\" name=\"your-email\" \/><\/span> <\/label>\n<\/p>\n<p><label>Telefonnummer*<br \/>\n<span class=\"wpcf7-form-control-wrap\" data-name=\"telefoonnummer\"><input size=\"40\" maxlength=\"400\" class=\"wpcf7-form-control wpcf7-tel wpcf7-validates-as-required wpcf7-text wpcf7-validates-as-tel\" aria-required=\"true\" aria-invalid=\"false\" value=\"\" type=\"tel\" name=\"telefoonnummer\" \/><\/span><\/label>\n<\/p>\n<p><label> Thema<br \/>\n<span class=\"wpcf7-form-control-wrap\" data-name=\"your-subject\"><input size=\"40\" maxlength=\"400\" class=\"wpcf7-form-control wpcf7-text\" aria-invalid=\"false\" value=\"\" type=\"text\" name=\"your-subject\" \/><\/span> <\/label>\n<\/p>\n<p><label> Deine Bericht<br \/>\n<span class=\"wpcf7-form-control-wrap\" data-name=\"your-message\"><textarea cols=\"40\" rows=\"10\" maxlength=\"2000\" class=\"wpcf7-form-control wpcf7-textarea\" aria-invalid=\"false\" name=\"your-message\"><\/textarea><\/span> <\/label>\n<\/p>\n<p><label>\n\t<\/label>\n<\/p>\n<p><input class=\"wpcf7-form-control wpcf7-submit has-spinner\" type=\"submit\" value=\"Senden\" \/>\n<\/p><div class=\"wpcf7-response-output\" aria-hidden=\"true\"><\/div>\n<\/form>\n<\/div>\n[\/vc_column][vc_column width=&#8221;1\/2&#8243;][vc_single_image image=&#8221;18698&#8243; img_size=&#8221;full&#8221; alignment=&#8221;center&#8221; style=&#8221;vc_box_shadow_3d&#8221;][\/vc_column][\/vc_row]<\/p>\n<\/div>","protected":false},"excerpt":{"rendered":"<p>[vc_row][vc_column][vc_column_text css=&#8221;&#8221;] Kontakt Hast du eine Frage zu den Produkten von Petit&amp;Jolie, zu deiner Bestellung oder eine andere Frage? Schau dir zuerst unsere FAQ an \u2013 vielleicht findest du dort schon die Antwort. Sollte deine Frage dort nicht beantwortet werden, schreibe uns eine E-Mail an die unten stehende Adresse oder f\u00fclle das Formular mit deinen&hellip;<\/p>\n","protected":false},"author":3,"featured_media":0,"parent":0,"menu_order":0,"comment_status":"closed","ping_status":"closed","template":"","meta":{"_joinchat":[],"footnotes":""},"class_list":["post-18697","page","type-page","status-publish","hentry","description-off"],"_links":{"self":[{"href":"https:\/\/petitetjolie.nl\/de\/wp-json\/wp\/v2\/pages\/18697","targetHints":{"allow":["GET"]}}],"collection":[{"href":"https:\/\/petitetjolie.nl\/de\/wp-json\/wp\/v2\/pages"}],"about":[{"href":"https:\/\/petitetjolie.nl\/de\/wp-json\/wp\/v2\/types\/page"}],"author":[{"embeddable":true,"href":"https:\/\/petitetjolie.nl\/de\/wp-json\/wp\/v2\/users\/3"}],"replies":[{"embeddable":true,"href":"https:\/\/petitetjolie.nl\/de\/wp-json\/wp\/v2\/comments?post=18697"}],"version-history":[{"count":3,"href":"https:\/\/petitetjolie.nl\/de\/wp-json\/wp\/v2\/pages\/18697\/revisions"}],"predecessor-version":[{"id":18910,"href":"https:\/\/petitetjolie.nl\/de\/wp-json\/wp\/v2\/pages\/18697\/revisions\/18910"}],"wp:attachment":[{"href":"https:\/\/petitetjolie.nl\/de\/wp-json\/wp\/v2\/media?parent=18697"}],"curies":[{"name":"wp","href":"https:\/\/api.w.org\/{rel}","templated":true}]}}